{"id":849,"date":"2025-06-24T09:09:56","date_gmt":"2025-06-24T07:09:56","guid":{"rendered":"https:\/\/flotta.noblogs.org\/?page_id=849"},"modified":"2025-06-24T15:06:45","modified_gmt":"2025-06-24T13:06:45","slug":"io-capitan","status":"publish","type":"page","link":"https:\/\/flotta.noblogs.org\/it\/io-capitan\/","title":{"rendered":"Io capitan@. Il vero crimine \u00e8 il confine"},"content":{"rendered":"<h2>Io capitan@. Il vero crimine \u00e8 il confine<\/h2>\n<p>Una campagna per difendere gli atti di solidariet\u00e0 di chi aiuta le persone in movimento e per chiedere l\u2019abolizione delle norme che criminalizzano chi guida le barche, chi offre aiuto, chi salva le persone in difficolt\u00e0 durante viaggi resi mortali dal regime dei confini che \u00e8 l\u2019unico vero sistema criminale che causa centinaia di morti e che si pone a difesa delle diseguaglianze tra esseri umani.<\/p>\n<p style=\"text-align: right\"><strong>Seasters Coop<\/strong><\/p>\n<p>&nbsp;<\/p>\n<p>Prima che il tribunale di Crotone si pronunciasse per la sua piena assoluzione, l\u2019attivista curdo-iraniana Maysoon Majidi ha dovuto trascorrere in carcere 300 giorni. Nelle motivazioni della sentenza le testimonianze dei due suoi compagni di viaggio che la avevano accusata vengono definite inattendibili.<\/p>\n<p>Anche Marjan Jamali \u00e8 stata accusata di essere una scafista. Era sbarcata a Roccella Jonica nell\u2019ottobre 2023. Era con suo figlio di otto anni. Immediatamente arrestata e separata dal bambino che ha rivisto dopo 217 giorni di carcere, quando le sono stati concessi gli arresti domiciliari. Per lei la piena assoluzione \u00e8 arrivata a met\u00e0 giugno 2025.<\/p>\n<p>Entrambe sono state incriminate sulla base di testimonianze rivelatesi inconsistenti.<\/p>\n<p>Due assoluzioni a fronte di centinaia di casi di persone che si trovano a pagare il prezzo della chiusura dei confini.<\/p>\n<p>Con questa campagna intendiamo capovolgere la prospettiva che criminalizza l\u2019attraversamento delle frontiere e ogni forma di sostegno solidale alle persone in movimento.<\/p>\n<p>L\u2019articolo 12 del Testo unico sull\u2019immigrazione si intitola \u201cDisposizioni contro le immigrazioni clandestine\u201d e stabilisce che \u00e8 criminale chiunque compia \u201catti diretti a procurare illegalmente l\u2019ingresso [di migranti] nel territorio dello stato o di altro Stato del quale la persona non \u00e8 cittadina o non ha titolo di residenza permanente\u201d.<\/p>\n<p>Il linguaggio giuridico diventa un artefatto per distogliere l\u2019attenzione dalla violenza organizzata dei confini. \u00c8 questa che espone la persona \u201ca pericolo per la sua vita o per la sua incolumit\u00e0\u201d e la sottopone a \u201ctrattamento inumano o degradante\u201d, la volont\u00e0 umana di tracciare una frontiera e decidere chi stia da un lato e chi dall\u2019altro, ovvero chi pu\u00f2 vivere e chi pu\u00f2 essere lasciato morire.<\/p>\n<p>Eccolo il vero abuso: quella ferita tracciata sulla pelle della terra e di chi la abita che \u00e8 il confine. Un colpo di spada che separa le persone tra loro e dalla possibilit\u00e0 di salvezza. E per nascondere questo crimine si ricorre a un\u2019arte raffinatissima: l\u2019invenzione del nemico. Un\u2019arte che non pu\u00f2 permettersi la compassione suscitata dall\u2019immagine di quanti annegano nel Mediterraneo. Serve un cattivo. E poco importa che chi aiuta le persone in movimento non tragga da questo alcun profitto. Le norme incriminano anche la solidariet\u00e0 offerta senza alcun guadagno economico.<\/p>\n<p>E\u2019 una criminalizzazione inversa e funzionale che ha inventato la figura dello scafista, il trafficante-di-esseri-umani. E per costruirlo si rende reato ogni forma di solidariet\u00e0: offrire cibo, offrire un riparo, fornire informazioni legali o logistiche, mettersi alla guida dell\u2019imbarcazione che conduce i migranti in salvo.<\/p>\n<p>I confini sono dati come naturali e necessari. Ma sono tutt\u2019altro: ogni confine \u00e8 un fenomeno umano e come tale pu\u00f2 essere modificato. Non \u00e8 sempre esistito e non esister\u00e0 per sempre.<\/p>\n<p>Non \u00e8 un crimine attraversare le frontiere. Non \u00e8 un crimine portare in salvo le persone. Non \u00e8 un crimine arrivare in Italia e in Europa.<\/p>\n<h3>Cosa chiediamo:<\/h3>\n<ol>\n<li>L\u2019abrogazione degli articoli 12 e 12 bis del Testo unico sulle migrazioni che prevedono il reato di \u201cfavoreggiamento dell\u2019immigrazione clandestina\u201d anche in assenza dello scopo di profitto.<\/li>\n<li>L\u2019abolizione sia a livello nazionale che europeo di ogni disposizione che criminalizza l\u2019attraversamento delle frontiere nonch\u00e9 l\u2019aiuto prestato ai migranti.<\/li>\n<li>L\u2019abolizione delle politiche di esternalizzazione delle frontiere che rendono letali le rotte dei migranti per terra e per mare e criminalizzano le persone in movimento e chi presta loro aiuto nei paesi di provenienza e transito.<\/li>\n<\/ol>\n<h3>Chi siamo<\/h3>\n<p>Seasters Coop \u00e8 un progetto di vela transfemminista e popolare nata per aprire spazi di accesso al mondo della nautica, tradizionalmente maschilista e classista.<\/p>\n<p>La cooperativa con le sue due barche pratica ogni giorno una ricerca volta a riscrivere i modelli gerarchici imposti nei modelli tradizionali di marineria, a coinvolgere in attivit\u00e0 in mare donne+ di ogni estrazione sociale e culturale.<\/p>\n<p>Seasters propone un\u2019esperienza velica politica, fondata sui pilastri della solidariet\u00e0, del rispetto, della cooperazione, dell\u2019attenzione all\u2019ambiente e alle comunit\u00e0.<\/p>\n<p>Seasters \u00e8 nata per superare i confini individuali e collettivi e per riprendersi un mare di libert\u00e0 per tutt@.<\/p>\n<h3>Contacts<\/h3>\n<p><a href=\"https:\/\/www.seasters.it\/\" data-cke-saved-href=\"https:\/\/www.seasters.it\/\"><u>https:\/\/www.seasters.it\/<\/u><\/a><\/p>\n<p><a href=\"mailto:info@seasterscoop.it\" data-cke-saved-href=\"mailto:info@seasterscoop.it\"><u>info@seasters.it<\/u><\/a><\/p>\n<p>@<a href=\"https:\/\/www.instagram.com\/seasters.coop\/\" data-cke-saved-href=\"http:\/\/seasters.coop\/\"><u>seasters.coop<\/u><\/a><\/p>\n","protected":false},"excerpt":{"rendered":"<p>Io capitan@. Il vero crimine \u00e8 il confine Una campagna per difendere gli atti di solidariet\u00e0 di chi aiuta le persone in movimento e per chiedere l\u2019abolizione delle norme che criminalizzano chi guida le barche, chi offre aiuto, chi salva le persone in difficolt\u00e0 durante viaggi resi mortali dal regime dei confini che \u00e8 l\u2019unico &hellip; <\/p>\n<p class=\"link-more\"><a href=\"https:\/\/flotta.noblogs.org\/it\/io-capitan\/\" class=\"more-link\">Leggi tutto<span class=\"screen-reader-text\"> &#8220;Io capitan@. Il vero crimine \u00e8 il confine&#8221;<\/span><\/a><\/p>\n","protected":false},"author":20714,"featured_media":0,"parent":0,"menu_order":0,"comment_status":"closed","ping_status":"closed","template":"","meta":{"_locale":"it_IT","_original_post":"https:\/\/flotta.noblogs.org\/?page_id=847","footnotes":""},"class_list":["post-849","page","type-page","status-publish","hentry","it-IT"],"_links":{"self":[{"href":"https:\/\/flotta.noblogs.org\/wp-json\/wp\/v2\/pages\/849","targetHints":{"allow":["GET"]}}],"collection":[{"href":"https:\/\/flotta.noblogs.org\/wp-json\/wp\/v2\/pages"}],"about":[{"href":"https:\/\/flotta.noblogs.org\/wp-json\/wp\/v2\/types\/page"}],"author":[{"embeddable":true,"href":"https:\/\/flotta.noblogs.org\/wp-json\/wp\/v2\/users\/20714"}],"replies":[{"embeddable":true,"href":"https:\/\/flotta.noblogs.org\/wp-json\/wp\/v2\/comments?post=849"}],"version-history":[{"count":4,"href":"https:\/\/flotta.noblogs.org\/wp-json\/wp\/v2\/pages\/849\/revisions"}],"predecessor-version":[{"id":889,"href":"https:\/\/flotta.noblogs.org\/wp-json\/wp\/v2\/pages\/849\/revisions\/889"}],"wp:attachment":[{"href":"https:\/\/flotta.noblogs.org\/wp-json\/wp\/v2\/media?parent=849"}],"curies":[{"name":"wp","href":"https:\/\/api.w.org\/{rel}","templated":true}]}}