{"id":600,"date":"2025-06-12T11:24:16","date_gmt":"2025-06-12T09:24:16","guid":{"rendered":"https:\/\/flotta.noblogs.org\/?page_id=600"},"modified":"2025-06-25T00:12:39","modified_gmt":"2025-06-24T22:12:39","slug":"campagna-contro-l-estrema-destra","status":"publish","type":"page","link":"https:\/\/flotta.noblogs.org\/it\/campagna-contro-l-estrema-destra\/","title":{"rendered":"Campagna contro l&#8217;ascesa dell&#8217;estrema destra"},"content":{"rendered":"<h2>Campagna contro l&#8217;ascesa dell&#8217;estrema destra<\/h2>\n<p style=\"text-align: right\"><strong>Antifa Social Club Marseille<\/strong><\/p>\n<h3>Libert\u00e0 di movimento per tutti, per una vita dignitosa, senza frontiere o condizioni! In contrasto all&#8217;ascesa dell&#8217;estrema destra, organizziamoci!<\/h3>\n<p>Con l&#8217;<strong>Antifa Social Club Marseille, un collettivo antifascista di Marsiglia, stiamo unendo le nostre forze con f.Lotta<\/strong> e altri gruppi, perch\u00e8 in contrasto all&#8217;ascesa dell&#8217;estrema destra in Europa e nel mondo, in un periodo storico in cui le frontiere stanno diventando sempre pi\u00f9 letali e anche i pi\u00f9 semplici gesti di solidariet\u00e0 vengono repressi, \u00e8 urgente organizzarsi.<\/p>\n<p><strong>2017<\/strong>: diversi gruppi europei di estrema destra, incluso <em>G\u00e9n\u00e9ration Identitaire<\/em>, raccolgono diverse migliaia di euro lanciando una campagna per finanziare azioni &#8216;anti-migranti&#8217;. Il piano \u00e8 quello di interrompere e disturbare le operazioni di soccorso nel Mediterraneo.<\/p>\n<p><strong>2018<\/strong>: Il 5 Ottobre, circa 20 attivisti di <em>G\u00e9n\u00e9ration Identitaire<\/em> attaccano e occupano violentemente l&#8217;ufficio di <em>SOS <\/em> <em> M\u00e9diterran\u00e9e,<\/em> srotolando un cartellone con scritto &#8220;<em>SOS M\u00e9diterran\u00e9e\u00a0<\/em>complice nel traffico di esseri umani&#8221;.<\/p>\n<p><strong>2023<\/strong>: Cinque attivisti del fruppo identitario <em>D\u00e9fends Marseille<\/em> vengono arrestati dopo aver mostrato uno striscione con il messaggio &#8216;<em>Lasciamoli ritornare in Africa<\/em>&#8216; (facente eco ad affermazioni di un deputato del Resemblement National al parlamento Francese) di fronte a un concerto organizzato da <em>SOS M\u00e9diterran\u00e9e<\/em>, una ONG per il soccorso.@ASCM<\/p>\n<p><strong>2023\/2024<\/strong>: Due decreti del governo italiano impattano significativamente le operazioni nel mediterraneo centrale (decreto flussi e decreto Piantedosi); &#8220;Una deriva autoritaria; questa sembra che sia la risposta del governo italiano, in linea con l&#8217;ascesa dell&#8217;estrema destra in Europa.&#8217;@CivilMRCC<\/p>\n<p><strong>2025<\/strong>: &#8216;Diversi attivisti e giornalisti critici rispetto alle politiche italiane sull&#8217;immigrazione vengono spiate utilizzando spyware militari.&#8217;@Sea-Watch<\/p>\n<p>Within this increasingly worrying political context, <strong>the Mediterranean,<\/strong> which is the crossroads of many migration routes,<strong> is becoming increasingly prone to violence<\/strong>. States are intensifying their control and repression policies, and the institutional and small-group far right is making the expulsion and criminalisation of foreigners and the closure of borders the core of its racist agenda.<\/p>\n<p>In questo sempre pi\u00f9 preoccupante contesto politico, <strong>il Mediterraneo<\/strong>, che \u00e8 il crocevia di molte rotte migratorie, <strong>sta diventando sempre pi\u00f9 incline alla violenza<\/strong>. Gli stati intensificano i controlli e le politiche repressive mentre l&#8217;estrema destra istituzionale e minoritaria sta facendo delle espulsioni, della criminalizzazione degli stranieri e della chiusura dei confini il cuore della sua agenda razzista.<\/p>\n<p>The fight against the far right and the hardening of migration policies is not limited to the borders of a single country. It is a <strong>transnational struggle<\/strong>, because the rise of fascist and xenophobic actions and policies is an international and global phenomenon. <strong>This is neither an isolated struggle nor a new one; it stems from the need to combat a broader process based on state racism, imperialism and neocolonialism!<\/strong><\/p>\n<p>La lotta contro l&#8217;estrema destra e l&#8217;irrigidimento delle politiche migratorie non \u00e8 limitata ai confini di un solo paese.<strong> \u00c8 lotta internazionale<\/strong>, perch\u00e8 l&#8217;affermarsi di azioni e politiche fasciste e xenofobe \u00e8 un fenomeno globale e internazionale. <strong>Questa non \u00e8 n\u00e8 una lotta isolata n\u00e8 nuova\u0307; significa combattere una concezione di frontiera basata sul razzismo di stato l&#8217;imperialismo e il neo-colonialismo!<\/strong><\/p>\n<p><strong>Contro l&#8217;ascesa del razzismo internazionale, uniamoci per un mondo dove ognuno abbia il diritto a una vita dignitosa!<\/strong><\/p>\n<h3>Chi siamo<\/h3>\n<p>Siamo un collettivo antifascista con base a Marsiglia, fondato circa tre anni fa. Per noi, l&#8217;estrema destra prende sia forme istituzionali che di gruppi informali; queste due modalit\u00e0 di organizzazione sono complementari, e la lotta contro una deve essere sempre portata avanti in parallelo alla lotta contro l&#8217;altra. Crediamo che l&#8217;antifascismo debba quindi affrontare l&#8217;estrema destra in tutte le sue forme, ma anche l&#8217;universo che ne ha bisogno e che rende la sua esistenza possibile. Di conseguenza siamo convolt nei movimenti sociali, nel costruire solidariet\u00e0 attiva contro razzismo, sessismo, capitalismo, frontiere e transfobia, e sempre dalla parte dei popoli per la loro autodeterminazione.<\/p>\n<h3>Contatti<\/h3>\n<p>Sito web: <a href=\"https:\/\/ascm.noblogs.org\/\" data-cke-saved-href=\"https:\/\/ascm.noblogs.org\/\">https:\/\/ascm.noblogs.org\/<\/a><\/p>\n<p>Linktree : <a href=\"https:\/\/linktr.ee\/ascm_marseille?lt_utm_source=lt_share_link#353382027\">https:\/\/linktr.ee\/ascm_marseille?lt_utm_source=lt_share_link#353382027<\/a><br \/>\nInstagram : <a href=\"https:\/\/www.instagram.com\/antifa_social_club_marseille\/\">https:\/\/www.instagram.com\/antifa_social_club_marseille\/<\/a><br \/>\ne-mail : <a href=\"mailto:ascm@riseup.net\">ascm@riseup.net<\/a><\/p>\n","protected":false},"excerpt":{"rendered":"<p>Campagna contro l&#8217;ascesa dell&#8217;estrema destra Antifa Social Club Marseille Libert\u00e0 di movimento per tutti, per una vita dignitosa, senza frontiere o condizioni! In contrasto all&#8217;ascesa dell&#8217;estrema destra, organizziamoci! Con l&#8217;Antifa Social Club Marseille, un collettivo antifascista di Marsiglia, stiamo unendo le nostre forze con f.Lotta e altri gruppi, perch\u00e8 in contrasto all&#8217;ascesa dell&#8217;estrema destra in &hellip; <\/p>\n<p class=\"link-more\"><a href=\"https:\/\/flotta.noblogs.org\/it\/campagna-contro-l-estrema-destra\/\" class=\"more-link\">Leggi tutto<span class=\"screen-reader-text\"> &#8220;Campagna contro l&#8217;ascesa dell&#8217;estrema destra&#8221;<\/span><\/a><\/p>\n","protected":false},"author":20714,"featured_media":0,"parent":0,"menu_order":0,"comment_status":"closed","ping_status":"closed","template":"","meta":{"_locale":"it_IT","_original_post":"https:\/\/flotta.noblogs.org\/?page_id=596","footnotes":""},"class_list":["post-600","page","type-page","status-publish","hentry","it-IT"],"_links":{"self":[{"href":"https:\/\/flotta.noblogs.org\/wp-json\/wp\/v2\/pages\/600","targetHints":{"allow":["GET"]}}],"collection":[{"href":"https:\/\/flotta.noblogs.org\/wp-json\/wp\/v2\/pages"}],"about":[{"href":"https:\/\/flotta.noblogs.org\/wp-json\/wp\/v2\/types\/page"}],"author":[{"embeddable":true,"href":"https:\/\/flotta.noblogs.org\/wp-json\/wp\/v2\/users\/20714"}],"replies":[{"embeddable":true,"href":"https:\/\/flotta.noblogs.org\/wp-json\/wp\/v2\/comments?post=600"}],"version-history":[{"count":4,"href":"https:\/\/flotta.noblogs.org\/wp-json\/wp\/v2\/pages\/600\/revisions"}],"predecessor-version":[{"id":700,"href":"https:\/\/flotta.noblogs.org\/wp-json\/wp\/v2\/pages\/600\/revisions\/700"}],"wp:attachment":[{"href":"https:\/\/flotta.noblogs.org\/wp-json\/wp\/v2\/media?parent=600"}],"curies":[{"name":"wp","href":"https:\/\/api.w.org\/{rel}","templated":true}]}}