{"id":587,"date":"2025-06-12T10:41:01","date_gmt":"2025-06-12T08:41:01","guid":{"rendered":"https:\/\/flotta.noblogs.org\/?page_id=587"},"modified":"2025-06-25T00:10:42","modified_gmt":"2025-06-24T22:10:42","slug":"italia-libia-memorandum-d-intesa","status":"publish","type":"page","link":"https:\/\/flotta.noblogs.org\/it\/italia-libia-memorandum-d-intesa\/","title":{"rendered":"Campagna contro il prolungamento del Memorandum d&#8217;intesa Italia-Libia"},"content":{"rendered":"<h2 style=\"text-align: left\">Campagna contro il prolungamento del Memorandum d&#8217;intesa Italia-Libia<\/h2>\n<p style=\"text-align: right\"><strong>Refugees in Lybia<\/strong><\/p>\n<h3 style=\"text-align: left\">Il problema<\/h3>\n<p style=\"text-align: left\">Ogni anno, migliaia di persone in fuga dalle violazioni, dalla schiavit\u00f9 e dal traffico di esseri umani in Libia vengono <strong>catturate nel Mediterraneo dalla cosiddetta guardia costiera libica<\/strong>. Uomini, donne e bambini vengono respinti in <strong>orribili campi di detenzione<\/strong> e molti di loro vengono venduti a trafficanti che li torturano, li violano, li stuprano e chiedono anche ingenti riscatti. <strong>Le imbarcazioni utilizzate per le intercettazioni sono state donate dal governo italiano<\/strong> sulla base del Memorandum d&#8217;intesa con la Libia del febbraio 2017. L&#8217;Unione europea ha finanziato, addestrato, equipaggiato e sostenuto politicamente il DCIM (Dipartimento per la lotta alla migrazione illegale) e altre forze libiche per impedire alle persone di raggiungere l&#8217;Europa con qualsiasi mezzo (e con un ruolo cruciale di Frontex), nonostante le solide prove che questo memorandum ha portato a numerose violazioni dei diritti umani. I rifugiati in Libia hanno iniziato a preparare una campagna per fermare il Memorandum, che viene rinnovato ogni tre anni.<br \/>\nNel gennaio 2025 i<strong>l governo italiano ha organizzato l&#8217;immunit\u00e0 e l&#8217;impunit\u00e0 per il criminale Almasri<\/strong>, arrestato a Torino, perch\u00e9 gestisce uno dei pi\u00f9 famigerati campi di detenzione per migranti, oltre ad altre strutture di tipo concentrazionario. Nonostante i requisiti dei trattati internazionali e della legge italiana, \u00e8 stato rilasciato invece di essere detenuto e consegnato alla Corte penale internazionale. Inoltre, \u00e8 stato accompagnato in Libia con un volo sponsorizzato dallo Stato e trasportato da un aereo dei servizi segreti italiani.<\/p>\n<h3 style=\"text-align: left\">Le nostre richieste<\/h3>\n<p style=\"text-align: left\">Le principali richieste sono<br \/>\n<strong>\u2022 fermare il memorandum<\/strong><br \/>\n<strong>\u2022 rilasciare tutti i detenuti<\/strong><br \/>\n<strong>\u2022 chiudere tutti i centri di detenzione<\/strong><br \/>\n<strong>\u2022 aprire corridoi sicuri per tutti i rifugiati vulnerabili che vivono in Libia<\/strong><br \/>\n<strong>\u2022 risarcire tutte le vittime e i sopravvissuti di questa politica di respingimento concedendo visti per paesi sicuri e compensazioni economiche.<\/strong><\/p>\n<h3 style=\"text-align: left\">A proposito di questa campagna<\/h3>\n<p style=\"text-align: left\">Il governo \u00e8 rimasto in silenzio o ha cercato di presentare goffe giustificazioni sull&#8217;impunit\u00e0 concessa ad Almasry. In questa situazione il ruolo di Refugees in Libya \u00e8 diventato cruciale: le vittime del sistema libico hanno preso la parola in prima persona, spiegando al Parlamento e ai media chi \u00e8 veramente Almasri, quali sono i suoi crimini e chi sono i suoi collaboratori italiani. Grazie ai numerosi interventi, la brutale realt\u00e0 della vita dei migranti in Libia \u00e8 stata esposta al pubblico italiano come mai prima d&#8217;ora, ma ha raggiunto anche diversi media internazionali.<br \/>\nLa campagna contro il memorandum dovrebbe seguire questo successo di esposizione pubblica dello scandalo di questa collaborazione, cercando di svilupparla a livello transnazionale, coinvolgendo associazioni, istituzioni civili e religiose, ONG di soccorso, movimenti e partiti politici di opposizione, e chiunque rispetti i trattati e le convenzioni sui diritti umani.<br \/>\nLa campagna viene lanciata venerd\u00ec 20 giugno 2025 &#8211; giornata mondiale dei rifugiati &#8211; da una conferenza stampa di Rifugiati in Libia. Seguiranno una serie di eventi informativi fino a quando la campagna culminer\u00e0 in alcuni giorni di azione in uno spazio pubblico a Roma alla fine di ottobre (poich\u00e9 il 2 novembre 2025 \u00e8 la scadenza per le obiezioni ufficiali).<br \/>\nTutte le organizzazioni e gli individui sono invitati ad aderire e ad amplificare questa campagna, attraverso i loro social media ma anche sostenendo la mobilitazione e la partecipazione diretta a Roma in ottobre.<\/p>\n<h3 style=\"text-align: left\">Contatti<\/h3>\n<p style=\"text-align: left\">\u2022 Contatto per la campagna: <a href=\"mailto:stopmouitalylibya@gmail.com\">stopmouitalylibya@gmail.com<\/a><br \/>\n\u2022 Contatto di Rifugiati in Libia e dell&#8217;Alleanza: <a href=\"mailto:info@refugeesinlibya.org\">info@refugeesinlibya.org<\/a> e <a href=\"mailto:alliancewithrefugeesinlibya@gmail.com\">alliancewithrefugeesinlibya@gmail.com<\/a><br \/>\n\u2022 Sito web: <a href=\"https:\/\/www.refugeesinlibya.org\/\">https:\/\/www.refugeesinlibya.org\/<\/a><\/p>\n","protected":false},"excerpt":{"rendered":"<p>Campagna contro il prolungamento del Memorandum d&#8217;intesa Italia-Libia Refugees in Lybia Il problema Ogni anno, migliaia di persone in fuga dalle violazioni, dalla schiavit\u00f9 e dal traffico di esseri umani in Libia vengono catturate nel Mediterraneo dalla cosiddetta guardia costiera libica. Uomini, donne e bambini vengono respinti in orribili campi di detenzione e molti di &hellip; <\/p>\n<p class=\"link-more\"><a href=\"https:\/\/flotta.noblogs.org\/it\/italia-libia-memorandum-d-intesa\/\" class=\"more-link\">Leggi tutto<span class=\"screen-reader-text\"> &#8220;Campagna contro il prolungamento del Memorandum d&#8217;intesa Italia-Libia&#8221;<\/span><\/a><\/p>\n","protected":false},"author":20714,"featured_media":0,"parent":0,"menu_order":0,"comment_status":"closed","ping_status":"closed","template":"","meta":{"_locale":"it_IT","_original_post":"https:\/\/flotta.noblogs.org\/?page_id=110","footnotes":""},"class_list":["post-587","page","type-page","status-publish","hentry","it-IT"],"_links":{"self":[{"href":"https:\/\/flotta.noblogs.org\/wp-json\/wp\/v2\/pages\/587","targetHints":{"allow":["GET"]}}],"collection":[{"href":"https:\/\/flotta.noblogs.org\/wp-json\/wp\/v2\/pages"}],"about":[{"href":"https:\/\/flotta.noblogs.org\/wp-json\/wp\/v2\/types\/page"}],"author":[{"embeddable":true,"href":"https:\/\/flotta.noblogs.org\/wp-json\/wp\/v2\/users\/20714"}],"replies":[{"embeddable":true,"href":"https:\/\/flotta.noblogs.org\/wp-json\/wp\/v2\/comments?post=587"}],"version-history":[{"count":4,"href":"https:\/\/flotta.noblogs.org\/wp-json\/wp\/v2\/pages\/587\/revisions"}],"predecessor-version":[{"id":606,"href":"https:\/\/flotta.noblogs.org\/wp-json\/wp\/v2\/pages\/587\/revisions\/606"}],"wp:attachment":[{"href":"https:\/\/flotta.noblogs.org\/wp-json\/wp\/v2\/media?parent=587"}],"curies":[{"name":"wp","href":"https:\/\/api.w.org\/{rel}","templated":true}]}}