{"id":490,"date":"2025-06-11T09:16:17","date_gmt":"2025-06-11T07:16:17","guid":{"rendered":"https:\/\/flotta.noblogs.org\/?page_id=490"},"modified":"2025-08-02T10:21:38","modified_gmt":"2025-08-02T08:21:38","slug":"call-to-action","status":"publish","type":"page","link":"https:\/\/flotta.noblogs.org\/it\/call-to-action\/","title":{"rendered":"Attivati"},"content":{"rendered":"\n<div class=\"wp-block-columns is-layout-flex wp-container-core-columns-is-layout-9d6595d7 wp-block-columns-is-layout-flex\">\n<div class=\"wp-block-column is-layout-flow wp-block-column-is-layout-flow\">\n<figure class=\"wp-block-image size-full\"><img loading=\"lazy\" decoding=\"async\" width=\"400\" height=\"550\" src=\"https:\/\/flotta.noblogs.org\/files\/2025\/07\/Artboard-1.png\" alt=\"\" class=\"wp-image-1827\" srcset=\"https:\/\/flotta.noblogs.org\/files\/2025\/07\/Artboard-1.png 400w, https:\/\/flotta.noblogs.org\/files\/2025\/07\/Artboard-1-218x300.png 218w\" sizes=\"auto, (max-width: 400px) 100vw, 400px\" \/><\/figure>\n<\/div>\n\n\n\n<div class=\"wp-block-column is-layout-flow wp-block-column-is-layout-flow\">\n<p>Questa \u00e8 <strong>una chiamata a tutti gli individui e i gruppi nella Fortezza Europa<\/strong>.<\/p>\n\n\n\n<p>f.Lotta \u00e8 <strong>un grido di protesta<\/strong> da parte della societ\u00e0 civile, un appello a rifiutare la normalizzazione della violenza del sistema dei confini e delle frontiere. Unisciti a noi!<\/p>\n\n\n\n<p>Il nostro contatto: <a href=\"mailto:f_lotta@inventati.org\">f_lotta@inventati.org<\/a>&nbsp;<\/p>\n\n\n\n<p>Con o senza barca, in mare e a terra: ci sono molti modi per far parte del movimento. <strong>Per esempio<\/strong>:&nbsp;<\/p>\n<\/div>\n<\/div>\n\n\n\n<h2 class=\"wp-block-heading\" id=\"barca\"><br>1. Prendete la vostra barca, quella di un\u0259 vostr\u0259 amic\u0259, o rubate uno yatch e diventiamo f.Lotta assieme<\/h2>\n\n\n\n<p>Pi\u00f9 barche siamo, pi\u00f9 rumore faremo! Se avete amic\u0259 con barche che potrebbero essere interessat\u0259 a unirsi a f.Lotta, o amic\u0259 di amic\u0259, parlate loro della protesta e metteteci in contatto!<\/p>\n\n\n\n<h2 class=\"wp-block-heading\" id=\"flottineit\">2. f.Lottine<\/h2>\n\n\n\n<p>Una f.Lottina \u00e8 un&#8217;occupazione del mare parallela a quella di Lampedusa. Facilita la partecipazione di barche pi\u00f9 lontane e amplifica il messaggio di f.Lotta. Tante proteste in mare creano un assedio collettivo contro la Fortezza Europa.&nbsp;<\/p>\n\n\n\n<p>Ci sono gi\u00e0 molte f.Lottine che si stanno mobilitando. Se avete una barca e volete partecipare all&#8217;azione diretta, ma Lampedusa \u00e8 troppo lontana, contattateci!<\/p>\n\n\n\n<h2 class=\"wp-block-heading\" id=\"terra\">3. f.Lotta di terra<\/h2>\n\n\n\n<p>Le occupazioni di mare sono l&#8217;inizio dell&#8217;azione, non la sua fine. Abbiamo bisogno di portare nei territori iniziative che respingano l&#8217;influenza dell&#8217;estrema destra e dei valori a cui fa riferimento.<br><br>Hai la possibilit\u00e0 di organizzare eventi di terra? Che siano degli incontri, delle proiezioni, delle proteste, dei sit-in di fronte al centro di deportazione della tua citt\u00e0: diventa parte della f.Lotta di terra. Prima e dopo l&#8217;azione, sabotiamo il sistema assieme.&nbsp;<\/p>\n\n\n\n<h2 class=\"wp-block-heading\" id=\"piattaforma\">4. Arricchisci la piattaforma politica<\/h2>\n\n\n\n<p>Fate parte di un gruppo che lavora o ha gi\u00e0 sviluppato una campagna specifica, legata alla libert\u00e0 di movimento, e che pu\u00f2 far parte della piattaforma politica di f.Lotta? Scriveteci!&nbsp;<\/p>\n\n\n\n<p>Abbiamo creato OCOB: One Campaign One Boat. Cercheremo di avere una barca associata ad ogni campagna durante la protesta in mare, per portare tutte le campagne in mare con noi. Se vi chiedete quali siano i collegamenti con la libert\u00e0 di movimento, non preoccupatevi troppo: le lotte sono intersezionali!<\/p>\n\n\n\n<h2 class=\"wp-block-heading\" id=\"messaggio\">5. Parla e scrivi di noi<\/h2>\n\n\n\n<p>Alla tua radio locale o al tuo giornale compagno. Puoi controllare la nostra pagina media per trovare i comunicati stampa e il media kit, e puoi sempre scriverci all&#8217;indirizzo media: <a href=\"mailto:press.flotta@inventati.org\">press.flotta@inventati.org<\/a><\/p>\n\n\n\n<p>Alla tua famiglia e persone amiche: non si sa mai quali connessioni si creano, cosa pu\u00f2 uscirne. Abbiamo dei&nbsp;<strong><a href=\"https:\/\/flotta.noblogs.org\/media\/#flyer\">flyers<\/a><\/strong>&nbsp;e poster da diffondere nelle tue citt\u00e0, e altro materiale se ti serve: chiedilo!<\/p>\n\n\n\n<p>Parassitiamo i social media. Diffondi questa chiamata. Mobilizziamo il pi\u00f9 gran numero di persone. Siamo spontanee, orizzontali, rivolte verso l&#8217;azione diretta. Queste di sopra rappresentano solo qualche idea, ma se ne hai un&#8217;altra \u00e8 ben venuta!<\/p>\n\n\n\n<h2 class=\"wp-block-heading\" id=\"dichiarazione\">6. Dichiarazione pubblica da parte di un gruppo<\/h2>\n\n\n\n<p>Se sei un gruppo, un collettivo o un&#8217;associazione, puoi supportare f.Lotta prendendo una posizionamento pubblico in suo favore.<\/p>\n\n\n\n<ul class=\"wp-block-list\">\n<li>Firma <a href=\"https:\/\/cryptpad.fr\/form\/#\/3\/form\/view\/93c1c374928b4719dad0caeafc47bfe0\/\"><strong>questa dichiarazione<\/strong><\/a> e pubblicala sul tuo sito web (<a href=\"https:\/\/flotta.noblogs.org\/files\/2025\/08\/flotta-statement-it.pdf\" data-type=\"attachment\" data-id=\"2191\">se vuoi, puoi usare questo .pdf<\/a>)&nbsp;<\/li>\n\n\n\n<li>Posta la <a href=\"https:\/\/cryptpad.fr\/file\/#\/2\/file\/Zz1JfEN3SeSrfAAWfNHvN0t9\/\"><strong>versione instagram<\/strong><\/a> e se vuoi adattala! Non ti dimenticare di taggarci nel post e in descrizione @f.lotta_ Se hai domande, non esitare a scriverci direttamente su <a href=\"https:\/\/www.instagram.com\/f.lotta_\">Instagram<\/a>.<\/li>\n<\/ul>\n\n\n\n<h2 class=\"wp-block-heading\" id=\"sostienici\">7. Aiutaci a diffondere la nostra raccolta fondi<\/h2>\n\n\n\n<p>L&#8217;abbiamo iniziata per supportare l&#8217;azione in mare. La puoi <a href=\"https:\/\/www.produzionidalbasso.com\/project\/f-lotta\/\"><strong>trovare qui.<\/strong><\/a><\/p>\n\n\n\n<div style=\"height:20px\" aria-hidden=\"true\" class=\"wp-block-spacer\"><\/div>\n\n\n\n<figure class=\"wp-block-image size-large\"><img loading=\"lazy\" decoding=\"async\" width=\"1024\" height=\"743\" src=\"https:\/\/flotta.noblogs.org\/files\/2025\/07\/Protest4kiki-1024x743.png\" alt=\"\" class=\"wp-image-1881\" srcset=\"https:\/\/flotta.noblogs.org\/files\/2025\/07\/Protest4kiki-1024x743.png 1024w, https:\/\/flotta.noblogs.org\/files\/2025\/07\/Protest4kiki-300x218.png 300w, https:\/\/flotta.noblogs.org\/files\/2025\/07\/Protest4kiki-768x557.png 768w, https:\/\/flotta.noblogs.org\/files\/2025\/07\/Protest4kiki.png 1325w\" sizes=\"auto, (max-width: 767px) 89vw, (max-width: 1000px) 54vw, (max-width: 1071px) 543px, 580px\" \/><\/figure>\n","protected":false},"excerpt":{"rendered":"<p>Questa \u00e8 una chiamata a tutti gli individui e i gruppi nella Fortezza Europa. f.Lotta \u00e8 un grido di protesta da parte della societ\u00e0 civile, un appello a rifiutare la normalizzazione della violenza del sistema dei confini e delle frontiere. Unisciti a noi! Il nostro contatto: f_lotta@inventati.org&nbsp; Con o senza barca, in mare e a &hellip; <\/p>\n<p class=\"link-more\"><a href=\"https:\/\/flotta.noblogs.org\/it\/call-to-action\/\" class=\"more-link\">Leggi tutto<span class=\"screen-reader-text\"> &#8220;Attivati&#8221;<\/span><\/a><\/p>\n","protected":false},"author":20714,"featured_media":0,"parent":0,"menu_order":0,"comment_status":"closed","ping_status":"closed","template":"","meta":{"_locale":"it_IT","_original_post":"https:\/\/flotta.noblogs.org\/?page_id=452","footnotes":""},"class_list":["post-490","page","type-page","status-publish","hentry","it-IT"],"_links":{"self":[{"href":"https:\/\/flotta.noblogs.org\/wp-json\/wp\/v2\/pages\/490","targetHints":{"allow":["GET"]}}],"collection":[{"href":"https:\/\/flotta.noblogs.org\/wp-json\/wp\/v2\/pages"}],"about":[{"href":"https:\/\/flotta.noblogs.org\/wp-json\/wp\/v2\/types\/page"}],"author":[{"embeddable":true,"href":"https:\/\/flotta.noblogs.org\/wp-json\/wp\/v2\/users\/20714"}],"replies":[{"embeddable":true,"href":"https:\/\/flotta.noblogs.org\/wp-json\/wp\/v2\/comments?post=490"}],"version-history":[{"count":14,"href":"https:\/\/flotta.noblogs.org\/wp-json\/wp\/v2\/pages\/490\/revisions"}],"predecessor-version":[{"id":3279,"href":"https:\/\/flotta.noblogs.org\/wp-json\/wp\/v2\/pages\/490\/revisions\/3279"}],"wp:attachment":[{"href":"https:\/\/flotta.noblogs.org\/wp-json\/wp\/v2\/media?parent=490"}],"curies":[{"name":"wp","href":"https:\/\/api.w.org\/{rel}","templated":true}]}}