{"id":468,"date":"2025-06-10T11:11:24","date_gmt":"2025-06-10T09:11:24","guid":{"rendered":"https:\/\/flotta.noblogs.org\/?page_id=468"},"modified":"2025-08-23T07:40:42","modified_gmt":"2025-08-23T05:40:42","slug":"11-2","status":"publish","type":"page","link":"https:\/\/flotta.noblogs.org\/","title":{"rendered":"f.Lotta"},"content":{"rendered":"\n<h2 class=\"wp-block-heading\">Lottiamo per la <strong>libert\u00e0 di movimento<\/strong> per tutte e tutti, senza condizioni!<\/h2>\n\n\n\n<div style=\"height:30px\" aria-hidden=\"true\" class=\"wp-block-spacer\"><\/div>\n\n\n\n<figure class=\"wp-block-image size-large\"><img loading=\"lazy\" decoding=\"async\" width=\"1024\" height=\"427\" src=\"https:\/\/flotta.noblogs.org\/files\/2025\/07\/occupazione-del-mare-3@2x-1024x427.png\" alt=\"\" class=\"wp-image-1835\" srcset=\"https:\/\/flotta.noblogs.org\/files\/2025\/07\/occupazione-del-mare-3@2x-1024x427.png 1024w, https:\/\/flotta.noblogs.org\/files\/2025\/07\/occupazione-del-mare-3@2x-300x125.png 300w, https:\/\/flotta.noblogs.org\/files\/2025\/07\/occupazione-del-mare-3@2x-768x320.png 768w, https:\/\/flotta.noblogs.org\/files\/2025\/07\/occupazione-del-mare-3@2x-1536x640.png 1536w, https:\/\/flotta.noblogs.org\/files\/2025\/07\/occupazione-del-mare-3@2x-2048x853.png 2048w\" sizes=\"auto, (max-width: 767px) 89vw, (max-width: 1000px) 54vw, (max-width: 1071px) 543px, 580px\" \/><\/figure>\n\n\n\n<h3 class=\"wp-block-heading\">Il&nbsp; Mediterraneo centrale \u00e8 diventato un&#8217;autostrada per armi e merci, e un cimitero per le persone. Questo \u00e8 il risultato di <strong>Fortezza Europa: un progetto razzista, capitalista e neocoloniale.<\/strong><\/h3>\n\n\n\n<h3 class=\"wp-block-heading\">Rifiutiamo le politiche dell\u2019odio e della divisione, rifiutiamo la normalizzazione. Sappiamo che un presente diverso \u00e8 possibile.<\/h3>\n\n\n\n<h3 class=\"wp-block-heading\">Stiamo preparando <strong>una massiccia occupazione del mare a met\u00e0 settembre 2025, a sud di Lampedusa.<\/strong><\/h3>\n\n\n\n<div class=\"wp-block-columns is-layout-flex wp-container-core-columns-is-layout-9d6595d7 wp-block-columns-is-layout-flex\">\n<div class=\"wp-block-column is-layout-flow wp-block-column-is-layout-flow\" style=\"flex-basis:33.33%\">\n<p><\/p>\n\n\n\n<p><\/p>\n\n\n\n<h3 class=\"wp-block-heading\">Siamo un movimento indipendente, orizzontale e auto-organizzato.<\/h3>\n\n\n\n<h2 class=\"wp-block-heading\"><strong>Siamo f.Lotta.<\/strong><\/h2>\n<\/div>\n\n\n\n<div class=\"wp-block-column is-layout-flow wp-block-column-is-layout-flow\" style=\"flex-basis:66.66%\">\n<figure class=\"wp-block-image size-large\"><img loading=\"lazy\" decoding=\"async\" width=\"991\" height=\"1024\" src=\"https:\/\/flotta.noblogs.org\/files\/2025\/07\/Handalaccccccc-991x1024.png\" alt=\"\" class=\"wp-image-1776\" srcset=\"https:\/\/flotta.noblogs.org\/files\/2025\/07\/Handalaccccccc-991x1024.png 991w, https:\/\/flotta.noblogs.org\/files\/2025\/07\/Handalaccccccc-290x300.png 290w, https:\/\/flotta.noblogs.org\/files\/2025\/07\/Handalaccccccc-768x794.png 768w, https:\/\/flotta.noblogs.org\/files\/2025\/07\/Handalaccccccc.png 1273w\" sizes=\"auto, (max-width: 767px) 89vw, (max-width: 1000px) 54vw, (max-width: 1071px) 543px, 580px\" \/><\/figure>\n<\/div>\n<\/div>\n\n\n\n<div style=\"height:30px\" aria-hidden=\"true\" class=\"wp-block-spacer\"><\/div>\n\n\n\n<h2 class=\"wp-block-heading\"><a href=\"https:\/\/www.produzionidalbasso.com\/project\/f-lotta\/\" data-type=\"link\" data-id=\"https:\/\/www.produzionidalbasso.com\/project\/f-lotta\/\"><strong>Crowdfunding<\/strong><\/a><\/h2>\n\n\n\n<p>Il buon vento e la buona volont\u00e0 da soli non basteranno a raggiungere questo obiettivo. Se puoi, sostieni f.Lotta finanziariamente!<\/p>\n\n\n\n<p>Il tuo sostegno ci protegger\u00e0 da eventi imprevisti e ci permetter\u00e0 di comunicare nel modo pi\u00f9 efficace possibile.<\/p>\n\n\n\n<p><strong><a href=\"https:\/\/www.produzionidalbasso.com\/project\/f-lotta\/\" data-type=\"link\" data-id=\"https:\/\/www.produzionidalbasso.com\/project\/f-lotta\/\">Fai una donazione alla nostra campagna<\/a><\/strong> di crowdfunding e aiutaci a tenere a galla f.Lotta!<\/p>\n\n\n\n<p><\/p>\n","protected":false},"excerpt":{"rendered":"<p>Lottiamo per la libert\u00e0 di movimento per tutte e tutti, senza condizioni! Il&nbsp; Mediterraneo centrale \u00e8 diventato un&#8217;autostrada per armi e merci, e un cimitero per le persone. Questo \u00e8 il risultato di Fortezza Europa: un progetto razzista, capitalista e neocoloniale. Rifiutiamo le politiche dell\u2019odio e della divisione, rifiutiamo la normalizzazione. Sappiamo che un presente &hellip; <\/p>\n<p class=\"link-more\"><a href=\"https:\/\/flotta.noblogs.org\/\" class=\"more-link\">Leggi tutto<span class=\"screen-reader-text\"> &#8220;f.Lotta&#8221;<\/span><\/a><\/p>\n","protected":false},"author":20714,"featured_media":0,"parent":0,"menu_order":0,"comment_status":"closed","ping_status":"closed","template":"","meta":{"_locale":"it_IT","_original_post":"https:\/\/flotta.noblogs.org\/?page_id=11","footnotes":""},"class_list":["post-468","page","type-page","status-publish","hentry","it-IT"],"_links":{"self":[{"href":"https:\/\/flotta.noblogs.org\/wp-json\/wp\/v2\/pages\/468","targetHints":{"allow":["GET"]}}],"collection":[{"href":"https:\/\/flotta.noblogs.org\/wp-json\/wp\/v2\/pages"}],"about":[{"href":"https:\/\/flotta.noblogs.org\/wp-json\/wp\/v2\/types\/page"}],"author":[{"embeddable":true,"href":"https:\/\/flotta.noblogs.org\/wp-json\/wp\/v2\/users\/20714"}],"replies":[{"embeddable":true,"href":"https:\/\/flotta.noblogs.org\/wp-json\/wp\/v2\/comments?post=468"}],"version-history":[{"count":8,"href":"https:\/\/flotta.noblogs.org\/wp-json\/wp\/v2\/pages\/468\/revisions"}],"predecessor-version":[{"id":3237,"href":"https:\/\/flotta.noblogs.org\/wp-json\/wp\/v2\/pages\/468\/revisions\/3237"}],"wp:attachment":[{"href":"https:\/\/flotta.noblogs.org\/wp-json\/wp\/v2\/media?parent=468"}],"curies":[{"name":"wp","href":"https:\/\/api.w.org\/{rel}","templated":true}]}}