{"id":4128,"date":"2025-09-08T10:03:45","date_gmt":"2025-09-08T08:03:45","guid":{"rendered":"https:\/\/flotta.noblogs.org\/?page_id=4128"},"modified":"2025-09-14T13:23:14","modified_gmt":"2025-09-14T11:23:14","slug":"no-pipelines-no-borders","status":"publish","type":"page","link":"https:\/\/flotta.noblogs.org\/it\/no-pipelines-no-borders\/","title":{"rendered":"No Pipelines, No Borders \u2013 Il mare appartiene a tutti"},"content":{"rendered":"\n<div style=\"height:1px\" aria-hidden=\"true\" id=\"smellgas\" class=\"wp-block-spacer\"><\/div>\n\n\n\n<div class=\"wp-block-columns is-layout-flex wp-container-core-columns-is-layout-9d6595d7 wp-block-columns-is-layout-flex\">\n<div class=\"wp-block-column is-layout-flow wp-block-column-is-layout-flow\" style=\"flex-basis:40%\">\n<h2 class=\"wp-block-heading\">No Pipelines, No Borders \u2013 Il mare appartiene a tutti<\/h2>\n<\/div>\n\n\n\n<div class=\"wp-block-column is-layout-flow wp-block-column-is-layout-flow\" style=\"flex-basis:60%\">\n<figure data-wp-context=\"{&quot;imageId&quot;:&quot;69fc73169f199&quot;}\" data-wp-interactive=\"core\/image\" data-wp-key=\"69fc73169f199\" class=\"wp-block-image size-full wp-lightbox-container\"><img loading=\"lazy\" decoding=\"async\" width=\"1920\" height=\"2560\" data-wp-class--hide=\"state.isContentHidden\" data-wp-class--show=\"state.isContentVisible\" data-wp-init=\"callbacks.setButtonStyles\" data-wp-on--click=\"actions.showLightbox\" data-wp-on--load=\"callbacks.setButtonStyles\" data-wp-on-window--resize=\"callbacks.setButtonStyles\" src=\"https:\/\/flotta.noblogs.org\/files\/2025\/08\/we-smell-gas-scaled.png\" alt=\"\" class=\"wp-image-2907\" srcset=\"https:\/\/flotta.noblogs.org\/files\/2025\/08\/we-smell-gas-scaled.png 1920w, https:\/\/flotta.noblogs.org\/files\/2025\/08\/we-smell-gas-225x300.png 225w, https:\/\/flotta.noblogs.org\/files\/2025\/08\/we-smell-gas-768x1024.png 768w, https:\/\/flotta.noblogs.org\/files\/2025\/08\/we-smell-gas-1152x1536.png 1152w, https:\/\/flotta.noblogs.org\/files\/2025\/08\/we-smell-gas-1536x2048.png 1536w\" sizes=\"auto, (max-width: 767px) 89vw, (max-width: 1000px) 54vw, (max-width: 1071px) 543px, 580px\" \/><button\n\t\t\tclass=\"lightbox-trigger\"\n\t\t\ttype=\"button\"\n\t\t\taria-haspopup=\"dialog\"\n\t\t\taria-label=\"Ingrandisci\"\n\t\t\tdata-wp-init=\"callbacks.initTriggerButton\"\n\t\t\tdata-wp-on--click=\"actions.showLightbox\"\n\t\t\tdata-wp-style--right=\"state.imageButtonRight\"\n\t\t\tdata-wp-style--top=\"state.imageButtonTop\"\n\t\t>\n\t\t\t<svg xmlns=\"http:\/\/www.w3.org\/2000\/svg\" width=\"12\" height=\"12\" fill=\"none\" viewBox=\"0 0 12 12\">\n\t\t\t\t<path fill=\"#fff\" d=\"M2 0a2 2 0 0 0-2 2v2h1.5V2a.5.5 0 0 1 .5-.5h2V0H2Zm2 10.5H2a.5.5 0 0 1-.5-.5V8H0v2a2 2 0 0 0 2 2h2v-1.5ZM8 12v-1.5h2a.5.5 0 0 0 .5-.5V8H12v2a2 2 0 0 1-2 2H8Zm2-12a2 2 0 0 1 2 2v2h-1.5V2a.5.5 0 0 0-.5-.5H8V0h2Z\" \/>\n\t\t\t<\/svg>\n\t\t<\/button><\/figure>\n\n\n\n<p class=\"has-text-align-center has-text-color has-link-color wp-elements-faa94bec9b52c1664f7ca31f51ae2df7\" style=\"color:#e31c79\"><strong>We Smell&nbsp;Gas<\/strong><\/p>\n<\/div>\n<\/div>\n\n\n\n<div style=\"height:20px\" aria-hidden=\"true\" class=\"wp-block-spacer\"><\/div>\n\n\n\n<p class=\"has-text-align-right\">leggi la <a href=\"https:\/\/www.wesmellgas.org\/resources\/0100-ar\" data-type=\"link\" data-id=\"https:\/\/www.wesmellgas.org\/resources\/0100-ar\" target=\"_blank\" rel=\"noreferrer noopener\">versione in arabo<\/a> della campagna<\/p>\n\n\n\n<p class=\"has-text-align-right\">leggi la <a href=\"https:\/\/www.wesmellgas.org\/resources\/0100-tr\" data-type=\"link\" data-id=\"https:\/\/www.wesmellgas.org\/resources\/0100-tr\" target=\"_blank\" rel=\"noreferrer noopener\">versione in turco<\/a> della campagna<\/p>\n\n\n\n<div style=\"height:20px\" aria-hidden=\"true\" class=\"wp-block-spacer\"><\/div>\n\n\n\n<pre class=\"wp-block-preformatted has-white-color has-text-color has-link-color has-medium-font-size wp-elements-e22d9dbf7017480c63b2439895b72d08\">WeSmellGas si unisce con orgoglio all'occupazione di massa del Mediterraneo centrale da parte di f.Lotta, portando la giustizia climatica ed energetica nella lotta per un mare libero dalla violenza e dallo sfruttamento, per un mondo in cui la salute, l'autodeterminazione, l'ecologia e la libera circolazione appartengano a tutti.<\/pre>\n\n\n\n<div style=\"height:20px\" aria-hidden=\"true\" class=\"wp-block-spacer\"><\/div>\n\n\n\n<p>Nel Mar Mediterraneo, la catastrofe ambientale e la violenza alle frontiere sono due facce della stessa medaglia. L&#8217;imperialismo europeo continua a convogliare le risorse verso il centro imperiale, mentre le popolazioni vengono derubate delle loro terre, delle loro risorse idriche ed energetiche e private della libert\u00e0 di movimento. Le stesse armi e gli stessi muri che proteggono oleodotti, navi e banche uccidono coloro che sono costretti a cercare dignit\u00e0 e un futuro vivibile. Ecco perch\u00e9 la libert\u00e0 di movimento e la giustizia energetica vanno di pari passo.<\/p>\n\n\n\n<div style=\"height:30px\" aria-hidden=\"true\" class=\"wp-block-spacer\"><\/div>\n\n\n\n<h3 class=\"wp-block-heading\">Il Mar Mediterraneo come zona di sacrificio<\/h3>\n\n\n\n<div style=\"height:20px\" aria-hidden=\"true\" class=\"wp-block-spacer\"><\/div>\n\n\n\n<p>Il Mar Mediterraneo, importante fonte di vita, \u00e8 stato trasformato in una zona di sacrificio. Il sistema capitalista in cui viviamo richiede questo brutale sacrificio di luoghi, popoli e natura per mantenere il flusso dei profitti.&nbsp;<\/p>\n\n\n\n<p>Le risorse energetiche estratte circolano liberamente lasciandosi dietro terre distrutte, ecosistemi inquinati, mezzi di sussistenza precari e case e sogni rubati, mentre le persone in movimento si scontrano con confini omicidi.<\/p>\n\n\n\n<p>L&#8217;industria energetica devasta la terra e la vita, con un impatto su milioni di persone, solo per arricchire pochi potenti. Ed \u00e8 attraverso i confini che il sistema contiene le conseguenze di questa distruzione, tenendo la sofferenza lontana dalla vista e sotto controllo. Non solo gli speculatori dell&#8217;energia fanno affidamento sui confini nazionali, ma vanno anche oltre e impongono nuovi muri e recinzioni alle comunit\u00e0 nelle terre sottratte, nei cosiddetti parchi di \u201cconservazione\u201d e nelle zone interne di estrazione, per nascondere e mascherare con il greenwashing la violenza che sta al centro delle loro azioni.<\/p>\n\n\n\n<p>Allo stesso tempo, il regime di frontiera dell&#8217;UE \u00e8 un&#8217;industria redditizia a s\u00e9 stante, che utilizza armi, sorveglianza e polizia per proteggere i confini tracciati dalla storia coloniale. Sostiene il nazionalismo in Europa e approfondisce l&#8217;instabilit\u00e0 e la dipendenza dei popoli in Africa, Asia e oltre.<\/p>\n\n\n\n<div style=\"height:30px\" aria-hidden=\"true\" class=\"wp-block-spacer\"><\/div>\n\n\n\n<h3 class=\"wp-block-heading\">Unire i puntini<\/h3>\n\n\n\n<div style=\"height:20px\" aria-hidden=\"true\" class=\"wp-block-spacer\"><\/div>\n\n\n\n<figure class=\"wp-block-image size-full\"><img loading=\"lazy\" decoding=\"async\" width=\"960\" height=\"479\" src=\"https:\/\/flotta.noblogs.org\/files\/2025\/08\/484544024_2701196686738336_1311542611220779321_n.jpg\" alt=\"\" class=\"wp-image-2924\" srcset=\"https:\/\/flotta.noblogs.org\/files\/2025\/08\/484544024_2701196686738336_1311542611220779321_n.jpg 960w, https:\/\/flotta.noblogs.org\/files\/2025\/08\/484544024_2701196686738336_1311542611220779321_n-300x150.jpg 300w, https:\/\/flotta.noblogs.org\/files\/2025\/08\/484544024_2701196686738336_1311542611220779321_n-768x383.jpg 768w\" sizes=\"auto, (max-width: 767px) 89vw, (max-width: 1000px) 54vw, (max-width: 1071px) 543px, 580px\" \/><\/figure>\n\n\n\n<div style=\"height:20px\" aria-hidden=\"true\" class=\"wp-block-spacer\"><\/div>\n\n\n\n<p>In tutto il mondo, le compagnie energetiche alimentano guerre e sfollamenti forzati. Rubano il gas fossile palestinese durante un genocidio trasmesso in diretta streaming e alimentano i jet dell&#8217;entit\u00e0 sionista. Traggono profitto dal genocidio nel Darfur\/Sudan, mentre i gasdotti attraversano terre devastate dalla guerra e affamate. Perforano terre ancestrali e deserti sacri in Namibia, alla ricerca di combustibili fossili a scapito degli ecosistemi. Continuano a rendere invivibili e inquinati terreni e fiumi ricchi nel bacino del Congo, in Mozambico e in Niger. Mentre cercano di nascondere il danno che causano, cercano di ingannarci facendoci credere che stanno lavorando per un mondo \u201cpi\u00f9 verde\u201d e \u201cpi\u00f9 sicuro\u201d. Ma pi\u00f9 sicuro per chi? Per il grande capitale, i politici europei e le loro \u00e9lite, non per la maggioranza globale.<\/p>\n\n\n\n<p>Anche all&#8217;interno dell&#8217;Europa, la periferia emarginata e sottorappresentata dell&#8217;Europa, le numerose popolazioni razzializzate e le regioni del sud e dell&#8217;est vengono sacrificate per il profitto di pochi. Mentre milioni di persone lottano per sbarcare il lunario con bollette energetiche e costi della vita in aumento, le aziende di combustibili fossili registrano profitti record. Anzich\u00e9 investire nell&#8217;assistenza, nella sanit\u00e0 e in un&#8217;economia pi\u00f9 equa, i governi europei spendono miliardi in combustibili fossili, armi e frontiere, e usano gli \u201cstranieri\u201d come capri espiatori per fomentare sentimenti nazionalisti.<\/p>\n\n\n\n<p>Nel frattempo, la nostra capacit\u00e0 collettiva di resistere, agire e muoverci liberamente nel mondo \u00e8 sotto attacco. Sebbene diverse in termini di razza e classe sociale, l&#8217;oppressione dei migranti e delle persone in movimento, dei poveri, dei difensori della terra e degli organizzatori si assomiglia sempre di pi\u00f9. Le misure \u201cantiterrorismo\u201d e gli Stati di polizia vogliono sopprimere la resistenza delle persone, la loro consapevolezza politica e la loro azione.<\/p>\n\n\n\n<div style=\"height:20px\" aria-hidden=\"true\" class=\"wp-block-spacer\"><\/div>\n\n\n\n<figure class=\"wp-block-image size-full\"><img loading=\"lazy\" decoding=\"async\" width=\"1920\" height=\"1080\" src=\"https:\/\/flotta.noblogs.org\/files\/2025\/08\/Image1.webp\" alt=\"\" class=\"wp-image-3302\" srcset=\"https:\/\/flotta.noblogs.org\/files\/2025\/08\/Image1.webp 1920w, https:\/\/flotta.noblogs.org\/files\/2025\/08\/Image1-300x169.webp 300w, https:\/\/flotta.noblogs.org\/files\/2025\/08\/Image1-1024x576.webp 1024w, https:\/\/flotta.noblogs.org\/files\/2025\/08\/Image1-768x432.webp 768w, https:\/\/flotta.noblogs.org\/files\/2025\/08\/Image1-1536x864.webp 1536w\" sizes=\"auto, (max-width: 767px) 89vw, (max-width: 1000px) 54vw, (max-width: 1071px) 543px, 580px\" \/><\/figure>\n\n\n\n<div style=\"height:40px\" aria-hidden=\"true\" class=\"wp-block-spacer\"><\/div>\n\n\n\n<h3 class=\"wp-block-heading\">The Mediterranean \u00e8 una zona di resistenza collettiva!<\/h3>\n\n\n\n<div class=\"wp-block-columns is-layout-flex wp-container-core-columns-is-layout-9d6595d7 wp-block-columns-is-layout-flex\">\n<div class=\"wp-block-column is-layout-flow wp-block-column-is-layout-flow\" style=\"flex-basis:50%\">\n<p><br>Ma ovunque ci sia un oleodotto estrattivo, ovunque ci sia un confine violento, c&#8217;\u00e8 anche resistenza. Mentre le aziende, le banche e i governi cercano di mantenere i loro sistemi ingiusti e insostenibili, i movimenti sociali di tutto il mondo lottano per soluzioni reali e radicali per tutti. Le persone in tutto il mondo denunciano i danni &#8211; dal genocidio all&#8217;ecocidio &#8211; e mostrano come la loro esperienza sia inseparabile dai modelli pi\u00f9 ampi dell&#8217;imperialismo e del capitalismo. Con pi\u00f9 chiarezza che mai, vediamo che nessuno di noi \u00e8 libero finch\u00e9 non siamo tutti liberi: di respirare, vivere e muoverci.<\/p>\n<\/div>\n\n\n\n<div class=\"wp-block-column is-layout-flow wp-block-column-is-layout-flow\" style=\"flex-basis:50%\">\n<div style=\"height:50px\" aria-hidden=\"true\" id=\"clmn6\" class=\"wp-block-spacer\"><\/div>\n\n\n\n<figure class=\"wp-block-image size-full\"><img loading=\"lazy\" decoding=\"async\" width=\"1920\" height=\"1080\" src=\"https:\/\/flotta.noblogs.org\/files\/2025\/08\/Image2.webp\" alt=\"\" class=\"wp-image-3301\" srcset=\"https:\/\/flotta.noblogs.org\/files\/2025\/08\/Image2.webp 1920w, https:\/\/flotta.noblogs.org\/files\/2025\/08\/Image2-300x169.webp 300w, https:\/\/flotta.noblogs.org\/files\/2025\/08\/Image2-1024x576.webp 1024w, https:\/\/flotta.noblogs.org\/files\/2025\/08\/Image2-768x432.webp 768w, https:\/\/flotta.noblogs.org\/files\/2025\/08\/Image2-1536x864.webp 1536w\" sizes=\"auto, (max-width: 767px) 89vw, (max-width: 1000px) 54vw, (max-width: 1071px) 543px, 580px\" \/><\/figure>\n\n\n\n<figure class=\"wp-block-image size-full\"><img loading=\"lazy\" decoding=\"async\" width=\"1920\" height=\"1080\" src=\"https:\/\/flotta.noblogs.org\/files\/2025\/08\/Image4.webp\" alt=\"\" class=\"wp-image-3300\" srcset=\"https:\/\/flotta.noblogs.org\/files\/2025\/08\/Image4.webp 1920w, https:\/\/flotta.noblogs.org\/files\/2025\/08\/Image4-300x169.webp 300w, https:\/\/flotta.noblogs.org\/files\/2025\/08\/Image4-1024x576.webp 1024w, https:\/\/flotta.noblogs.org\/files\/2025\/08\/Image4-768x432.webp 768w, https:\/\/flotta.noblogs.org\/files\/2025\/08\/Image4-1536x864.webp 1536w\" sizes=\"auto, (max-width: 767px) 89vw, (max-width: 1000px) 54vw, (max-width: 1071px) 543px, 580px\" \/><\/figure>\n<\/div>\n<\/div>\n\n\n\n<p>Dalla giustizia energetica alla solidariet\u00e0 con i migranti, le persone non si limitano a intraprendere azioni di opposizione, ma costruiscono anche relazioni e sistemi alternativi. Vediamo la bellezza di questo ovunque: dai lavoratori portuali che si rifiutano di consegnare merci e armi che alimentano il genocidio di Israele, alle persone che navigano per rompere l&#8217;assedio di Gaza, ai pescatori locali e ai soccorritori in mare che sfidano i confini. Le persone hanno trasformato il Mediterraneo in uno spazio di lotta per difendere la vita.<\/p>\n\n\n\n<div style=\"height:20px\" aria-hidden=\"true\" class=\"wp-block-spacer\"><\/div>\n\n\n\n<figure class=\"wp-block-image size-full\"><img loading=\"lazy\" decoding=\"async\" width=\"1208\" height=\"802\" src=\"https:\/\/flotta.noblogs.org\/files\/2025\/08\/67bc5ba4665b0fb46ec55b43_DismantlingGreenColoniallism.webp\" alt=\"\" class=\"wp-image-2961\" srcset=\"https:\/\/flotta.noblogs.org\/files\/2025\/08\/67bc5ba4665b0fb46ec55b43_DismantlingGreenColoniallism.webp 1208w, https:\/\/flotta.noblogs.org\/files\/2025\/08\/67bc5ba4665b0fb46ec55b43_DismantlingGreenColoniallism-300x199.webp 300w, https:\/\/flotta.noblogs.org\/files\/2025\/08\/67bc5ba4665b0fb46ec55b43_DismantlingGreenColoniallism-1024x680.webp 1024w, https:\/\/flotta.noblogs.org\/files\/2025\/08\/67bc5ba4665b0fb46ec55b43_DismantlingGreenColoniallism-768x510.webp 768w\" sizes=\"auto, (max-width: 767px) 89vw, (max-width: 1000px) 54vw, (max-width: 1071px) 543px, 580px\" \/><\/figure>\n\n\n\n<div class=\"wp-block-columns is-layout-flex wp-container-core-columns-is-layout-9d6595d7 wp-block-columns-is-layout-flex\">\n<div class=\"wp-block-column is-layout-flow wp-block-column-is-layout-flow\" style=\"flex-basis:50%\"><\/div>\n\n\n\n<div class=\"wp-block-column is-layout-flow wp-block-column-is-layout-flow\" style=\"flex-basis:50%\">\n<p>Ci uniamo a milioni di persone che chiedono un mondo che rifiuti il dominio e la gerarchia e promuova la giustizia, la libert\u00e0 e la dignit\u00e0 per tutti. L&#8217;unica soluzione al sistema basato sulla morte \u00e8 smantellarlo. Dobbiamo navigare insieme verso un futuro reinventato di liberazione collettiva.<\/p>\n<\/div>\n<\/div>\n\n\n\n<div class=\"wp-block-columns is-layout-flex wp-container-core-columns-is-layout-9d6595d7 wp-block-columns-is-layout-flex\">\n<div class=\"wp-block-column is-layout-flow wp-block-column-is-layout-flow\" style=\"flex-basis:50%\">\n<ul class=\"wp-block-list\">\n<li>Vogliamo la giustizia energetica, dove le persone possiedono i mezzi di produzione energetica, controllano le loro risorse naturali e sostengono la loro terra, in collettivit\u00e0 e cooperazione.<\/li>\n<\/ul>\n<\/div>\n\n\n\n<div class=\"wp-block-column is-layout-flow wp-block-column-is-layout-flow\" style=\"flex-basis:50%\" id=\"clm1\"><\/div>\n<\/div>\n\n\n\n<div class=\"wp-block-columns is-layout-flex wp-container-core-columns-is-layout-9d6595d7 wp-block-columns-is-layout-flex\">\n<div class=\"wp-block-column is-layout-flow wp-block-column-is-layout-flow\" style=\"flex-basis:50%\" id=\"clm2\"><\/div>\n\n\n\n<div class=\"wp-block-column is-layout-flow wp-block-column-is-layout-flow\" style=\"flex-basis:50%\">\n<ul class=\"wp-block-list\">\n<li>Vogliamo un&#8217;economia energetica costruita intorno al soddisfacimento dei bisogni delle persone, in armonia con tutti gli esseri viventi e la natura.<\/li>\n<\/ul>\n<\/div>\n<\/div>\n\n\n\n<div class=\"wp-block-columns is-layout-flex wp-container-core-columns-is-layout-9d6595d7 wp-block-columns-is-layout-flex\">\n<div class=\"wp-block-column is-layout-flow wp-block-column-is-layout-flow\" style=\"flex-basis:50%\">\n<ul class=\"wp-block-list\">\n<li>Vogliamo un&#8217;educazione popolare sui sistemi energetici e le economie alternative, perch\u00e9 non possiamo trasformare nulla finch\u00e9 non lo comprendiamo.<\/li>\n<\/ul>\n<\/div>\n\n\n\n<div class=\"wp-block-column is-layout-flow wp-block-column-is-layout-flow\" style=\"flex-basis:50%\" id=\"clm3\"><\/div>\n<\/div>\n\n\n\n<div class=\"wp-block-columns is-layout-flex wp-container-core-columns-is-layout-9d6595d7 wp-block-columns-is-layout-flex\">\n<div class=\"wp-block-column is-layout-flow wp-block-column-is-layout-flow\" style=\"flex-basis:50%\" id=\"clm4\"><\/div>\n\n\n\n<div class=\"wp-block-column is-layout-flow wp-block-column-is-layout-flow\" style=\"flex-basis:50%\">\n<ul class=\"wp-block-list\">\n<li>Vogliamo un Mediterraneo protetto dalle sue comunit\u00e0 di tutte le sue coste, collegato attraverso flussi di umanit\u00e0 e natura, invece che da oleodotti e cavi.<\/li>\n<\/ul>\n<\/div>\n<\/div>\n\n\n\n<div class=\"wp-block-columns is-layout-flex wp-container-core-columns-is-layout-9d6595d7 wp-block-columns-is-layout-flex\">\n<div class=\"wp-block-column is-layout-flow wp-block-column-is-layout-flow\" style=\"flex-basis:50%\">\n<ul class=\"wp-block-list\">\n<li>Vogliamo l&#8217;autodeterminazione sul movimento, la terra e la vita per tutti!<\/li>\n<\/ul>\n<\/div>\n\n\n\n<div class=\"wp-block-column is-layout-flow wp-block-column-is-layout-flow\" style=\"flex-basis:50%\" id=\"clm5\"><\/div>\n<\/div>\n\n\n\n<h3 class=\"wp-block-heading\">Uniamo le nostre gocce di resistenza in un fiume possente che sfocia nel mare!<\/h3>\n\n\n\n<div style=\"height:20px\" aria-hidden=\"true\" class=\"wp-block-spacer\"><\/div>\n\n\n\n<p><\/p>\n\n\n\n<p>Mentre ci uniamo alla significativa azione di f.Lotta, invitiamo tutte le persone che lottano per la libert\u00e0 di movimento a includere la giustizia energetica nella lotta per un futuro libero per tutti. Finch\u00e9 la profonda infrastruttura economica della disuguaglianza globale rimarr\u00e0 radicata nell&#8217;estrazione e nello sfruttamento, i confini mortali e tutte le altre zone di sacrificio continueranno a crescere, e noi continueremo a resistere con forza. Da Lampedusa alla Palestina, a tutte le terre e i popoli che resistono: <strong>la solidariet\u00e0 \u00e8 la nostra arma pi\u00f9 potente!<\/strong><\/p>\n\n\n\n<div style=\"height:30px\" aria-hidden=\"true\" class=\"wp-block-spacer\"><\/div>\n\n\n\n<figure class=\"wp-block-image size-full\"><img loading=\"lazy\" decoding=\"async\" width=\"1920\" height=\"1080\" src=\"https:\/\/flotta.noblogs.org\/files\/2025\/08\/Image3.webp\" alt=\"\" class=\"wp-image-3299\" srcset=\"https:\/\/flotta.noblogs.org\/files\/2025\/08\/Image3.webp 1920w, https:\/\/flotta.noblogs.org\/files\/2025\/08\/Image3-300x169.webp 300w, https:\/\/flotta.noblogs.org\/files\/2025\/08\/Image3-1024x576.webp 1024w, https:\/\/flotta.noblogs.org\/files\/2025\/08\/Image3-768x432.webp 768w, https:\/\/flotta.noblogs.org\/files\/2025\/08\/Image3-1536x864.webp 1536w\" sizes=\"auto, (max-width: 767px) 89vw, (max-width: 1000px) 54vw, (max-width: 1071px) 543px, 580px\" \/><\/figure>\n\n\n\n<div style=\"height:70px\" aria-hidden=\"true\" class=\"wp-block-spacer\"><\/div>\n\n\n\n<hr class=\"wp-block-separator has-alpha-channel-opacity is-style-wide\" \/>\n\n\n\n<div class=\"wp-block-columns is-layout-flex wp-container-core-columns-is-layout-9d6595d7 wp-block-columns-is-layout-flex\">\n<div class=\"wp-block-column is-layout-flow wp-block-column-is-layout-flow\" style=\"flex-basis:22%\">\n<figure class=\"wp-block-image size-full is-style-rounded\"><img loading=\"lazy\" decoding=\"async\" width=\"200\" height=\"200\" src=\"https:\/\/flotta.noblogs.org\/files\/2025\/08\/317810448_2057998791058132_4759897960410469185_n.jpg\" alt=\"\" class=\"wp-image-2913\" srcset=\"https:\/\/flotta.noblogs.org\/files\/2025\/08\/317810448_2057998791058132_4759897960410469185_n.jpg 200w, https:\/\/flotta.noblogs.org\/files\/2025\/08\/317810448_2057998791058132_4759897960410469185_n-150x150.jpg 150w, https:\/\/flotta.noblogs.org\/files\/2025\/08\/317810448_2057998791058132_4759897960410469185_n-100x100.jpg 100w\" sizes=\"auto, (max-width: 200px) 100vw, 200px\" \/><\/figure>\n<\/div>\n\n\n\n<div class=\"wp-block-column is-layout-flow wp-block-column-is-layout-flow\" style=\"flex-basis:78%\">\n<p class=\"has-medium-font-size\">WeSmellGas \u00e8 un collettivo abolizionista di organizzatori, ricercatori e registi con sede nel Nord Europa, che lavora per comprendere l&#8217;energia attraverso un quadro anti-imperialista, internazionalista e abolizionista per lottare per un futuro libero per tutti gli esseri viventi.<\/p>\n\n\n\n<p class=\"has-medium-font-size\">Vi invitiamo a visitare il nostro sito web&nbsp;<a href=\"https:\/\/www.wesmellgas.org\/\"><u>https:\/\/www.wesmellgas.org\/<\/u><\/a>&nbsp;e a consultare la nostra biblioteca di risorse&nbsp;<a href=\"https:\/\/www.wesmellgas.org\/library\"><u>https:\/\/www.wesmellgas.org\/library<\/u><\/a>. <\/p>\n\n\n\n<p class=\"has-medium-font-size\">Non esitate a contattarci all&#8217;indirizzo&nbsp;<a href=\"mailto:collective@wesmellgas.org\"><u>collective@wesmellgas.org<\/u><\/a>.<\/p>\n<\/div>\n<\/div>\n\n\n\n<div style=\"height:30px\" aria-hidden=\"true\" class=\"wp-block-spacer\"><\/div>\n\n\n\n<div class=\"wp-block-columns is-layout-flex wp-container-core-columns-is-layout-9d6595d7 wp-block-columns-is-layout-flex\">\n<div class=\"wp-block-column is-layout-flow wp-block-column-is-layout-flow\" style=\"flex-basis:15%\"><\/div>\n\n\n\n<div class=\"wp-block-column is-layout-flow wp-block-column-is-layout-flow\" style=\"flex-basis:15%\"><\/div>\n\n\n\n<div class=\"wp-block-column is-layout-flow wp-block-column-is-layout-flow\" style=\"flex-basis:70%\">\n<div class=\"wp-block-buttons is-content-justification-right is-layout-flex wp-container-core-buttons-is-layout-765c4724 wp-block-buttons-is-layout-flex\">\n<div class=\"wp-block-button is-style-outline is-style-outline--1\"><a class=\"wp-block-button__link has-text-align-center wp-element-button\" href=\"https:\/\/flotta.noblogs.org\/campaigns\/\">CAMPAIGNS<\/a><\/div>\n\n\n\n<div class=\"wp-block-button is-style-outline is-style-outline--2\"><a class=\"wp-block-button__link has-text-align-center wp-element-button\" href=\"https:\/\/flotta.noblogs.org\">HOME<\/a><\/div>\n\n\n\n<div class=\"wp-block-button is-style-outline is-style-outline--3\"><a class=\"wp-block-button__link has-text-align-center wp-element-button\" href=\"#smellgas\">TOP<\/a><\/div>\n<\/div>\n<\/div>\n<\/div>\n","protected":false},"excerpt":{"rendered":"<p>No Pipelines, No Borders \u2013 Il mare appartiene a tutti We Smell&nbsp;Gas leggi la versione in arabo della campagna leggi la versione in turco della campagna WeSmellGas si unisce con orgoglio all&#8217;occupazione di massa del Mediterraneo centrale da parte di f.Lotta, portando la giustizia climatica ed energetica nella lotta per un mare libero dalla violenza &hellip; <\/p>\n<p class=\"link-more\"><a href=\"https:\/\/flotta.noblogs.org\/it\/no-pipelines-no-borders\/\" class=\"more-link\">Leggi tutto<span class=\"screen-reader-text\"> &#8220;No Pipelines, No Borders \u2013 Il mare appartiene a tutti&#8221;<\/span><\/a><\/p>\n","protected":false},"author":20714,"featured_media":0,"parent":0,"menu_order":0,"comment_status":"closed","ping_status":"closed","template":"","meta":{"_locale":"it_IT","_original_post":"https:\/\/flotta.noblogs.org\/?page_id=1532","footnotes":""},"class_list":["post-4128","page","type-page","status-publish","hentry","it-IT"],"_links":{"self":[{"href":"https:\/\/flotta.noblogs.org\/wp-json\/wp\/v2\/pages\/4128","targetHints":{"allow":["GET"]}}],"collection":[{"href":"https:\/\/flotta.noblogs.org\/wp-json\/wp\/v2\/pages"}],"about":[{"href":"https:\/\/flotta.noblogs.org\/wp-json\/wp\/v2\/types\/page"}],"author":[{"embeddable":true,"href":"https:\/\/flotta.noblogs.org\/wp-json\/wp\/v2\/users\/20714"}],"replies":[{"embeddable":true,"href":"https:\/\/flotta.noblogs.org\/wp-json\/wp\/v2\/comments?post=4128"}],"version-history":[{"count":3,"href":"https:\/\/flotta.noblogs.org\/wp-json\/wp\/v2\/pages\/4128\/revisions"}],"predecessor-version":[{"id":4201,"href":"https:\/\/flotta.noblogs.org\/wp-json\/wp\/v2\/pages\/4128\/revisions\/4201"}],"wp:attachment":[{"href":"https:\/\/flotta.noblogs.org\/wp-json\/wp\/v2\/media?parent=4128"}],"curies":[{"name":"wp","href":"https:\/\/api.w.org\/{rel}","templated":true}]}}