{"id":4121,"date":"2025-09-08T09:52:06","date_gmt":"2025-09-08T07:52:06","guid":{"rendered":"https:\/\/flotta.noblogs.org\/?page_id=4121"},"modified":"2025-09-08T09:52:07","modified_gmt":"2025-09-08T07:52:07","slug":"freedom-of-movement-at-the-french-british-border","status":"publish","type":"page","link":"https:\/\/flotta.noblogs.org\/it\/freedom-of-movement-at-the-french-british-border\/","title":{"rendered":"Libert\u00e0 di movimento al confine Francia Inghilterra"},"content":{"rendered":"\n<div style=\"height:1px\" aria-hidden=\"true\" id=\"frenchbritish\" class=\"wp-block-spacer\"><\/div>\n\n\n\n<div class=\"wp-block-columns is-layout-flex wp-container-core-columns-is-layout-9d6595d7 wp-block-columns-is-layout-flex\">\n<div class=\"wp-block-column is-layout-flow wp-block-column-is-layout-flow\" style=\"flex-basis:40%\">\n<h2 class=\"wp-block-heading has-x-large-font-size\">Libert\u00e0 di movimento al confine Francia Inghilterra<\/h2>\n<\/div>\n\n\n\n<div class=\"wp-block-column is-layout-flow wp-block-column-is-layout-flow\" style=\"flex-basis:60%\">\n<figure data-wp-context=\"{&quot;imageId&quot;:&quot;69d33b048562a&quot;}\" data-wp-interactive=\"core\/image\" data-wp-key=\"69d33b048562a\" class=\"wp-block-image size-large wp-lightbox-container\"><img loading=\"lazy\" decoding=\"async\" width=\"724\" height=\"1024\" data-wp-class--hide=\"state.isContentHidden\" data-wp-class--show=\"state.isContentVisible\" data-wp-init=\"callbacks.setButtonStyles\" data-wp-on--click=\"actions.showLightbox\" data-wp-on--load=\"callbacks.setButtonStyles\" data-wp-on-window--resize=\"callbacks.setButtonStyles\" src=\"https:\/\/flotta.noblogs.org\/files\/2025\/08\/IMG_0378-1-724x1024.jpeg\" alt=\"\" class=\"wp-image-3177\" srcset=\"https:\/\/flotta.noblogs.org\/files\/2025\/08\/IMG_0378-1-724x1024.jpeg 724w, https:\/\/flotta.noblogs.org\/files\/2025\/08\/IMG_0378-1-212x300.jpeg 212w, https:\/\/flotta.noblogs.org\/files\/2025\/08\/IMG_0378-1-768x1086.jpeg 768w, https:\/\/flotta.noblogs.org\/files\/2025\/08\/IMG_0378-1-1086x1536.jpeg 1086w, https:\/\/flotta.noblogs.org\/files\/2025\/08\/IMG_0378-1-1448x2048.jpeg 1448w, https:\/\/flotta.noblogs.org\/files\/2025\/08\/IMG_0378-1-scaled.jpeg 1810w\" sizes=\"auto, (max-width: 724px) 100vw, 724px\" \/><button\n\t\t\tclass=\"lightbox-trigger\"\n\t\t\ttype=\"button\"\n\t\t\taria-haspopup=\"dialog\"\n\t\t\taria-label=\"Ingrandisci\"\n\t\t\tdata-wp-init=\"callbacks.initTriggerButton\"\n\t\t\tdata-wp-on--click=\"actions.showLightbox\"\n\t\t\tdata-wp-style--right=\"state.imageButtonRight\"\n\t\t\tdata-wp-style--top=\"state.imageButtonTop\"\n\t\t>\n\t\t\t<svg xmlns=\"http:\/\/www.w3.org\/2000\/svg\" width=\"12\" height=\"12\" fill=\"none\" viewBox=\"0 0 12 12\">\n\t\t\t\t<path fill=\"#fff\" d=\"M2 0a2 2 0 0 0-2 2v2h1.5V2a.5.5 0 0 1 .5-.5h2V0H2Zm2 10.5H2a.5.5 0 0 1-.5-.5V8H0v2a2 2 0 0 0 2 2h2v-1.5ZM8 12v-1.5h2a.5.5 0 0 0 .5-.5V8H12v2a2 2 0 0 1-2 2H8Zm2-12a2 2 0 0 1 2 2v2h-1.5V2a.5.5 0 0 0-.5-.5H8V0h2Z\" \/>\n\t\t\t<\/svg>\n\t\t<\/button><\/figure>\n\n\n\n<p class=\"has-text-align-center\"><strong>Utopia 56, Auberge des migrants<\/strong><\/p>\n<\/div>\n<\/div>\n\n\n\n<div style=\"height:20px\" aria-hidden=\"true\" class=\"wp-block-spacer\"><\/div>\n\n\n\n<pre class=\"wp-block-preformatted has-white-color has-text-color has-link-color has-medium-font-size wp-elements-4dd49efb8102d13c0637ecb8860a90c6\">Gruppi attivi sul confine Francia-Inghilterra, inclusi Utopia 56 e Auberge des migrants, promuovono questa campagna.<br><br>Le violazioni dei diritti umani e le morti al confine franco britannico, sono andate avanti senza tregua per oltre trent'anni<\/pre>\n\n\n\n<div style=\"height:20px\" aria-hidden=\"true\" class=\"wp-block-spacer\"><\/div>\n\n\n\n<h2 class=\"wp-block-heading\">\u00ab One in, One out \u00bb : il nuovo accordo che trasforma il diritto di asilo in un baratto<\/h2>\n\n\n\n<p>Per pi\u00f9 di trent&#8217;anni, il confine Francia-Regno Unito\u00e8 stato il palcoscenico per violenze organizzate contro gli esuli. La militarizzazione, i soprusi della polizia e la politica del &#8220;zero fixation point&#8221; [ndt. politica che mira a eliminare gli accampamenti permanenti di personi in movimento] hanno trasformato Calais e Denkerque in territori inospitali, dove ogni tenta confiscata, ogni evaquazione forzata e ogni vita persa in mare \u00e8 il resto del prezzo di queste decisoni politiche. Nel 2024, almeno 116 persone sono morte cercando di raggiungere l&#8217;Inghilterra.<\/p>\n\n\n\n<p>Invece di riconoscere il fallimento di questa strategia mortifera, la Francia e il Regno Unito la stanno esacerbando con un accordo cinicamente soprannominato &#8220;One in, One out&#8221; [ndt. Uno dentro, uno fuori]. Dietro questa formula tecnocratica si nasconde una realt\u00e0 agghiacciante: una vita ammessa in cambio di un&#8217;altra espulsa. Le quote umane, un baratto burocratico che nega i diritti fondamentali. Questo accordo non crea nessun passaggio sicuro;  intrappola le persone in un labirinto di criteri assurdi e discriminatori, che sono ancora parte di una politica di deterrenza, una politica che \u00e8 completamente inefficace e il cui solo obbiettivo \u00e8 di sembrare efficace agli occhi dell&#8217;opinione pubblica. \u00c8 una machina che produce precariet\u00e0 e tragedie.<\/p>\n\n\n\n<p>Rifiutiamo questa politica della deterrenza esercitata attraverso la violenza e del diritto di asilo trasformato in una lotteria. Denunciamo un accordo che esternalizza le responsabilit\u00e0, mantiene l&#8217;opacit\u00e0, alimenta la repressione e condanna a morte le persone. Domandiamo la fine immediata del &#8220;One in, one out&#8221; e l&#8217;istituzione di percorsi legali e sicuri per il Regno Unito, un&#8217;accoglienza degna sulla costa e il rispetto del diritto fondamentale di scegliere il proprio paese d&#8217;asilo.<\/p>\n\n\n\n<p>A Calais, come in altri luoghi, l&#8217;emergenza umanitaria \u00e8 causata da decisioni politiche. Queste scelte uccidono. \u00c8 tempo di porvi fine.<\/p>\n\n\n\n<p><strong>Chiediamo:<\/strong><\/p>\n\n\n\n<ul class=\"wp-block-list\">\n<li>Rispetto per la libert\u00e0 di scegliere il paese in cui richidere asilo, attualmente reso impossibile dal Patto di Dublino e dal Patto Europeo sulla Migrazione e l&#8217;Asilo<\/li>\n\n\n\n<li>La fine del monopolio del Ministro dell&#8217;Interno sulle politiche di migrazione ai confini, cosich\u00e8 le risposte siano guidate da imperativi umanitari e non di sicurezza e repressione.<\/li>\n\n\n\n<li>La revisione dell&#8217;Accordo di Le Touquet, che organizza ed esternalizza il confine britannico sul suolo francese.<\/li>\n\n\n\n<li>La pubblicit\u00e0 dei resoconti finanziari sull&#8217;uso di soldi pubblici impiegati per la militarizzazione del confine, e il ri-impiego di questi fondi per accoglienza e protezione<\/li>\n\n\n\n<li>La fine immediata dell&#8217;accordo &#8220;One in, one out&#8221;<\/li>\n<\/ul>\n\n\n\n<p>For more than thirty years, the French-British border has been the scene of organized violence against exiles. Militarization, police harassment, and the \u201czero fixation point\u201d policy have transformed Calais and Dunkerque into inhospitable territories, where every tent confiscated, every forced evacuation, every life lost at sea is a reminder of the price of these political choices. In 2024, at least 116 people died trying to reach England.<\/p>\n\n\n\n<p>Rather than acknowledging the failure of this deadly strategy, France and the United Kingdom are exacerbating it with an agreement cynically dubbed \u201cOne in, One out.\u201d Behind this technocratic formula lies an appalling reality: one life admitted in exchange for another expelled. Human quotas, a bureaucratic barter that denies the most fundamental rights. This agreement does not create any safe passage; it traps people in a maze of absurd and discriminatory criteria, which is still part of a policy of deterrence, a policy that is completely ineffective and whose sole objective is to perform well in the eyes of public opinion. It is a machine that produces precariousness, non-recourse, and tragedy.<\/p>\n\n\n\n<p>We reject this policy of deterrence through violence and asylum turned into a lottery. We denounce an agreement that externalizes responsibilities, maintains opacity, fuels repression, and condemns people to death. We demand an immediate end to \u201cOne in, One out\u201d and the establishment of safe and legal routes to the United Kingdom, dignified reception on the coast, and respect for the fundamental right to choose one&#8217;s country of asylum.<\/p>\n\n\n\n<p>In Calais, as elsewhere, the humanitarian emergency is caused by political decisions. These choices kill. It is time to put an end to them.<\/p>\n\n\n\n<p><strong>We are demanding:<\/strong><\/p>\n\n\n\n<ul class=\"wp-block-list\">\n<li>Respect for the freedom to choose the country in which to seek asylum, currently prevented by the Dublin Regulation and the European Pact on Migration and Asylum.&nbsp;<\/li>\n\n\n\n<li>An end to the Interior Ministry&#8217;s monopoly on migration policies at the border, so that responses are guided by humanitarian imperatives rather than security and repression.&nbsp;<\/li>\n\n\n\n<li>The revision of the Le Touquet Agreement, which organizes the externalization of the British border on French soil.<\/li>\n\n\n\n<li>The provision of financial reports on the use of public money devoted to the militarization of the border, and its reorientation towards reception and protection.<\/li>\n\n\n\n<li>The immediate abandonment of the \u201cOne in, One out\u201d agreement.<\/li>\n<\/ul>\n\n\n\n<div style=\"height:10px\" aria-hidden=\"true\" class=\"wp-block-spacer\"><\/div>\n\n\n\n<h2 class=\"wp-block-heading\">Contatti:<\/h2>\n\n\n\n<div class=\"wp-block-columns is-layout-flex wp-container-core-columns-is-layout-9d6595d7 wp-block-columns-is-layout-flex\">\n<div class=\"wp-block-column is-layout-flow wp-block-column-is-layout-flow\">\n<h4 class=\"wp-block-heading has-white-color has-text-color has-link-color wp-elements-8c27d54d6ea5aabbb61b74e2ecb504ca wp-container-content-e44c5f69\" style=\"font-style:normal;font-weight:300\"><a href=\"https:\/\/utopia56.org\/\" data-type=\"link\" data-id=\"https:\/\/utopia56.org\/\" target=\"_blank\" rel=\"noreferrer noopener\">Utopia56<\/a><\/h4>\n\n\n\n<h4 class=\"wp-block-heading has-white-color has-text-color has-link-color wp-elements-5b880356478c62215ee2f5e272a31d5b wp-container-content-e44c5f69\" style=\"font-style:normal;font-weight:300\"><a href=\"https:\/\/www.instagram.com\/utopia.56\/\" data-type=\"link\" data-id=\"https:\/\/www.instagram.com\/utopia.56\/\" target=\"_blank\" rel=\"noreferrer noopener\">Instagram @utopia.56<\/a><\/h4>\n\n\n\n<h4 class=\"wp-block-heading has-white-color has-text-color has-link-color wp-elements-9fbdfdf0fde19bb0b05e65dd55deec38 wp-container-content-e44c5f69\" style=\"font-style:normal;font-weight:300\"><a href=\"https:\/\/laubergedesmigrants.fr\/fr\/\" data-type=\"link\" data-id=\"https:\/\/laubergedesmigrants.fr\/fr\/\" target=\"_blank\" rel=\"noreferrer noopener\">L\u2019Auberge des Migrants<\/a><\/h4>\n\n\n\n<h4 class=\"wp-block-heading has-white-color has-text-color has-link-color wp-elements-8ffded6229f4a67b3d6e15169ff17cf2 wp-container-content-e44c5f69\" style=\"font-style:normal;font-weight:300\"><a href=\"https:\/\/www.instagram.com\/aubergedesmigrants\/\" data-type=\"link\" data-id=\"https:\/\/www.instagram.com\/aubergedesmigrants\/\" target=\"_blank\" rel=\"noreferrer noopener\">Instagram @aubergedesmigrants<\/a><\/h4>\n<\/div>\n\n\n\n<div class=\"wp-block-column is-layout-flow wp-block-column-is-layout-flow\">\n<div class=\"wp-block-group is-vertical is-layout-flex wp-container-core-group-is-layout-8cf370e7 wp-block-group-is-layout-flex\"><div class=\"wp-block-image\">\n<figure class=\"alignleft size-full\"><img loading=\"lazy\" decoding=\"async\" width=\"300\" height=\"74\" src=\"https:\/\/flotta.noblogs.org\/files\/2025\/08\/Auberge-des-migrants-logo-300x74-1.png\" alt=\"\" class=\"wp-image-3503\" \/><\/figure>\n<\/div>\n\n\n<div style=\"height:0px\" aria-hidden=\"true\" class=\"wp-block-spacer wp-container-content-b0b89ccb\"><\/div>\n\n\n<div class=\"wp-block-image\">\n<figure class=\"alignleft size-full\"><img loading=\"lazy\" decoding=\"async\" width=\"946\" height=\"326\" src=\"https:\/\/flotta.noblogs.org\/files\/2025\/08\/2019-logo-utopia56-baseline-green.png\" alt=\"\" class=\"wp-image-3505\" srcset=\"https:\/\/flotta.noblogs.org\/files\/2025\/08\/2019-logo-utopia56-baseline-green.png 946w, https:\/\/flotta.noblogs.org\/files\/2025\/08\/2019-logo-utopia56-baseline-green-300x103.png 300w, https:\/\/flotta.noblogs.org\/files\/2025\/08\/2019-logo-utopia56-baseline-green-768x265.png 768w\" sizes=\"auto, (max-width: 767px) 89vw, (max-width: 1000px) 54vw, (max-width: 1071px) 543px, 580px\" \/><\/figure>\n<\/div><\/div>\n<\/div>\n<\/div>\n\n\n\n<div style=\"height:30px\" aria-hidden=\"true\" class=\"wp-block-spacer\"><\/div>\n\n\n\n<div class=\"wp-block-columns is-layout-flex wp-container-core-columns-is-layout-9d6595d7 wp-block-columns-is-layout-flex\">\n<div class=\"wp-block-column is-layout-flow wp-block-column-is-layout-flow\" style=\"flex-basis:15%\"><\/div>\n\n\n\n<div class=\"wp-block-column is-layout-flow wp-block-column-is-layout-flow\" style=\"flex-basis:15%\"><\/div>\n\n\n\n<div class=\"wp-block-column is-layout-flow wp-block-column-is-layout-flow\" style=\"flex-basis:70%\">\n<div class=\"wp-block-buttons is-content-justification-right is-layout-flex wp-container-core-buttons-is-layout-765c4724 wp-block-buttons-is-layout-flex\">\n<div class=\"wp-block-button is-style-outline is-style-outline--1\"><a class=\"wp-block-button__link has-text-align-center wp-element-button\" href=\"https:\/\/flotta.noblogs.org\/campaigns\/\">CAMPAGNE<\/a><\/div>\n\n\n\n<div class=\"wp-block-button is-style-outline is-style-outline--2\"><a class=\"wp-block-button__link has-text-align-center wp-element-button\" href=\"https:\/\/flotta.noblogs.org\">HOME<\/a><\/div>\n\n\n\n<div class=\"wp-block-button is-style-outline is-style-outline--3\"><a class=\"wp-block-button__link has-text-align-center wp-element-button\" href=\"#frenchbritish\">TOP<\/a><\/div>\n<\/div>\n<\/div>\n<\/div>\n\n\n\n<p><\/p>\n","protected":false},"excerpt":{"rendered":"<p>Libert\u00e0 di movimento al confine Francia Inghilterra Utopia 56, Auberge des migrants Gruppi attivi sul confine Francia-Inghilterra, inclusi Utopia 56 e Auberge des migrants, promuovono questa campagna.Le violazioni dei diritti umani e le morti al confine franco britannico, sono andate avanti senza tregua per oltre trent&#8217;anni \u00ab One in, One out \u00bb : il nuovo &hellip; <\/p>\n<p class=\"link-more\"><a href=\"https:\/\/flotta.noblogs.org\/it\/freedom-of-movement-at-the-french-british-border\/\" class=\"more-link\">Leggi tutto<span class=\"screen-reader-text\"> &#8220;Libert\u00e0 di movimento al confine Francia Inghilterra&#8221;<\/span><\/a><\/p>\n","protected":false},"author":20714,"featured_media":0,"parent":0,"menu_order":0,"comment_status":"closed","ping_status":"closed","template":"","meta":{"_locale":"it_IT","_original_post":"https:\/\/flotta.noblogs.org\/?page_id=1339","footnotes":""},"class_list":["post-4121","page","type-page","status-publish","hentry","it-IT"],"_links":{"self":[{"href":"https:\/\/flotta.noblogs.org\/wp-json\/wp\/v2\/pages\/4121","targetHints":{"allow":["GET"]}}],"collection":[{"href":"https:\/\/flotta.noblogs.org\/wp-json\/wp\/v2\/pages"}],"about":[{"href":"https:\/\/flotta.noblogs.org\/wp-json\/wp\/v2\/types\/page"}],"author":[{"embeddable":true,"href":"https:\/\/flotta.noblogs.org\/wp-json\/wp\/v2\/users\/20714"}],"replies":[{"embeddable":true,"href":"https:\/\/flotta.noblogs.org\/wp-json\/wp\/v2\/comments?post=4121"}],"version-history":[{"count":1,"href":"https:\/\/flotta.noblogs.org\/wp-json\/wp\/v2\/pages\/4121\/revisions"}],"predecessor-version":[{"id":4127,"href":"https:\/\/flotta.noblogs.org\/wp-json\/wp\/v2\/pages\/4121\/revisions\/4127"}],"wp:attachment":[{"href":"https:\/\/flotta.noblogs.org\/wp-json\/wp\/v2\/media?parent=4121"}],"curies":[{"name":"wp","href":"https:\/\/api.w.org\/{rel}","templated":true}]}}