{"id":3805,"date":"2025-09-02T09:07:07","date_gmt":"2025-09-02T07:07:07","guid":{"rendered":"https:\/\/flotta.noblogs.org\/?page_id=3805"},"modified":"2025-09-02T22:13:33","modified_gmt":"2025-09-02T20:13:33","slug":"from-the-mediterranean-to-ventimiglia-in-memory-of-the-martyrs-for-freedom-of-movement","status":"publish","type":"page","link":"https:\/\/flotta.noblogs.org\/it\/from-the-mediterranean-to-ventimiglia-in-memory-of-the-martyrs-for-freedom-of-movement\/","title":{"rendered":"From the Mediterranean to Ventimiglia: in memory of the martyrs for freedom of movement"},"content":{"rendered":"\n<div style=\"height:1px\" aria-hidden=\"true\" id=\"mm\" class=\"wp-block-spacer\"><\/div>\n\n\n\n<div class=\"wp-block-columns is-layout-flex wp-container-core-columns-is-layout-9d6595d7 wp-block-columns-is-layout-flex\">\n<div class=\"wp-block-column is-layout-flow wp-block-column-is-layout-flow\" style=\"flex-basis:55%\">\n<h2 class=\"wp-block-heading\">Dal Mediterraneo a Ventimiglia: in memoria dellx martiri per la libert\u00e0 di movimento<\/h2>\n<\/div>\n\n\n\n<div class=\"wp-block-column is-layout-flow wp-block-column-is-layout-flow\" style=\"flex-basis:45%\">\n<figure data-wp-context=\"{&quot;imageId&quot;:&quot;69d33bf575b57&quot;}\" data-wp-interactive=\"core\/image\" data-wp-key=\"69d33bf575b57\" class=\"wp-block-image size-full wp-lightbox-container\"><img loading=\"lazy\" decoding=\"async\" width=\"1365\" height=\"2048\" data-wp-class--hide=\"state.isContentHidden\" data-wp-class--show=\"state.isContentVisible\" data-wp-init=\"callbacks.setButtonStyles\" data-wp-on--click=\"actions.showLightbox\" data-wp-on--load=\"callbacks.setButtonStyles\" data-wp-on-window--resize=\"callbacks.setButtonStyles\" src=\"https:\/\/flotta.noblogs.org\/files\/2025\/09\/memmed.jpeg\" alt=\"\" class=\"wp-image-3897\" srcset=\"https:\/\/flotta.noblogs.org\/files\/2025\/09\/memmed.jpeg 1365w, https:\/\/flotta.noblogs.org\/files\/2025\/09\/memmed-200x300.jpeg 200w, https:\/\/flotta.noblogs.org\/files\/2025\/09\/memmed-683x1024.jpeg 683w, https:\/\/flotta.noblogs.org\/files\/2025\/09\/memmed-768x1152.jpeg 768w, https:\/\/flotta.noblogs.org\/files\/2025\/09\/memmed-1024x1536.jpeg 1024w\" sizes=\"auto, (max-width: 767px) 89vw, (max-width: 1000px) 54vw, (max-width: 1071px) 543px, 580px\" \/><button\n\t\t\tclass=\"lightbox-trigger\"\n\t\t\ttype=\"button\"\n\t\t\taria-haspopup=\"dialog\"\n\t\t\taria-label=\"Ingrandisci\"\n\t\t\tdata-wp-init=\"callbacks.initTriggerButton\"\n\t\t\tdata-wp-on--click=\"actions.showLightbox\"\n\t\t\tdata-wp-style--right=\"state.imageButtonRight\"\n\t\t\tdata-wp-style--top=\"state.imageButtonTop\"\n\t\t>\n\t\t\t<svg xmlns=\"http:\/\/www.w3.org\/2000\/svg\" width=\"12\" height=\"12\" fill=\"none\" viewBox=\"0 0 12 12\">\n\t\t\t\t<path fill=\"#fff\" d=\"M2 0a2 2 0 0 0-2 2v2h1.5V2a.5.5 0 0 1 .5-.5h2V0H2Zm2 10.5H2a.5.5 0 0 1-.5-.5V8H0v2a2 2 0 0 0 2 2h2v-1.5ZM8 12v-1.5h2a.5.5 0 0 0 .5-.5V8H12v2a2 2 0 0 1-2 2H8Zm2-12a2 2 0 0 1 2 2v2h-1.5V2a.5.5 0 0 0-.5-.5H8V0h2Z\" \/>\n\t\t\t<\/svg>\n\t\t<\/button><\/figure>\n\n\n\n<p class=\"has-text-align-center has-text-color has-link-color wp-elements-23506f49763922df1cf033d87ae3dfd6\" style=\"color:#e31c79\"><strong>MEM.MED Memoria Mediterranea<\/strong>, <strong>Gruppo di solidali di Ventimiglia<\/strong><\/p>\n<\/div>\n<\/div>\n\n\n\n<div style=\"height:20px\" aria-hidden=\"true\" class=\"wp-block-spacer\"><\/div>\n\n\n\n<pre class=\"wp-block-preformatted has-white-color has-text-color has-link-color has-medium-font-size wp-elements-f981a444d28bc5d9f211f5a88fab5543\">Da un estremo all'altro della penisola uniamo le nostre voci a quelle delle famiglie delle vittime del sistema frontaliero, per denunciare ancora una volta la violenza dei confini esterni ed interni, per ricordare e chiedere giustizia per tuttx coloro che hanno perso la vita cercando di attraversarli, per continuare a lottare insieme per l'abolizione di tutte le frontiere, marittime o terrestri che siano.&nbsp;<\/pre>\n\n\n\n<div style=\"height:40px\" aria-hidden=\"true\" class=\"wp-block-spacer\"><\/div>\n\n\n\n<p>Come collettivo <strong>MEM.MED Memoria Mediterranea<\/strong> a <strong>Gruppo di solidali di Ventimiglia<\/strong> facciamo eco e sosteniamo la lotta delle famiglie che esigono verit\u00e0 e giustizia.&nbsp;<\/p>\n\n\n\n<p>Rilanciamo oggi <strong>l\u2019appello scritto collettivamente a giugno 2025 da madri, sorelle e familiari di persone morte o scomparse a causa della frontiera<\/strong>, affinch\u00e9 la loro voce e le loro storie di rabbia, dolore e amore, ma anche silenzi e abbandoni istituzionali, si innalzi alta e potente contro i confini. Perch\u00e9 queste storie rappresentano migliaia di violenze che si consumano ogni giorno alle frontiere.\u00a0<\/p>\n\n\n\n<p>Questo appello acquista oggi ancora pi\u00f9 potenza, di fronte all\u2019ennesima <strong>strage di stato<\/strong> avvenuta il <strong>13 agosto 2025 a largo delle coste di Lampedusa<\/strong>, a cui sono sopravvissute 60 persone ma 23 hanno perso la vita e pi\u00f9 di 15 sono ad oggi disperse.&nbsp;&nbsp;<\/p>\n\n\n\n<p>In loro ricordo e in ricordo di coloro che sono mortx o scomparsx in mare, e in tutti gli altri luoghi di privazione,&nbsp; detenzione e confinamento dove trova applicazione il regime razzista e coloniale delle frontiere. <strong>Perch\u00e9 la lotta per la libert\u00e0 di movimento si radica nella memoria dei nomi, delle storie, delle vite, dei sogni e del desiderio di libert\u00e0<\/strong> di coloro che vengono chiamatx \u201cmigrantx\u201d.&nbsp; Sono madri, sorelle e familiari a portare avanti questa lotta e a rivendicare che i loro carx non sono mortx o scomparx per niente, ma sono martiri per la libert\u00e0 di movimento.&nbsp;&nbsp;&nbsp;<\/p>\n\n\n\n<div style=\"height:30px\" aria-hidden=\"true\" class=\"wp-block-spacer\"><\/div>\n\n\n\n<h3 class=\"wp-block-heading\">APPELLO ALLE AUTORITA\u2019 ITALIANE, EUROPEE, INTERNAZIONALI e alla SOCIETA\u2019 CIVILE <br>di MADRI, SORELLE E FAMILIARI DI PERSONE MORTE e DISPERSE AI CONFINI<\/h3>\n\n\n\n<p><br>Noi, madri, sorelle e familiari di persone scomparse o decedute nel tentativo di attraversare il Mediterraneo e altre zone di frontiera e confinamento come CPR e Hotspot, uniamo le nostre voci in questo appello urgente alla verit\u00e0, alla giustizia e alla memoria. Le politiche migratorie attuali trasformano il diritto alla circolazione in una sentenza di morte per chi vive a sud del Mediterraneo. Con questo testo vogliamo esprimere la nostra condanna verso questo sistema e presentare le nostre richieste a coloro che hanno il potere e il dovere di risponderne\u201d<\/p>\n\n\n\n<p><strong>Esigiamo verit\u00e0 e giustizia per chi ha perso la vita o \u00e8 scomparso nelle zone di frontiera<\/strong><\/p>\n\n\n\n<p>In particolare, chiediamo:<\/p>\n\n\n\n<ul class=\"wp-block-list\">\n<li><strong>Riconoscimento delle madri, sorelle, padri, fratelli e famiglie delle persone scomparse<\/strong> che devono essere ascoltate e informate, trattate con rispetto, non ignorate n\u00e9 ostacolate o criminalizzate dagli Stati, dalle Ambasciate&nbsp; e dagli organismi internazionali<\/li>\n<\/ul>\n\n\n\n<ul class=\"wp-block-list\">\n<li>Facilitare <strong>l\u2019accesso alla ricerca dei propri cari da parte delle famiglie<\/strong>, in particolare l\u2019accesso <strong>alle procedure di identificazione dei corpi<\/strong>, anche tramite test del DNA, nei paesi di origine e in quelli europei<\/li>\n\n\n\n<li>Garanzia di <strong>restituzione delle salme<\/strong> delle vittime ai familiari e, ove richiesto, di rimpatrio delle stesse nei Paesi di origine, a carico degli Stati. Garanzia di sepoltura delle salme nei luoghi designati dai familiari, in Europa o nei Paesi di origine.<\/li>\n<\/ul>\n\n\n\n<ul class=\"wp-block-list\">\n<li><strong>Accesso dei familiari in Europa e nei luoghi di confine,<\/strong> di detenzione, di morte e sparizione <strong>per cercare i propri cari, per partecipare ai processi<\/strong> e per celebrare i funerali dei congiunti nei luoghi di sepoltura lontana dalla terra di appartenenza.<strong> Facilitazione del rilascio di visti<\/strong>, tramite intermediazione delle ambasciate e dei consolati, a tutti quei familiari delle persone sepolte in Italia a seguito di un naufragio in mare e morte di frontiera, per consentire omaggio, memoria e preghiera sulle tombe dei propri cari nei cimiteri italiani ed europei.<\/li>\n\n\n\n<li><strong>Indagini indipendenti sulle morti in circostanze di naufragi, omissioni di soccorso in mare, morti nei CPR, negli hotspot<\/strong> e nelle zone di confine e identificazione<\/li>\n\n\n\n<li>Accesso <strong>ai fascicoli delle indagini da parte di famiglie e avvocati<\/strong> relativi a decessi, scomparse e inchieste delle autorit\u00e0 competenti italiane, europee e consolari sulle stragi in mare e sulle morti in frontiera<\/li>\n\n\n\n<li><strong>Condanna dei responsabili<\/strong> delle omissioni di soccorso, delle mancate ricerche dei dispersi, delle negligenze e degli abusi che avvengono nei luoghi di confinamento come i CPR e gli Hotspot, riconoscendo in maniera chiara le responsabilit\u00e0 degli Stati&nbsp;<\/li>\n\n\n\n<li><strong>Riconoscimento ufficiale delle ragioni di queste morti<\/strong>, delle vittime e delle loro famiglie, per la riparazione del danno morale e psicologico e la non ripetizione<\/li>\n\n\n\n<li><strong>Memoria<\/strong> per tutti i morti di frontiera, <strong>sepoltura degna e rispettosa dei credo religiosi<\/strong> della persona deceduta e della famiglia<\/li>\n\n\n\n<li><strong>Fine delle politiche di respingimento, contenimento e violenze in mare<\/strong>, con il coinvolgimento delle Guardie Costiere tunisine e libiche e dell\u2019agenzia europea Frontex, che provocano morti e sparizioni di persone per poi <strong>nascondere e negare queste violenze davanti alla legge, agli Stati, alle persone sopravvissute, alle famiglie e alla societ\u00e0 civile<\/strong>. Chiediamo di<strong> garantire il soccorso in mare<\/strong> per le imbarcazioni in difficolt\u00e0.<\/li>\n\n\n\n<li>Implementazione di politiche migratorie basate sui <strong>diritti umani<\/strong> e su <strong>canali d\u2019ingresso sicuri<\/strong> che permettano di viaggiare senza pericoli; <strong>Apertura delle frontiere<\/strong> e fine del sistema dei visti per viaggiare.<\/li>\n\n\n\n<li><strong>Abolizione dei CPR<\/strong> e di tutti i luoghi di confinamento e privazione della libert\u00e0, fine della detenzione amministrativa che criminalizza e uccide chi si muove, che reprime la libert\u00e0 e la dignit\u00e0 umana&nbsp;<\/li>\n<\/ul>\n\n\n\n<p>Le nostre figlie e figli, sorelle e fratelli non erano criminali, ma persone in cerca di vita, lavoro, libert\u00e0, felicit\u00e0, realizzazione. La loro memoria non sar\u00e0 cancellata: continueremo a lottare finch\u00e9 non otterremo verit\u00e0 e rispetto. Chiediamo che sia riconosciuto il nostro dolore e che le istituzioni non criminalizzino noi e i nostri figli ma si assumano la responsabilit\u00e0 morale e giuridica per quanto accade ai confini europei.<br>Queste richieste non sono solo nostre: parlano a nome di altre famiglie che vivono nel lutto, nel dolore, nel silenzio e nell\u2019abbandono istituzionale. Parliamo in nome della dignit\u00e0 umana e per i nostri figli e figlie in vita alle quali garantire un futuro diverso. La storia giudicher\u00e0 chi ha saputo guardare in faccia l\u2019ingiustizia e chi l\u2019ha ignorata.<br>Queste persone non sono morte per niente. Sono martiri per la libert\u00e0 di movimento.&nbsp;<\/p>\n\n\n\n<figure class=\"wp-block-image size-full\"><img loading=\"lazy\" decoding=\"async\" width=\"960\" height=\"720\" src=\"https:\/\/flotta.noblogs.org\/files\/2025\/09\/471352598_618616421023578_8276437183145752135_n.jpg\" alt=\"\" class=\"wp-image-3820\" srcset=\"https:\/\/flotta.noblogs.org\/files\/2025\/09\/471352598_618616421023578_8276437183145752135_n.jpg 960w, https:\/\/flotta.noblogs.org\/files\/2025\/09\/471352598_618616421023578_8276437183145752135_n-300x225.jpg 300w, https:\/\/flotta.noblogs.org\/files\/2025\/09\/471352598_618616421023578_8276437183145752135_n-768x576.jpg 768w\" sizes=\"auto, (max-width: 767px) 89vw, (max-width: 1000px) 54vw, (max-width: 1071px) 543px, 580px\" \/><\/figure>\n\n\n\n<p class=\"has-text-align-center\"><br><strong>Con questo appello confidiamo che le autorit\u00e0 italiane, europee, internazionali e la societ\u00e0 civile ci ascoltino e prendano in seria considerazione le nostre richieste.<\/strong><\/p>\n\n\n\n<div style=\"height:70px\" aria-hidden=\"true\" class=\"wp-block-spacer\"><\/div>\n\n\n\n<hr class=\"wp-block-separator has-text-color has-alpha-channel-opacity has-background is-style-wide\" style=\"background-color:#e50e7b;color:#e50e7b\" \/>\n\n\n\n<div style=\"height:20px\" aria-hidden=\"true\" class=\"wp-block-spacer\"><\/div>\n\n\n\n<div class=\"wp-block-columns is-layout-flex wp-container-core-columns-is-layout-9d6595d7 wp-block-columns-is-layout-flex\">\n<div class=\"wp-block-column is-layout-flow wp-block-column-is-layout-flow\" style=\"flex-basis:50%\">\n<h4 class=\"wp-block-heading has-white-color has-text-color has-link-color wp-elements-a3963fadd78e28a6957e5a085fb298a0 wp-container-content-e44c5f69\" style=\"font-style:normal;font-weight:300\">Mem.Med &#8211; Memoria Mediterranea si occupa di ricerca e identificazione delle persone disperse nel Mar Mediterraneo, fornendo supporto legale e psico-sociale alle famiglie che cercano verit\u00e0 e giustizia. Mem.Med si occupa di monitorare e denunciare le violenze della frontiera e di costruire una memoria collettiva su quanto accade alle due sponde del Mediterraneo.<\/h4>\n\n\n\n<h4 class=\"wp-block-heading has-white-color has-text-color has-link-color wp-elements-315c6a423a27d07cc187c5663c2f7b9d wp-container-content-e44c5f69\" style=\"font-style:normal;font-weight:300\"><a href=\"https:\/\/memoriamediterranea.org\/\" data-type=\"link\" data-id=\"https:\/\/memoriamediterranea.org\/\" target=\"_blank\" rel=\"noreferrer noopener\">Website<\/a> \/ <a href=\"mailto:info@memoriamediterranea.org\" data-type=\"mailto\" data-id=\"mailto:info@memoriamediterranea.org\" target=\"_blank\" rel=\"noreferrer noopener\">Email<\/a><\/h4>\n<\/div>\n\n\n\n<div class=\"wp-block-column is-layout-flow wp-block-column-is-layout-flow\" style=\"flex-basis:50%\"><div class=\"wp-block-image\">\n<figure class=\"alignleft size-full\"><img loading=\"lazy\" decoding=\"async\" width=\"452\" height=\"354\" src=\"https:\/\/flotta.noblogs.org\/files\/2025\/09\/memmed-e1756797307873.jpg\" alt=\"\" class=\"wp-image-3806\" srcset=\"https:\/\/flotta.noblogs.org\/files\/2025\/09\/memmed-e1756797307873.jpg 452w, https:\/\/flotta.noblogs.org\/files\/2025\/09\/memmed-e1756797307873-300x235.jpg 300w\" sizes=\"auto, (max-width: 452px) 100vw, 452px\" \/><\/figure>\n<\/div><\/div>\n<\/div>\n\n\n\n<hr class=\"wp-block-separator has-text-color has-alpha-channel-opacity has-background is-style-wide\" style=\"background-color:#e50e7b;color:#e50e7b\" \/>\n\n\n\n<div style=\"height:30px\" aria-hidden=\"true\" class=\"wp-block-spacer\"><\/div>\n\n\n\n<div class=\"wp-block-columns is-layout-flex wp-container-core-columns-is-layout-9d6595d7 wp-block-columns-is-layout-flex\">\n<div class=\"wp-block-column is-layout-flow wp-block-column-is-layout-flow\" style=\"flex-basis:15%\"><\/div>\n\n\n\n<div class=\"wp-block-column is-layout-flow wp-block-column-is-layout-flow\" style=\"flex-basis:15%\"><\/div>\n\n\n\n<div class=\"wp-block-column is-layout-flow wp-block-column-is-layout-flow\" style=\"flex-basis:70%\">\n<div class=\"wp-block-buttons is-content-justification-right is-layout-flex wp-container-core-buttons-is-layout-765c4724 wp-block-buttons-is-layout-flex\">\n<div class=\"wp-block-button is-style-outline is-style-outline--1\"><a class=\"wp-block-button__link has-text-align-center wp-element-button\" href=\"https:\/\/flotta.noblogs.org\/campaigns\/\">CAMPAIGNS<\/a><\/div>\n\n\n\n<div class=\"wp-block-button is-style-outline is-style-outline--2\"><a class=\"wp-block-button__link has-text-align-center wp-element-button\" href=\"https:\/\/flotta.noblogs.org\">HOME<\/a><\/div>\n\n\n\n<div class=\"wp-block-button is-style-outline is-style-outline--3\"><a class=\"wp-block-button__link has-text-align-center wp-element-button\" href=\"#mm\">TOP<\/a><\/div>\n<\/div>\n<\/div>\n<\/div>\n","protected":false},"excerpt":{"rendered":"<p>Dal Mediterraneo a Ventimiglia: in memoria dellx martiri per la libert\u00e0 di movimento MEM.MED Memoria Mediterranea, Gruppo di solidali di Ventimiglia Da un estremo all&#8217;altro della penisola uniamo le nostre voci a quelle delle famiglie delle vittime del sistema frontaliero, per denunciare ancora una volta la violenza dei confini esterni ed interni, per ricordare e &hellip; <\/p>\n<p class=\"link-more\"><a href=\"https:\/\/flotta.noblogs.org\/it\/from-the-mediterranean-to-ventimiglia-in-memory-of-the-martyrs-for-freedom-of-movement\/\" class=\"more-link\">Leggi tutto<span class=\"screen-reader-text\"> &#8220;From the Mediterranean to Ventimiglia: in memory of the martyrs for freedom of movement&#8221;<\/span><\/a><\/p>\n","protected":false},"author":20714,"featured_media":0,"parent":0,"menu_order":0,"comment_status":"closed","ping_status":"closed","template":"","meta":{"_locale":"it_IT","_original_post":"https:\/\/flotta.noblogs.org\/?page_id=3799","footnotes":""},"class_list":["post-3805","page","type-page","status-publish","hentry","it-IT"],"_links":{"self":[{"href":"https:\/\/flotta.noblogs.org\/wp-json\/wp\/v2\/pages\/3805","targetHints":{"allow":["GET"]}}],"collection":[{"href":"https:\/\/flotta.noblogs.org\/wp-json\/wp\/v2\/pages"}],"about":[{"href":"https:\/\/flotta.noblogs.org\/wp-json\/wp\/v2\/types\/page"}],"author":[{"embeddable":true,"href":"https:\/\/flotta.noblogs.org\/wp-json\/wp\/v2\/users\/20714"}],"replies":[{"embeddable":true,"href":"https:\/\/flotta.noblogs.org\/wp-json\/wp\/v2\/comments?post=3805"}],"version-history":[{"count":30,"href":"https:\/\/flotta.noblogs.org\/wp-json\/wp\/v2\/pages\/3805\/revisions"}],"predecessor-version":[{"id":3903,"href":"https:\/\/flotta.noblogs.org\/wp-json\/wp\/v2\/pages\/3805\/revisions\/3903"}],"wp:attachment":[{"href":"https:\/\/flotta.noblogs.org\/wp-json\/wp\/v2\/media?parent=3805"}],"curies":[{"name":"wp","href":"https:\/\/api.w.org\/{rel}","templated":true}]}}