{"id":3532,"date":"2025-08-28T13:21:49","date_gmt":"2025-08-28T11:21:49","guid":{"rendered":"https:\/\/flotta.noblogs.org\/?page_id=3532"},"modified":"2025-08-31T17:39:44","modified_gmt":"2025-08-31T15:39:44","slug":"waves","status":"publish","type":"page","link":"https:\/\/flotta.noblogs.org\/it\/waves\/","title":{"rendered":"Onde"},"content":{"rendered":"\n<h2 class=\"wp-block-heading\">Onde!<\/h2>\n\n\n\n<p>L&#8217;occupazione marittima nel Mediterraneo Centrale <strong>non \u00e8 l&#8217;unica cosa, ma solo una parte della storia<\/strong>. Siamo un movimento e creiamo onde contro il sistema, e non potremmo farlo senza le f.Lottine, le f.Lotta di terra, e i gruppi che ci supportano.<\/p>\n\n\n\n<p>Azioni multiple, decentralizzate e interconnesse che hanno luogo prima durante e dopo l&#8217;evento principale a sud di Lampedusa, sono necessarie per raggiungere il maggior numero di persone possibili con le idee di f.Lotta e contrastare la crescente influenza dell&#8217;estrema destra. Avendo l&#8217;Europa deciso di diventare una fortezza, ha accettato il rischio di affrontare un assedio collettivo.<\/p>\n\n\n\n<h2 class=\"wp-block-heading\">f.Lottine e f.Lotta di terra<\/h2>\n\n\n\n<p>Una f.Lottina \u00e8 un&#8217;occupazione marina, o di un fiume o un lago diversa da quella che avverr\u00e0 nel Mediterraneo centrale. Una f.Lotta di terra \u00e8 un&#8217;azione che pu\u00f2 prendere varie forme, come una conferenza, una marcia, un sit-in davanti a un centro di deportazione.  Occasinalmente, le f.Lottine e le f.Lotta di terra sono organizzate assieme.<\/p>\n\n\n\n<p>f.Lottine e f.Lotta di terra portano le nostre idee e i nostri orizzonti politici dove fanno pi\u00f9 male, all&#8217;interno della fortezza. L&#8217;occupazione nel Mediterraneo centrale incita altre occupazioni in altri luoghi, liberando spazi pubblici dalla logica del regime delle frontiere.<\/p>\n\n\n\n<div style=\"height:30px\" aria-hidden=\"true\" class=\"wp-block-spacer\"><\/div>\n\n\n\n<figure class=\"wp-block-image size-large\"><a href=\"http:\/\/u.osmfr.org\/m\/1261555\/\"><img loading=\"lazy\" decoding=\"async\" width=\"1024\" height=\"724\" src=\"https:\/\/flotta.noblogs.org\/files\/2025\/08\/map_310825-1024x724.png\" alt=\"\" class=\"wp-image-3669\" srcset=\"https:\/\/flotta.noblogs.org\/files\/2025\/08\/map_310825-1024x724.png 1024w, https:\/\/flotta.noblogs.org\/files\/2025\/08\/map_310825-300x212.png 300w, https:\/\/flotta.noblogs.org\/files\/2025\/08\/map_310825-768x543.png 768w, https:\/\/flotta.noblogs.org\/files\/2025\/08\/map_310825-1536x1085.png 1536w, https:\/\/flotta.noblogs.org\/files\/2025\/08\/map_310825-2048x1447.png 2048w\" sizes=\"auto, (max-width: 767px) 89vw, (max-width: 1000px) 54vw, (max-width: 1071px) 543px, 580px\" \/><\/a><\/figure>\n\n\n\n<p class=\"has-text-align-right has-small-font-size\">clicca sull&#8217;immagine per vedere <a href=\"http:\/\/u.osmfr.org\/m\/1261555\/\" data-type=\"link\" data-id=\"http:\/\/u.osmfr.org\/m\/1261555\/\" target=\"_blank\" rel=\"noreferrer noopener\">tutti gli eventi di f.Lotta<\/a><\/p>\n\n\n\n<div style=\"height:30px\" aria-hidden=\"true\" class=\"wp-block-spacer\"><\/div>\n\n\n\n<p>Creao onde contro il regime delle frontiere con noi: puoi sia contattare l&#8217;azione di f.Lotta pi\u00f9 vicina a te, o organizzarne una nuova ! Nella nostra <a href=\"https:\/\/flotta.noblogs.org\/it\/media\/\">pagina media<\/a> puoi trovare il materiale grafico che ti serve, non esitare a contattarci per qualsiasi ulteriore informazione.<\/p>\n\n\n\n<h2 class=\"wp-block-heading\">Gruppi di f.Lotta<\/h2>\n\n\n\n<p>f.Lotta is a movement carried by many groups, collectives and individuals that connect their struggles and vision to change the border regime.&nbsp;Groups are spread across Europe and each creates a piece of f.Lotta: they carry campaigns, they stirs local initiatives, they join a network of solidarity and resistance.&nbsp;<\/p>\n\n\n\n<p>f.Lotta \u00e8 un movimento portato avanti da vari gruppi, collettivi e persone che connettono le loro lotte e visioni per cambiare il regime delle frontiere. I gruppi sono sparsi in tutta Europa e costituiscono le parti di f.Lotta: portano campagne, propongono iniziative locali e entrano a far parte di una rete di solidariet\u00e0 e resistenza.<\/p>\n\n\n\n<details class=\"wp-block-details is-layout-flow wp-block-details-is-layout-flow\"><summary>Li puoi trovare qua!<\/summary>\n<p><strong>Gruppi che propongono delle campagne:<\/strong> Seasters Coop, Captain support, De:criminalize, ASCM, Lunapo, Bord&#8217;iels, Anti CRA, Marco Cavallo, Refugees in Libya, We Smell Gas, Utopia 56, L&#8217;Auberge des migrants, ASGI, ActionAid, A Buon Diritto, Lucha y siesta, Differenza Donna, Spazi Circolari, Le Carbet, Alarm Phone, Coalition Guerre \u00e0 la Guerre, Sumud flotilla, Freedom flottilla, MedMed<\/p>\n\n\n\n<p><strong>Gruppi che partecipano a f.Lotta:<\/strong> ACSM, Alarm Phone, Soul\u00e8vement de la terre Mars, Lounapo, Abolish frontex, Al Mamba, Librairie Transit, AntiCra, De Marseille \u00e0 Gaza, Le Nuage \u00e9tait sous nos pieds, Abolish Frontex, Free All Antifas, WeSmellGas, Chkoun Collective, ACSM, Alarm Phone, Soul\u00e8vement de la terre Mars, Lounapo, Abolish frontex, Al Mamba, Librairie Transit, AntiCra, De Marseille \u00e0 Gaza, Le Nuage \u00e9tait sous nos pieds, Abolish Frontex, Free All Antifas, WeSmellGas, Chkoun Collective, Porco Rosso Maldusa, right2be Forum, antirazzista, ragazzi bayefall, Moltivolti SOS Ballar\u00f2, Words on the border, Offenes, antifaschistisches plenum Rosenheim, initiativkreis migration Rosenheim, Seasters, Imara, Lunapo<br><\/p>\n\n\n\n<p><strong>Groups  che hanno firmato il manifesto:<\/strong> Las Marikarmen, Balkanbr\u00fccke, Abolish Frontex, We Smell Gas, Compass Collective<\/p>\n<\/details>\n\n\n\n<p>Altri gruppi portano supporto politico e visibilit\u00e0 a f.Lotta. Condividono la dichiarazione pubblica di f.Lotta e supportano il movimento.<\/p>\n\n\n\n<p>Se sei parte di un gruppo e vuoi manifestare il tuo supporto politico puoi condividere la dichiarazione pubblica anche in versione Instagram.<\/p>\n\n\n\n<ul class=\"wp-block-list\">\n<li>Firma <a href=\"https:\/\/cryptpad.fr\/form\/#\/2\/form\/view\/d37GwXiA4htFIhzPqQQlaChUK-cQ0fZxqp3bwb-W76E\/\" target=\"_blank\" rel=\"noreferrer noopener\"><strong>questa dicharazione<\/strong><\/a> e pubblicala sul tuo sito (<a href=\"https:\/\/flotta.noblogs.org\/files\/2025\/08\/flotta-statement-it.pdf\" data-type=\"attachment\" data-id=\"2191\">versione PDF<\/a>)<\/li>\n\n\n\n<li>Posta la <a href=\"https:\/\/cryptpad.fr\/file\/#\/2\/file\/Zz1JfEN3SeSrfAAWfNHvN0t9\/\" target=\"_blank\" rel=\"noreferrer noopener\"><strong>versione instagram<\/strong><\/a> e sentiti libera di adattarla! Non dimenticare di taggarci nel commento @f.lotta_&nbsp; Se hai domande puoi contattarci alla nostra pagina <a href=\"https:\/\/www.instagram.com\/f.lotta_\">Instagram<\/a>.<\/li>\n<\/ul>\n\n\n\n<h3 class=\"wp-block-heading\">Creiamo pi\u00f9 onde contro il sistema!<\/h3>\n","protected":false},"excerpt":{"rendered":"<p>Onde! L&#8217;occupazione marittima nel Mediterraneo Centrale non \u00e8 l&#8217;unica cosa, ma solo una parte della storia. Siamo un movimento e creiamo onde contro il sistema, e non potremmo farlo senza le f.Lottine, le f.Lotta di terra, e i gruppi che ci supportano. Azioni multiple, decentralizzate e interconnesse che hanno luogo prima durante e dopo l&#8217;evento &hellip; <\/p>\n<p class=\"link-more\"><a href=\"https:\/\/flotta.noblogs.org\/it\/waves\/\" class=\"more-link\">Leggi tutto<span class=\"screen-reader-text\"> &#8220;Onde&#8221;<\/span><\/a><\/p>\n","protected":false},"author":20714,"featured_media":0,"parent":0,"menu_order":0,"comment_status":"closed","ping_status":"closed","template":"","meta":{"_locale":"it_IT","_original_post":"https:\/\/flotta.noblogs.org\/?page_id=1209","footnotes":""},"class_list":["post-3532","page","type-page","status-publish","hentry","it-IT"],"_links":{"self":[{"href":"https:\/\/flotta.noblogs.org\/wp-json\/wp\/v2\/pages\/3532","targetHints":{"allow":["GET"]}}],"collection":[{"href":"https:\/\/flotta.noblogs.org\/wp-json\/wp\/v2\/pages"}],"about":[{"href":"https:\/\/flotta.noblogs.org\/wp-json\/wp\/v2\/types\/page"}],"author":[{"embeddable":true,"href":"https:\/\/flotta.noblogs.org\/wp-json\/wp\/v2\/users\/20714"}],"replies":[{"embeddable":true,"href":"https:\/\/flotta.noblogs.org\/wp-json\/wp\/v2\/comments?post=3532"}],"version-history":[{"count":4,"href":"https:\/\/flotta.noblogs.org\/wp-json\/wp\/v2\/pages\/3532\/revisions"}],"predecessor-version":[{"id":3671,"href":"https:\/\/flotta.noblogs.org\/wp-json\/wp\/v2\/pages\/3532\/revisions\/3671"}],"wp:attachment":[{"href":"https:\/\/flotta.noblogs.org\/wp-json\/wp\/v2\/media?parent=3532"}],"curies":[{"name":"wp","href":"https:\/\/api.w.org\/{rel}","templated":true}]}}