{"id":2293,"date":"2025-08-05T11:10:26","date_gmt":"2025-08-05T09:10:26","guid":{"rendered":"https:\/\/flotta.noblogs.org\/?page_id=2293"},"modified":"2025-09-14T15:46:13","modified_gmt":"2025-09-14T13:46:13","slug":"free-palestine","status":"publish","type":"page","link":"https:\/\/flotta.noblogs.org\/it\/free-palestine\/","title":{"rendered":"Palestina Libera! Contro il genocidio"},"content":{"rendered":"\n<div style=\"height:1px\" aria-hidden=\"true\" id=\"palestine-top-it\" class=\"wp-block-spacer\"><\/div>\n\n\n\n<div class=\"wp-block-columns is-layout-flex wp-container-core-columns-is-layout-9d6595d7 wp-block-columns-is-layout-flex\">\n<div class=\"wp-block-column is-layout-flow wp-block-column-is-layout-flow\" style=\"flex-basis:45%\">\n<h2 class=\"wp-block-heading\">Palestina Libera! Contro il genocidio<\/h2>\n<\/div>\n\n\n\n<div class=\"wp-block-column is-layout-flow wp-block-column-is-layout-flow\" style=\"flex-basis:55%\">\n<figure data-wp-context=\"{&quot;imageId&quot;:&quot;69fd4a28cfcf8&quot;}\" data-wp-interactive=\"core\/image\" data-wp-key=\"69fd4a28cfcf8\" class=\"wp-block-image size-large wp-lightbox-container\"><img loading=\"lazy\" decoding=\"async\" width=\"724\" height=\"1024\" data-wp-class--hide=\"state.isContentHidden\" data-wp-class--show=\"state.isContentVisible\" data-wp-init=\"callbacks.setButtonStyles\" data-wp-on--click=\"actions.showLightbox\" data-wp-on--load=\"callbacks.setButtonStyles\" data-wp-on-window--resize=\"callbacks.setButtonStyles\" src=\"https:\/\/flotta.noblogs.org\/files\/2025\/08\/palestinenb-724x1024.jpg\" alt=\"\" class=\"wp-image-2297\" srcset=\"https:\/\/flotta.noblogs.org\/files\/2025\/08\/palestinenb-724x1024.jpg 724w, https:\/\/flotta.noblogs.org\/files\/2025\/08\/palestinenb-212x300.jpg 212w, https:\/\/flotta.noblogs.org\/files\/2025\/08\/palestinenb-768x1086.jpg 768w, https:\/\/flotta.noblogs.org\/files\/2025\/08\/palestinenb-1086x1536.jpg 1086w, https:\/\/flotta.noblogs.org\/files\/2025\/08\/palestinenb-1448x2048.jpg 1448w, https:\/\/flotta.noblogs.org\/files\/2025\/08\/palestinenb-scaled.jpg 1810w\" sizes=\"auto, (max-width: 724px) 100vw, 724px\" \/><button\n\t\t\tclass=\"lightbox-trigger\"\n\t\t\ttype=\"button\"\n\t\t\taria-haspopup=\"dialog\"\n\t\t\taria-label=\"Ingrandisci\"\n\t\t\tdata-wp-init=\"callbacks.initTriggerButton\"\n\t\t\tdata-wp-on--click=\"actions.showLightbox\"\n\t\t\tdata-wp-style--right=\"state.imageButtonRight\"\n\t\t\tdata-wp-style--top=\"state.imageButtonTop\"\n\t\t>\n\t\t\t<svg xmlns=\"http:\/\/www.w3.org\/2000\/svg\" width=\"12\" height=\"12\" fill=\"none\" viewBox=\"0 0 12 12\">\n\t\t\t\t<path fill=\"#fff\" d=\"M2 0a2 2 0 0 0-2 2v2h1.5V2a.5.5 0 0 1 .5-.5h2V0H2Zm2 10.5H2a.5.5 0 0 1-.5-.5V8H0v2a2 2 0 0 0 2 2h2v-1.5ZM8 12v-1.5h2a.5.5 0 0 0 .5-.5V8H12v2a2 2 0 0 1-2 2H8Zm2-12a2 2 0 0 1 2 2v2h-1.5V2a.5.5 0 0 0-.5-.5H8V0h2Z\" \/>\n\t\t\t<\/svg>\n\t\t<\/button><\/figure>\n\n\n\n<p class=\"has-text-align-center has-text-color has-link-color wp-elements-9e2b09c1a099d3c5a9b904546837334d\" style=\"color:#e31c79\"><strong><strong>Global Sumud Flotilla, WeSmellGas, Palestinian Institute for Climate Strategy, From Marseille to Gaza, Freedom Flotilla Coalition<\/strong><\/strong><\/p>\n<\/div>\n<\/div>\n\n\n\n<p class=\"has-text-align-right\"><br>leggi la versione in <a href=\"https:\/\/www.wesmellgas.org\/resources\/0101-ar\" data-type=\"link\" data-id=\"https:\/\/www.wesmellgas.org\/resources\/0101-ar\" target=\"_blank\" rel=\"noreferrer noopener\">ara<\/a><a href=\"https:\/\/www.wesmellgas.org\/resources\/0100-ar\" data-type=\"link\" data-id=\"https:\/\/www.wesmellgas.org\/resources\/0100-ar\" target=\"_blank\" rel=\"noreferrer noopener\">bo<\/a>, <a href=\"https:\/\/www.wesmellgas.org\/resources\/0101-tr\" data-type=\"link\" data-id=\"https:\/\/www.wesmellgas.org\/resources\/0101-tr\" target=\"_blank\" rel=\"noreferrer noopener\">turco<\/a> o <a href=\"https:\/\/www.wesmellgas.org\/resources\/0101-gr\" data-type=\"link\" data-id=\"https:\/\/www.wesmellgas.org\/resources\/0101-gr\" target=\"_blank\" rel=\"noreferrer noopener\">greco<\/a> della campagna<br><\/p>\n\n\n\n<pre class=\"wp-block-preformatted has-white-color has-text-color has-link-color has-medium-font-size wp-elements-b2326257a84f167f3f53aecd93a675de\">We take to the rivers and the sea \u2013 until Palestine and all oppressed peoples are free, and until genocide, borders, and fossil capitalism are ended.<\/pre>\n\n\n\n<div style=\"height:20px\" aria-hidden=\"true\" class=\"wp-block-spacer\"><\/div>\n\n\n\n<div style=\"height:20px\" aria-hidden=\"true\" class=\"wp-block-spacer\"><\/div>\n\n\n\n<p>Innalziamo la bandiera della <strong>Palestina come simbolo di dignit\u00e0 resistenza e libert\u00e0 <\/strong>e navighiamo il Mediterraneo come una parte dell&#8217;occupazione massiva di f.Lotta contro il violento regime delle frontiere dell&#8217;Unione Europea,<strong> per la liberazione e la libert\u00e0 di movimento per tutt<\/strong>.<\/p>\n\n\n\n<p>Il Mar Mediterraneo \u00e8 diventato un cimitero per decine di migliaia di persone in fuga da guerre, genocidi e oppressione. Mentre armi, combustibili fossili, e prodotti di consumo di massa possono muoversi liberamente attraverso i confini, le persone in cerca di una vita degna devono affrontare violenze, traumi e morte.<\/p>\n\n\n\n<p>I Palestinesi affrontano alcune delle forme di attacco pi\u00f9 estreme alla loro libert\u00e0 di movimento. Per decenni i Palestinesi hanno resistito contro ogni sorta di voilenza coloniale e oppressione. La loro terra \u00e8 stata divisa e assediata da confini imperialisti e occupazioni dei coloni. Il sistema di apartheid israeliano ha raggiunto la sua logica conclusione negli ultimi due anni, mettendosi a nudo: un genocidio in presa diretta, ora portato avanti con una deliberata politica di affamamento, distruzione della terra, dell&#8217;acqua e della vita. L&#8217;entit\u00e0 sionista sta perpetrando tutti i metodi i disumanizzazione, impunemente, davanti agli occhi dell&#8217;umanit\u00e0<\/p>\n\n\n\n<p><strong>La lotta per la libert\u00e0 di movimento \u00e8 intrinsecamente legata alla lotta per una Palestina libera e alla lotta globale contro il colonialismo e l&#8217;imperialismo.<\/strong> In questo sforzo congiunto di diversi gruppi, la campagna di f.Lotta per la palestina riecheggia dei suoni di piazze e strade di tutto il mondo: <strong>la libert\u00e0 della Palestina \u00e8 la libert\u00e0 per tutt!<\/strong><\/p>\n\n\n\n<h2 class=\"wp-block-heading\">Svelare la violenza coloniale e il razzismo capitalista<\/h2>\n\n\n\n<p>La violenza a cui stiamo assistendo in Palestina mette in luce un ordine globale che sacrifica vite razializzate per il profitto e il potere. Il regime delle frontiere dell&#8217;Unione Europea \u00e8 il cane da guarda di questo sistema. Le persone che attraversano il Mediterraneo sono sopravvissuti di guerre intraprese per l&#8217;estrazione di risorse, controllo territoriale, ed espansione autoritaria. Questo include spopolazione violenta, appropriazione di terre, mega-progetti ecocidi, e progetti infrastrutturali che impediscono il movimento delle persone e mettono in pericolo la natura e gli esseri viventi. Le popolazioni indigene che resistono a questi progetti sono trattate come ostacoli da essere rimossi tramite violenza brutale, incarcerazione e omicidi.<\/p>\n\n\n\n<p>Uno degli strumenti chave che sostengono l&#8217;imperialismo dominante \u00e8 l&#8217;economia globale dell&#8217;energia. Molte delle guerre presenti e future, ruotano attorno all&#8217;accesso alle risorse che alimentano il sistema globale dell&#8217;energia e alla cos\u00ec detta transizione verde. Negli anni recenti, i gas fossili sono stati proposti come un&#8217;alternativa &#8220;pulita&#8221;, tuttavia rappresenta un&#8217;altra opportunit\u00e0 per l&#8217;estrattivismo nel Sud Globale. Mentre Israele porta avanti il suo progetto genocida per occupare e fare pulizia etnica a Gaza, simultaneamente stipula accordi record sul gas con l&#8217;Egitto e un accordo per un grande gasdotto con Cipro e la Grecia &#8211; mossa che va a braccietto con una rafforzata cooperazione militare con i regimi autoritari. Questi progetti non riguardano solo il profitto ma sono anche finalizzati a consolidare il regime fossile della regione che alimenta il genocidio, l&#8217;espansione colaniale e il collasso climatico.  <\/p>\n\n\n\n<h2 class=\"wp-block-heading\">Exposing the EU&#8217;s genocidal and colonial liberalism<\/h2>\n\n\n\n<p>The dominant systems are based on racialized hierarchies. They determine who is allowed to live and thrive, and whose life can be disposed. This logic is as clear in Palestine as it is in the deaths and suffering at the EU border.&nbsp;<\/p>\n\n\n\n<p>The EU border system relies on Israeli technologies to monitor and prevent people on the move: The very same Israeli Heron drones used to monitor and target Palestinians in Gaza are also deployed by the EU\u2019s border agency, Frontex, to patrol the Mediterranean. Beyond surveillance, Israel exports experimental technologies \u2013 from border biometrics to geoengineering projects like Stardust Solutions \u2013 that turn Palestine into a laboratory for militarized &#8216;climate solutions&#8217; and repression.<\/p>\n\n\n\n<p>From policing methods to surveillance tech \u2013 states in Europe and beyond are receiving training, services, and products from the Zionist entity, to oppress people within their own borders.&nbsp;While war criminals act and travel freely and luxuriously, people face deportation and prison sentences for protesting the governments&#8217; role in a brutal genocide. Meanwhile, sea rescue and other acts of solidarity are increasingly criminalized, as is migration itself.&nbsp;<\/p>\n\n\n\n<p>The crackdown on the Palestine solidarity movement in Europe is being leveraged to stoke racism against Palestinians, Muslims and everyone that it considers a &#8220;foreigner&#8221;. This climate of racism creates fertile ground for ongoing deportations, EU asylum reforms, and the expansion of border externalization. Meanwhile, as fascist parties and politicians in Europe plot to strip citizenship and deport millions, Israel pursues similar measures against the Palestinian population in Gaza and all over the occupied territories.<\/p>\n\n\n\n<p>The genocide in Palestine has exposed the depths of violence and impunity that imperialist powers will resort to in order to protect their interests and agendas.<strong> Standing with Palestine is therefore a question about what kind of world we are willing to accept.<\/strong><\/p>\n\n\n\n<h2 class=\"wp-block-heading\">Sailing on the path of all those who resist!<\/h2>\n\n\n\n<h3 class=\"wp-block-heading\">Solidarity recognizes no borders.<\/h3>\n\n\n\n<div style=\"height:20px\" aria-hidden=\"true\" class=\"wp-block-spacer\"><\/div>\n\n\n\n<p>People\u2019s organized action on the Mediterranean Sea has saved countless lives, creating hope and solidarity amid deadly border systems.&nbsp;<\/p>\n\n\n\n<p>As people on the move continue to break the borders in the Mediterranean daily and show immense solidarity and revolutionary reimagination of their lives and communities, hundreds of activists have been preparing actions to deliver humanitarian aid to Gaza.<\/p>\n\n\n\n<p>Since years, the <em>Freedom Flotilla<\/em>&nbsp;has sailed in numerous routes and constellations to break the siege on Gaza. Earlier this year, a group of activists onboard the <em>Madleen<\/em> sailed towards Gaza to break the siege before being kidnapped and deported by the Israeli occupation forces. On the way to Gaza, the crew was able to rescue Sudanese refugees,&nbsp; fleeing genocidal forces and counter-revolutionary war. While sailing to break the siege in Palestine, the Madleen was able to prevent that refugees are pushed back to Libya where they face enslavement, incarceration, and death by EU-backed militias.&nbsp;<strong>The Sea connects the struggles.<\/strong><\/p>\n\n\n\n<p>Now, the <em>Global Sumud Flotilla<\/em> is preparing to sail with people from over 44 countries to break the siege in the largest civilian maritime mission to Gaza since 2007. Thousands are risking their bodies, pushing the boundaries of resistance, and demonstrating the height of their political awareness and collective action.<\/p>\n\n\n\n<p>Just as these previous and current actions, this campaign sails with the f.Lotta to break borders, link the struggles and broaden the imagination of a world with freedom of movement and collective liberation.&nbsp;<\/p>\n\n\n\n<p>These are among many other concrete grassroots actions in the face of international complicity and escalating violence that will spare no one in the future.<\/p>\n\n\n\n<p><strong>We salute and stand in solidarity with the people who take matters into their own hands to end the genocidal siege<\/strong>. We sail on their path,&nbsp;<strong>reclaiming the Mediterranean Sea as a site of struggle and resistance&nbsp;<\/strong>in contrast to&nbsp;those who have turned it into a graveyard.&nbsp;<\/p>\n\n\n\n<h2 class=\"wp-block-heading\">Connecting the struggles<\/h2>\n\n\n\n<p>More than ever before, now is the time for everyone to unite forces and struggles towards the only viable solution to this world imposed on us: <strong>freedom and self-determination for all<\/strong>.<\/p>\n\n\n\n<p>While&nbsp;EU states continue to back genocide, ecocide, and war crimes:&nbsp;<\/p>\n\n\n\n<ul class=\"wp-block-list\">\n<li>We commit to exposing all state entities and corporations, including&nbsp;fossil fuel and arms manufacturing companies as well as tech firms, that profit from war and destruction.&nbsp;<\/li>\n\n\n\n<li>We must&nbsp;<strong>recognize Israel&#8217;s genocide and ecocide, and Europe&#8217;s role in funding and arming it.<\/strong><\/li>\n\n\n\n<li>We fight and&nbsp;<strong>resist<\/strong>&nbsp;for a global energy embargo against Israel and&nbsp;call on all the harbor and factory workers to persist in withdrawing their labor, refusing the starvation of Palestinian children and families.&nbsp;<\/li>\n\n\n\n<li>We must commit to&nbsp;<strong>rebuilding <\/strong>through&nbsp;<strong>just reconstruction and healing of Gaza<\/strong> based on the will and self-determination of the Palestinian people, ensuring sovereignty over land, water, and energy.<\/li>\n\n\n\n<li>We stand alongside billions of people in the world who will never stop demanding nothing less than <strong>a free Palestine, from the river to the sea \u2013 and a world rebuilt beyond genocide, fossil capitalism, and borders.<\/strong><\/li>\n<\/ul>\n\n\n\n<p>With these demands, we simultaneously <strong>fight for the freedom of all oppressed peoples and for an ecological, just future for all living beings<\/strong>.<\/p>\n\n\n\n<div style=\"height:30px\" aria-hidden=\"true\" class=\"wp-block-spacer\"><\/div>\n\n\n\n<h2 class=\"wp-block-heading\"><strong>Core signatories<\/strong><\/h2>\n\n\n\n<div style=\"height:20px\" aria-hidden=\"true\" class=\"wp-block-spacer\"><\/div>\n\n\n\n<div class=\"wp-block-columns is-layout-flex wp-container-core-columns-is-layout-9d6595d7 wp-block-columns-is-layout-flex\">\n<div class=\"wp-block-column is-layout-flow wp-block-column-is-layout-flow\">\n<h4 class=\"wp-block-heading has-white-color has-text-color has-link-color wp-elements-f6cbb94b380f47565a8d41666d2db027 wp-container-content-e44c5f69\" style=\"font-style:normal;font-weight:300\"><strong>Global Sumud Flotilla<\/strong> independent, international, and unaffiliated with any government or political party. Our allegiance is to justice, freedom, and the sanctity of human life. Our efforts build on decades of Palestinian resistance and international solidarity. Though we belong to\/hold different nations, faiths, and political beliefs, we are united by a single truth: the siege and genocide must end.<\/h4>\n\n\n\n<h4 class=\"wp-block-heading has-white-color has-text-color has-link-color wp-elements-909b59f0b3091d9047be87f39880925b wp-container-content-e44c5f69\" style=\"font-style:normal;font-weight:300\">Learn more at&nbsp;<a href=\"https:\/\/globalsumudflotilla.org\/\">Sail to Gaza &#8211; Collective Action for Gaza<\/a><\/h4>\n\n\n\n<div style=\"height:10px\" aria-hidden=\"true\" class=\"wp-block-spacer\"><\/div>\n\n\n\n<hr class=\"wp-block-separator has-text-color has-white-color has-alpha-channel-opacity has-white-background-color has-background is-style-wide\" \/>\n\n\n\n<div style=\"height:10px\" aria-hidden=\"true\" class=\"wp-block-spacer\"><\/div>\n\n\n\n<h4 class=\"wp-block-heading has-white-color has-text-color has-link-color wp-elements-2485d0b4005555690c65d8652c1e7de3 wp-container-content-e44c5f69\" style=\"font-style:normal;font-weight:300\"><strong>Palestinian Institute for Climate Strategy (PICS)<\/strong> is a research, advocacy, and movement-building institute working to place Palestinian liberation at the heart of global climate justice. Based in Palestine and internationally connected, PICS confronts fossil capitalism, militarism, and ecocide while advancing campaigns for energy embargo, just reconstruction, and decolonial futures. We build alliances across movements to recognise, resist, and rebuild beyond genocide and climate collapse.<\/h4>\n\n\n\n<h4 class=\"wp-block-heading has-white-color has-text-color has-link-color wp-elements-db1056a226233ca49a2b3c3641309359 wp-container-content-e44c5f69\" style=\"font-style:normal;font-weight:300\">Learn more at <a href=\"https:\/\/www.palclimateinstitute.org\/\" target=\"_blank\" rel=\"noreferrer noopener\">our website<\/a>. For inquiries, contact: <a href=\"mailto:info@palclimatestrategy.org\">info@palclimatestrategy.org<\/a><\/h4>\n\n\n\n<div style=\"height:10px\" aria-hidden=\"true\" class=\"wp-block-spacer\"><\/div>\n\n\n\n<hr class=\"wp-block-separator has-text-color has-white-color has-alpha-channel-opacity has-white-background-color has-background is-style-wide\" \/>\n\n\n\n<div style=\"height:10px\" aria-hidden=\"true\" class=\"wp-block-spacer\"><\/div>\n\n\n\n<h4 class=\"wp-block-heading has-white-color has-text-color has-link-color wp-elements-80d8feb76623f245aef0efb9da6dffae\" style=\"font-style:normal;font-weight:300\"><strong>Freedom Flotilla Coalition<\/strong>&nbsp;is a grassroots people-to-people solidarity movement composed of campaigns and initiatives from different parts of the world, working together to end the illegal Israeli blockade of Gaza. More about us here&nbsp;<a href=\"https:\/\/freedomflotilla.org\/\" target=\"_blank\" rel=\"noreferrer noopener\">https:\/\/freedomflotilla.org\/<\/a><\/h4>\n\n\n\n<div style=\"height:10px\" aria-hidden=\"true\" class=\"wp-block-spacer\"><\/div>\n\n\n\n<hr class=\"wp-block-separator has-text-color has-white-color has-alpha-channel-opacity has-white-background-color has-background is-style-wide\" \/>\n<\/div>\n\n\n\n<div class=\"wp-block-column is-layout-flow wp-block-column-is-layout-flow\">\n<h4 class=\"wp-block-heading has-white-color has-text-color has-link-color wp-elements-c87074ff074bc3e234031204270107c0\" style=\"font-style:normal;font-weight:300\"><strong>WeSmellGas<\/strong> is an abolitionist collective of organizers, researchers and film-makers based in Northern Europe, working on understanding energy through an anti-imperialist, internationalist and abolitionist framework to fight for liberated futures for all living beings.<\/h4>\n\n\n\n<h4 class=\"wp-block-heading has-white-color has-text-color has-link-color wp-elements-f12feb5de5ccdecd9f90a8c58bd68ea1\" style=\"font-style:normal;font-weight:300\">We encourage you to check out our <a href=\"https:\/\/www.wesmellgas.org\/\" target=\"_blank\" rel=\"noreferrer noopener\">website<\/a> and check our <a href=\"https:\/\/www.wesmellgas.org\/library\" data-type=\"link\" data-id=\"https:\/\/www.wesmellgas.org\/library\" target=\"_blank\" rel=\"noreferrer noopener\">resource library<\/a>. Please also feel free to reach us at <a href=\"mailto:collective@wesmellgas.org\">collective@wesmellgas.org<\/a>.<\/h4>\n\n\n\n<div style=\"height:10px\" aria-hidden=\"true\" class=\"wp-block-spacer\"><\/div>\n\n\n\n<hr class=\"wp-block-separator has-text-color has-white-color has-alpha-channel-opacity has-white-background-color has-background is-style-wide\" \/>\n\n\n\n<div style=\"height:10px\" aria-hidden=\"true\" class=\"wp-block-spacer\"><\/div>\n\n\n\n<h4 class=\"wp-block-heading has-white-color has-text-color has-link-color wp-elements-75a9a6da3636121e6deb938b1d4fa5c5\" style=\"font-style:normal;font-weight:300\"><strong>From Marseille to Gaza<\/strong>&nbsp;is a Marseille-based association born from a double foundation: the Mediterranean as a shared space, and Palestine as a horizon of struggle.<\/h4>\n\n\n\n<h4 class=\"wp-block-heading has-white-color has-text-color has-link-color wp-elements-9e145ec6d4d0b3675839676066f61ef1\" style=\"font-style:normal;font-weight:300\">Our conviction is simple:&nbsp;<em>only the Mediterranean separates us<\/em>. This slogan embodies our determination to break the symbolic and material walls that isolate Gaza and render invisible the suffering of its people.<\/h4>\n\n\n\n<h4 class=\"wp-block-heading has-white-color has-text-color has-link-color wp-elements-cad3eff36b175ca13b1419a9d68802fe\" style=\"font-style:normal;font-weight:300\">Since our creation, we have organized solidarity initiatives: fundraising campaigns to support Palestinian families; awareness-raising actions in Marseille, to connect local struggles with international ones; activist creations (screen printing, events, communication) to amplify the voices of peoples in resistance.<\/h4>\n\n\n\n<h4 class=\"wp-block-heading has-white-color has-text-color has-link-color wp-elements-94868f14444454a3247fc5657cfc897d\" style=\"font-style:normal;font-weight:300\">Our approach is&nbsp;<strong>anti-colonial<\/strong>. It links the defense of Palestine to that of all victims of imperialist policies that are transforming the Mediterranean into a deadly border.<\/h4>\n\n\n\n<h4 class=\"wp-block-heading has-white-color has-text-color has-link-color wp-elements-3e7335455b8fcacbe4d5967a08ee65e5\" style=\"font-style:normal;font-weight:300\">Follow us on <a href=\"https:\/\/www.instagram.com\/de.marseille.a.gaza\/\">Instagram<\/a>.<\/h4>\n\n\n\n<div style=\"height:10px\" aria-hidden=\"true\" class=\"wp-block-spacer\"><\/div>\n\n\n\n<hr class=\"wp-block-separator has-text-color has-white-color has-alpha-channel-opacity has-white-background-color has-background is-style-wide\" \/>\n<\/div>\n<\/div>\n\n\n\n<div style=\"height:30px\" aria-hidden=\"true\" class=\"wp-block-spacer\"><\/div>\n\n\n\n<h2 class=\"wp-block-heading\"><strong><strong>Endorsements<\/strong><\/strong><\/h2>\n\n\n\n<p>Join the list of groups who endorsed this campaign! You can do so signing up on this <a href=\"https:\/\/cryptpad.fr\/form\/#\/2\/form\/view\/an4LdyrWS-azJIKWE0-XxAudhCG6Y0+L7Ot3R6uE+Og\/\" data-type=\"link\" data-id=\"https:\/\/cryptpad.fr\/form\/#\/2\/form\/view\/an4LdyrWS-azJIKWE0-XxAudhCG6Y0+L7Ot3R6uE+Og\/\">link<\/a>.<\/p>\n\n\n\n<div style=\"height:20px\" aria-hidden=\"true\" class=\"wp-block-spacer\"><\/div>\n\n\n\n<details class=\"wp-block-details is-layout-flow wp-block-details-is-layout-flow\"><summary>Here is the list of groups that signed up to the campaign: <\/summary>\n<p class=\"has-text-align-center\"><\/p>\n\n\n\n<p class=\"has-text-align-center\"><strong>MELITEA<\/strong><\/p>\n\n\n\n<p class=\"has-text-align-center\"><strong>Gaza Freiheitsflottille<\/strong><\/p>\n<\/details>\n\n\n\n<div style=\"height:20px\" aria-hidden=\"true\" class=\"wp-block-spacer\"><\/div>\n\n\n\n<figure class=\"wp-block-image size-full\"><img loading=\"lazy\" decoding=\"async\" width=\"1920\" height=\"2560\" src=\"https:\/\/flotta.noblogs.org\/files\/2025\/08\/synergy-mast-f.lotta_-scaled.jpg\" alt=\"\" class=\"wp-image-3372\" srcset=\"https:\/\/flotta.noblogs.org\/files\/2025\/08\/synergy-mast-f.lotta_-scaled.jpg 1920w, https:\/\/flotta.noblogs.org\/files\/2025\/08\/synergy-mast-f.lotta_-225x300.jpg 225w, https:\/\/flotta.noblogs.org\/files\/2025\/08\/synergy-mast-f.lotta_-768x1024.jpg 768w, https:\/\/flotta.noblogs.org\/files\/2025\/08\/synergy-mast-f.lotta_-1152x1536.jpg 1152w, https:\/\/flotta.noblogs.org\/files\/2025\/08\/synergy-mast-f.lotta_-1536x2048.jpg 1536w\" sizes=\"auto, (max-width: 767px) 89vw, (max-width: 1000px) 54vw, (max-width: 1071px) 543px, 580px\" \/><\/figure>\n\n\n\n<p class=\"has-small-font-size\">f.Lotta boats, The Synergy mast<\/p>\n\n\n\n<div style=\"height:30px\" aria-hidden=\"true\" class=\"wp-block-spacer\"><\/div>\n\n\n\n<div class=\"wp-block-columns is-layout-flex wp-container-core-columns-is-layout-9d6595d7 wp-block-columns-is-layout-flex\">\n<div class=\"wp-block-column is-layout-flow wp-block-column-is-layout-flow\" style=\"flex-basis:15%\"><\/div>\n\n\n\n<div class=\"wp-block-column is-layout-flow wp-block-column-is-layout-flow\" style=\"flex-basis:15%\"><\/div>\n\n\n\n<div class=\"wp-block-column is-layout-flow wp-block-column-is-layout-flow\" style=\"flex-basis:70%\">\n<div class=\"wp-block-buttons is-content-justification-right is-layout-flex wp-container-core-buttons-is-layout-765c4724 wp-block-buttons-is-layout-flex\">\n<div class=\"wp-block-button is-style-outline is-style-outline--1\"><a class=\"wp-block-button__link has-text-align-center wp-element-button\" href=\"https:\/\/flotta.noblogs.org\/it\/campaigns\/\">CAMPAIGNS<\/a><\/div>\n\n\n\n<div class=\"wp-block-button is-style-outline is-style-outline--2\"><a class=\"wp-block-button__link has-text-align-center wp-element-button\" href=\"https:\/\/flotta.noblogs.org\/it\">HOME<\/a><\/div>\n\n\n\n<div class=\"wp-block-button is-style-outline is-style-outline--3\"><a class=\"wp-block-button__link has-text-align-center wp-element-button\" href=\"#palestine-top-it\">TOP<\/a><\/div>\n<\/div>\n<\/div>\n<\/div>\n","protected":false},"excerpt":{"rendered":"<p>Palestina Libera! Contro il genocidio Global Sumud Flotilla, WeSmellGas, Palestinian Institute for Climate Strategy, From Marseille to Gaza, Freedom Flotilla Coalition leggi la versione in arabo, turco o greco della campagna We take to the rivers and the sea \u2013 until Palestine and all oppressed peoples are free, and until genocide, borders, and fossil capitalism &hellip; <\/p>\n<p class=\"link-more\"><a href=\"https:\/\/flotta.noblogs.org\/it\/free-palestine\/\" class=\"more-link\">Leggi tutto<span class=\"screen-reader-text\"> &#8220;Palestina Libera! Contro il genocidio&#8221;<\/span><\/a><\/p>\n","protected":false},"author":20714,"featured_media":0,"parent":0,"menu_order":0,"comment_status":"closed","ping_status":"closed","template":"","meta":{"_locale":"it_IT","_original_post":"https:\/\/flotta.noblogs.org\/?page_id=1254","footnotes":""},"class_list":["post-2293","page","type-page","status-publish","hentry","it-IT"],"_links":{"self":[{"href":"https:\/\/flotta.noblogs.org\/wp-json\/wp\/v2\/pages\/2293","targetHints":{"allow":["GET"]}}],"collection":[{"href":"https:\/\/flotta.noblogs.org\/wp-json\/wp\/v2\/pages"}],"about":[{"href":"https:\/\/flotta.noblogs.org\/wp-json\/wp\/v2\/types\/page"}],"author":[{"embeddable":true,"href":"https:\/\/flotta.noblogs.org\/wp-json\/wp\/v2\/users\/20714"}],"replies":[{"embeddable":true,"href":"https:\/\/flotta.noblogs.org\/wp-json\/wp\/v2\/comments?post=2293"}],"version-history":[{"count":15,"href":"https:\/\/flotta.noblogs.org\/wp-json\/wp\/v2\/pages\/2293\/revisions"}],"predecessor-version":[{"id":4227,"href":"https:\/\/flotta.noblogs.org\/wp-json\/wp\/v2\/pages\/2293\/revisions\/4227"}],"wp:attachment":[{"href":"https:\/\/flotta.noblogs.org\/wp-json\/wp\/v2\/media?parent=2293"}],"curies":[{"name":"wp","href":"https:\/\/api.w.org\/{rel}","templated":true}]}}