{"id":208,"date":"2025-05-30T13:01:12","date_gmt":"2025-05-30T11:01:12","guid":{"rendered":"https:\/\/flotta.noblogs.org\/?page_id=208"},"modified":"2025-08-01T18:39:39","modified_gmt":"2025-08-01T16:39:39","slug":"f-a-q","status":"publish","type":"page","link":"https:\/\/flotta.noblogs.org\/it\/f-a-q\/","title":{"rendered":"F.A.Q."},"content":{"rendered":"\n<figure class=\"wp-block-image size-large\"><img loading=\"lazy\" decoding=\"async\" width=\"1024\" height=\"427\" src=\"https:\/\/flotta.noblogs.org\/files\/2025\/07\/occupazione-del-mare-6@2x-1024x427.png\" alt=\"\" class=\"wp-image-1682\" srcset=\"https:\/\/flotta.noblogs.org\/files\/2025\/07\/occupazione-del-mare-6@2x-1024x427.png 1024w, https:\/\/flotta.noblogs.org\/files\/2025\/07\/occupazione-del-mare-6@2x-300x125.png 300w, https:\/\/flotta.noblogs.org\/files\/2025\/07\/occupazione-del-mare-6@2x-768x320.png 768w, https:\/\/flotta.noblogs.org\/files\/2025\/07\/occupazione-del-mare-6@2x-1536x640.png 1536w, https:\/\/flotta.noblogs.org\/files\/2025\/07\/occupazione-del-mare-6@2x-2048x853.png 2048w\" sizes=\"auto, (max-width: 767px) 89vw, (max-width: 1000px) 54vw, (max-width: 1071px) 543px, 580px\" \/><\/figure>\n\n\n\n<div class=\"wp-block-group\"><div class=\"wp-block-group__inner-container is-layout-constrained wp-block-group-is-layout-constrained\">\n<div class=\"wp-block-group\"><div class=\"wp-block-group__inner-container is-layout-constrained wp-block-group-is-layout-constrained\">\n<details class=\"wp-block-details is-layout-flow wp-block-details-is-layout-flow\"><summary>Come posso contattarvi?<\/summary>\n<p>Scrivere a: <a href=\"mailto:f_lotta@inventati.org\">f_lotta@inventati.org<\/a><\/p>\n<\/details>\n<\/div><\/div>\n<\/div><\/div>\n\n\n\n<details class=\"wp-block-details is-layout-flow wp-block-details-is-layout-flow\"><summary>Quando \u00e8 iniziata f.Lotta?<\/summary>\n<p>Il 14 giugno, anniversario del naufragio di Pylos causato dal sistema dei confini.<\/p>\n<\/details>\n\n\n\n<div class=\"wp-block-group is-vertical is-layout-flex wp-container-core-group-is-layout-8cf370e7 wp-block-group-is-layout-flex\">\n<details class=\"wp-block-details is-layout-flow wp-block-details-is-layout-flow\"><summary>Che ne \u00e8 di quel punto in &#8220;F.lotta&#8221;? E come si pronuncia?<\/summary>\n<p>\u00c8 naturalmente un gioco di parole tra &#8220;<em>flotta<\/em>&#8221; e &#8220;<em>lotta<\/em>&#8220;.<strong> Indica la natura politica e intransigente dell&#8217;iniziativa<\/strong>. A volte le parole sono divertenti, non \u00e8 vero? Si pronuncia come si vuole!<\/p>\n<\/details>\n<\/div>\n\n\n\n<details class=\"wp-block-details is-layout-flow wp-block-details-is-layout-flow\"><summary>Come pu\u00f2 una foto sostenere f.Lotta?<\/summary>\n<p><strong>Per f.Lotta, visibilit\u00e0 significa diffondere idee radicali e senza compromessi a favore della libert\u00e0 di movimento.<\/strong><\/p>\n\n\n\n<p><strong>Aiutaci a diffondere informazioni sulla protesta in mare!<\/strong> Un&#8217;azione concreta: <strong>scatta una foto o un breve video con un messaggio<\/strong> (uno striscione o quello che hai a portata di mano) che ritrasmetta l&#8217;azione di f.Lotta e:<\/p>\n\n\n\n<ul class=\"wp-block-list\">\n<li>condividila con la tua rete on-line e off-line,<\/li>\n\n\n\n<li>inviacela via e-mail (<a href=\"mailto:f_lotta@inventati.org\">f_lotta@inventati.org<\/a>) o postala sul nostro gruppo <a href=\"https:\/\/t.me\/+twIdMlOJ-PNmNGFh\">Telegram<\/a> per essere ripostata sul nostro sito web!<\/li>\n<\/ul>\n\n\n\n<p>Ad esempio: \u201cPer la libert\u00e0 di movimento, sostengo f.Lotta\u201d o \u201cCi vediamo nel Mediterraneo centrale con f.Lotta, a met\u00e0 settembre\u201d, ecc.<\/p>\n\n\n\n<p>Quando lo condividi con la tua rete, puoi collegarti al nostro sito web (<a href=\"https:\/\/flotta.noblogs.org\">flotta.noblogs.org<\/a>), dove saranno disponibili ulteriori risorse.<\/p>\n<\/details>\n\n\n\n<details class=\"wp-block-details is-layout-flow wp-block-details-is-layout-flow\"><summary>Perch\u00e9 chiamiamo l&#8217;azione di f.Lotta in mare anche &#8220;occupazione&#8221; del mare?<\/summary>\n<p>Certo, non possiamo costruire una casa sulle onde! Usiamo \u201coccupazione\u201d con lo stesso significato che si d\u00e0 a passare del tempo in un centro sociale, in uno squat: luoghi liberati dalle logiche capitalistiche e di profitto, riadattati attraverso la solidariet\u00e0 e la lotta comune. Stare in un centro sociale, anche senza fare nulla di particolare: bere un caff\u00e8, chiacchierare\u2026 \u00e8 gi\u00e0 un atto politico. Il posizionamento dei nostri corpi come presenza politica nell&#8217;area del Mediterraneo centrale, in diretto conflitto con le politiche di confine della Fortezza Europa, \u00e8 il motivo per cui chiamiamo la protesta in mare un&#8217;occupazione del mare. Squatta il mare con noi!<\/p>\n<\/details>\n\n\n\n<details class=\"wp-block-details is-layout-flow wp-block-details-is-layout-flow\"><summary>f.Lotta vuole costruire un&#8217;operazione di ricerca e soccorso?<\/summary>\n<p>No! Creiamo un&#8217;occupazione del mare per denunciare il sistema in cui viviamo e immaginarne uno radicalmente diverso. <strong>f.Lotta \u00e8 un&#8217;azione politica, non un&#8217;operazione umanitaria.<\/strong><\/p>\n\n\n\n<p>Allo stesso tempo, f.Lotta non \u00e8 impreparata all&#8217;eventualit\u00e0 di un&#8217;imbarcazione in difficolt\u00e0 in mare. L\u0259 participant\u0259 di f.Lotta, navigando vicin\u0259 tra loro, sapranno come reagire al meglio e chiedere supporto, osservando la legge del mare.<\/p>\n\n\n\n<p><\/p>\n<\/details>\n\n\n\n<details class=\"wp-block-details is-layout-flow wp-block-details-is-layout-flow\"><summary>Come restare aggiornat\u0259?<\/summary>\n<p>Puoi seguirci sul nostro canale <a href=\"https:\/\/t.me\/f_lotta\">Telegram<\/a>\u00a0o su questo sito! Alcuni social saranno presto utilizzati per trasmettere le nostre comunicazioni.<\/p>\n\n\n\n<details class=\"wp-block-details is-layout-flow wp-block-details-is-layout-flow\"><summary>Come posso sostenere f.Lotta?<\/summary>\n<p>Rispondi e fai circolare la nostra chiamata! Non esitare a contattarci: <a href=\"mailto:f_lotta@inventati.org\">f_lotta@inventati.org<\/a><\/p>\n<\/details>\n<\/details>\n\n\n\n<details class=\"wp-block-details is-layout-flow wp-block-details-is-layout-flow\"><summary>Avete bisogno di equipaggi?<\/summary>\n<p>Per adesso la maggior parte degli equipaggi \u00e8 completa, ma \u00e8 sempre utile poter contare su un gruppo di persone da mobilizzare. Se hai delle disponibilit\u00e0 per far parte di un equipaggio, puoi compilare <a href=\"https:\/\/cryptpad.fr\/form\/#\/2\/form\/view\/1UTH6zWmBYlXu90GoQ2tz8ho8Ri1jrMTSay4CVesXMM\/\">questo form<\/a>. Puoi usare lo stesso form se, al contrario, hai necessit\u00e0 di completare l&#8217;equipaggio!<\/p>\n<\/details>\n","protected":false},"excerpt":{"rendered":"","protected":false},"author":20714,"featured_media":0,"parent":0,"menu_order":0,"comment_status":"closed","ping_status":"closed","template":"","meta":{"_locale":"it_IT","_original_post":"https:\/\/flotta.noblogs.org\/?page_id=49","footnotes":""},"class_list":["post-208","page","type-page","status-publish","hentry","it-IT"],"_links":{"self":[{"href":"https:\/\/flotta.noblogs.org\/wp-json\/wp\/v2\/pages\/208","targetHints":{"allow":["GET"]}}],"collection":[{"href":"https:\/\/flotta.noblogs.org\/wp-json\/wp\/v2\/pages"}],"about":[{"href":"https:\/\/flotta.noblogs.org\/wp-json\/wp\/v2\/types\/page"}],"author":[{"embeddable":true,"href":"https:\/\/flotta.noblogs.org\/wp-json\/wp\/v2\/users\/20714"}],"replies":[{"embeddable":true,"href":"https:\/\/flotta.noblogs.org\/wp-json\/wp\/v2\/comments?post=208"}],"version-history":[{"count":10,"href":"https:\/\/flotta.noblogs.org\/wp-json\/wp\/v2\/pages\/208\/revisions"}],"predecessor-version":[{"id":2204,"href":"https:\/\/flotta.noblogs.org\/wp-json\/wp\/v2\/pages\/208\/revisions\/2204"}],"wp:attachment":[{"href":"https:\/\/flotta.noblogs.org\/wp-json\/wp\/v2\/media?parent=208"}],"curies":[{"name":"wp","href":"https:\/\/api.w.org\/{rel}","templated":true}]}}