{"id":206,"date":"2025-05-30T12:50:58","date_gmt":"2025-05-30T10:50:58","guid":{"rendered":"https:\/\/flotta.noblogs.org\/?page_id=206"},"modified":"2025-08-31T17:40:14","modified_gmt":"2025-08-31T15:40:14","slug":"the-action","status":"publish","type":"page","link":"https:\/\/flotta.noblogs.org\/it\/the-action\/","title":{"rendered":"L&#8217;Azione"},"content":{"rendered":"\n<h2 class=\"wp-block-heading\">In cosa consiste f.Lotta?<\/h2>\n\n\n\n<div style=\"height:20px\" aria-hidden=\"true\" class=\"wp-block-spacer\"><\/div>\n\n\n\n<figure class=\"wp-block-image size-large\"><img loading=\"lazy\" decoding=\"async\" width=\"1024\" height=\"427\" src=\"https:\/\/flotta.noblogs.org\/files\/2025\/07\/boat-occupazione-part-8-1024x427.png\" alt=\"\" class=\"wp-image-1888\" srcset=\"https:\/\/flotta.noblogs.org\/files\/2025\/07\/boat-occupazione-part-8-1024x427.png 1024w, https:\/\/flotta.noblogs.org\/files\/2025\/07\/boat-occupazione-part-8-300x125.png 300w, https:\/\/flotta.noblogs.org\/files\/2025\/07\/boat-occupazione-part-8-768x320.png 768w, https:\/\/flotta.noblogs.org\/files\/2025\/07\/boat-occupazione-part-8.png 1200w\" sizes=\"auto, (max-width: 767px) 89vw, (max-width: 1000px) 54vw, (max-width: 1071px) 543px, 580px\" \/><\/figure>\n\n\n\n<div style=\"height:20px\" aria-hidden=\"true\" class=\"wp-block-spacer\"><\/div>\n\n\n\n<p>Una protesta, una marcia, un\u2019occupazione: siamo in tante e tanti, e ognuno ha la sua definizione.<\/p>\n\n\n\n<h3 class=\"wp-block-heading\"><br>L\u2019idea centrale \u00e8 quella di <strong>radunare il maggior numero possibile di imbarcazioni, e <em>bucare<\/em> il confine meridionale della fortezza Europa.&nbsp;<\/strong><\/h3>\n\n\n\n<p>Dopo un primo concentramento a sud di Lampedusa, le barche di f.Lotta salperanno insieme verso Sud, per una prima giornata di navigazione. Successivamente, le imbarcazioni prenderanno posizione per attivit\u00e0 di osservazione, formando una catena di monitoraggio solidale e muovendosi secondo schemi di pattugliamento coordinati. f.Lotta far\u00e0 poi ritorno collettivamente per un momento finale di concentrazione e commemorazioni.<\/p>\n\n\n\n<h3 class=\"wp-block-heading\">L\u2019iniziativa vuole essere un <strong>evento di massa<\/strong>, coinvolgendo il maggior numero possibile di barche.<\/h3>\n\n\n\n<p>Questo risponde a esigenze pratiche e politiche: dobbiamo essere una moltitudine per occupare una porzione significativa di mare, attirare l\u2019attenzione, e proiettare una visione articolata per un presente radicalmente diverso.<\/p>\n\n\n\n<h3 class=\"wp-block-heading\">Mentre il messaggio generale di f.Lotta \u00e8 la libert\u00e0 di movimento, ogni barca sar\u00e0 portavoce e testimone di una campagna politica specifica e connessa.<\/h3>\n\n\n\n<p>Tutte le campagne si combinano e ricompongono la piattaforma politica di f.Lotta. <strong>Queste campagne specifiche rivendicano idee radicali, eretiche<\/strong>, e sono strutturate da molti gruppi di terra che decidono di sostenere f.Lotta.<\/p>\n\n\n\n<p>Le barche di f.Lotta arriveranno da diversi porti d\u2019Italia e d\u2019Europa. Il percorso verso il punto di convergenza sar\u00e0 scandito da tappe costiere logistico-politiche, che permetteranno di intrecciare le idee di f.Lotta con le realt\u00e0 locali e le reti di solidariet\u00e0.<\/p>\n\n\n\n<h2 class=\"wp-block-heading\">Ma c&#8217;\u00e8 di pi\u00f9<\/h2>\n\n\n\n<p>f.Lottine e f.Lotta di terra sono ulteriori articolazioni dell&#8217;iniziativa: azioni di protesta parallela che connettono il Mediterrraneo centrale con altre citt\u00e0 e regioni di confine attraverso l&#8217;Europa.<\/p>\n\n\n\n<p>Una f.Lottina \u00e8 un&#8217;altra occupazione di un tratto di mare, di un fiume o di un lago, entre una f.Lotta di terra \u00e8 un&#8217;azione che pu\u00f2 prendere varie forme, come un talk, una marcia o un sit-in davanti a un centro di deportazione.<\/p>\n\n\n\n<p>Azioni diversificate, decentralizzate e interconnesse prima durante e dopo l&#8217;evento principale a sud di Lampedusa sono necessarie per raggiungere pi\u00f9 persone con il messaggio di f.Lotta e contrastare l&#8217;influenza sempre crescente dell&#8217;estrema destra. L&#8217;Europa, diventando fortezza, ha accettato il rischio di affrontare un assedio collettivo.<\/p>\n\n\n\n<div style=\"height:10px\" aria-hidden=\"true\" class=\"wp-block-spacer\"><\/div>\n\n\n\n<figure class=\"wp-block-image size-large\"><a href=\"http:\/\/u.osmfr.org\/m\/1261555\/\"><img loading=\"lazy\" decoding=\"async\" width=\"1024\" height=\"724\" src=\"https:\/\/flotta.noblogs.org\/files\/2025\/08\/map_310825-1024x724.png\" alt=\"\" class=\"wp-image-3669\" srcset=\"https:\/\/flotta.noblogs.org\/files\/2025\/08\/map_310825-1024x724.png 1024w, https:\/\/flotta.noblogs.org\/files\/2025\/08\/map_310825-300x212.png 300w, https:\/\/flotta.noblogs.org\/files\/2025\/08\/map_310825-768x543.png 768w, https:\/\/flotta.noblogs.org\/files\/2025\/08\/map_310825-1536x1085.png 1536w, https:\/\/flotta.noblogs.org\/files\/2025\/08\/map_310825-2048x1447.png 2048w\" sizes=\"auto, (max-width: 767px) 89vw, (max-width: 1000px) 54vw, (max-width: 1071px) 543px, 580px\" \/><\/a><\/figure>\n\n\n\n<p class=\"has-text-align-right has-small-font-size\">clicca sull&#8217;immagine per vedere <a href=\"http:\/\/u.osmfr.org\/m\/1261555\/\" target=\"_blank\" rel=\"noreferrer noopener\">tutti gli eventi<\/a><\/p>\n\n\n\n<h2 class=\"wp-block-heading\">Adesso tocca a te<\/h2>\n\n\n\n<h3 class=\"wp-block-heading\">Siamo un gruppo eterogeneo e colorato di persone.<\/h3>\n\n\n\n<p>Alcuni di noi sono legati al mare: proprietari di barche, velisti, circoli o associazioni veliche, gruppi che possiedono una barca. Le nostre imbarcazioni devono poter navigare in acque aperte per un paio di giorni; per il resto, non abbiamo altri requisiti tecnici.<br>Alcuni di noi non hanno alcuna esperienza con il mare, ma si sono uniti a f.Lotta per occuparsi degli aspetti logistici, strutturare le campagne politiche e esplorare le molte iniziative che si possono intraprendere in relazione all&#8217;azione in mare.<br>Alcuni di noi sono grafici, fotografi, medici, studenti, logistici, disoccupati, punk, ribelli\u2026<br>Alcuni di noi giocano con le parole, come forse avrai notato, altri hanno chiamato i loro amici perch\u00e9 avevano una barca, potevano supportare l&#8217;iniziativa o semplicemente perch\u00e9 era un&#8217;azione di cui valeva la pena parlare.<\/p>\n\n\n\n<div class=\"wp-block-columns is-layout-flex wp-container-core-columns-is-layout-9d6595d7 wp-block-columns-is-layout-flex\">\n<div class=\"wp-block-column is-layout-flow wp-block-column-is-layout-flow\">\n<figure class=\"wp-block-image size-full\"><img loading=\"lazy\" decoding=\"async\" width=\"800\" height=\"1000\" src=\"https:\/\/flotta.noblogs.org\/files\/2025\/07\/3@2x.png\" alt=\"\" class=\"wp-image-1685\" srcset=\"https:\/\/flotta.noblogs.org\/files\/2025\/07\/3@2x.png 800w, https:\/\/flotta.noblogs.org\/files\/2025\/07\/3@2x-240x300.png 240w, https:\/\/flotta.noblogs.org\/files\/2025\/07\/3@2x-768x960.png 768w\" sizes=\"auto, (max-width: 767px) 89vw, (max-width: 1000px) 54vw, (max-width: 1071px) 543px, 580px\" \/><\/figure>\n\n\n\n<h3 class=\"wp-block-heading\"><h3>Siamo orizzontali, dal basso, spontanei.<\/h3><\/h3>\n\n\n\n<p><strong>Se ce lo chiedete, non sappiamo come pronunciare il punto in \u201cf.Lotta\u201d, perch\u00e9 spetta a ciascuno di noi decidere.<\/strong> Se volete partecipare, c&#8217;\u00e8 spazio per voi.<\/p>\n<\/div>\n\n\n\n<div class=\"wp-block-column is-layout-flow wp-block-column-is-layout-flow\">\n<figure class=\"wp-block-image size-full\"><img loading=\"lazy\" decoding=\"async\" width=\"400\" height=\"892\" src=\"https:\/\/flotta.noblogs.org\/files\/2025\/07\/boat3.png\" alt=\"\" class=\"wp-image-1890\" srcset=\"https:\/\/flotta.noblogs.org\/files\/2025\/07\/boat3.png 400w, https:\/\/flotta.noblogs.org\/files\/2025\/07\/boat3-135x300.png 135w\" sizes=\"auto, (max-width: 400px) 100vw, 400px\" \/><\/figure>\n<\/div>\n<\/div>\n\n\n\n<p><br><\/p>\n\n\n\n<p>Consideratelo un invito, anzi una sfida. Stiamo cercando di sfidare la fortezza Europa, di occupare e ricontestare il Mediterraneo centrale e di proiettare un orizzonte politico diverso; il nostro successo si misurer\u00e0 anche da quanti saremo. Potete contattarci all&#8217;indirizzo e-mail che trovate sul nostro sito.<\/p>\n\n\n\n<h2 class=\"wp-block-heading\"><strong>Vuoi unirti a noi?<\/strong><\/h2>\n\n\n\n<p><\/p>\n","protected":false},"excerpt":{"rendered":"<p>In cosa consiste f.Lotta? Una protesta, una marcia, un\u2019occupazione: siamo in tante e tanti, e ognuno ha la sua definizione. L\u2019idea centrale \u00e8 quella di radunare il maggior numero possibile di imbarcazioni, e bucare il confine meridionale della fortezza Europa.&nbsp; Dopo un primo concentramento a sud di Lampedusa, le barche di f.Lotta salperanno insieme verso &hellip; <\/p>\n<p class=\"link-more\"><a href=\"https:\/\/flotta.noblogs.org\/it\/the-action\/\" class=\"more-link\">Leggi tutto<span class=\"screen-reader-text\"> &#8220;L&#8217;Azione&#8221;<\/span><\/a><\/p>\n","protected":false},"author":20714,"featured_media":0,"parent":0,"menu_order":0,"comment_status":"closed","ping_status":"closed","template":"","meta":{"_locale":"it_IT","_original_post":"https:\/\/flotta.noblogs.org\/?page_id=101","footnotes":""},"class_list":["post-206","page","type-page","status-publish","hentry","it-IT"],"_links":{"self":[{"href":"https:\/\/flotta.noblogs.org\/wp-json\/wp\/v2\/pages\/206","targetHints":{"allow":["GET"]}}],"collection":[{"href":"https:\/\/flotta.noblogs.org\/wp-json\/wp\/v2\/pages"}],"about":[{"href":"https:\/\/flotta.noblogs.org\/wp-json\/wp\/v2\/types\/page"}],"author":[{"embeddable":true,"href":"https:\/\/flotta.noblogs.org\/wp-json\/wp\/v2\/users\/20714"}],"replies":[{"embeddable":true,"href":"https:\/\/flotta.noblogs.org\/wp-json\/wp\/v2\/comments?post=206"}],"version-history":[{"count":24,"href":"https:\/\/flotta.noblogs.org\/wp-json\/wp\/v2\/pages\/206\/revisions"}],"predecessor-version":[{"id":3672,"href":"https:\/\/flotta.noblogs.org\/wp-json\/wp\/v2\/pages\/206\/revisions\/3672"}],"wp:attachment":[{"href":"https:\/\/flotta.noblogs.org\/wp-json\/wp\/v2\/media?parent=206"}],"curies":[{"name":"wp","href":"https:\/\/api.w.org\/{rel}","templated":true}]}}