{"id":202,"date":"2025-05-30T12:47:21","date_gmt":"2025-05-30T10:47:21","guid":{"rendered":"https:\/\/flotta.noblogs.org\/?page_id=202"},"modified":"2025-08-09T11:22:26","modified_gmt":"2025-08-09T09:22:26","slug":"who-we-are","status":"publish","type":"page","link":"https:\/\/flotta.noblogs.org\/it\/who-we-are\/","title":{"rendered":"Chi Siamo"},"content":{"rendered":"\n<p><h2>Hanno fatto sembrare tutto normale<\/h2><\/p>\n\n\n\n<figure class=\"wp-block-image size-large\"><img loading=\"lazy\" decoding=\"async\" width=\"1024\" height=\"945\" src=\"https:\/\/flotta.noblogs.org\/files\/2025\/07\/eu-govna2-1024x945.png\" alt=\"\" class=\"wp-image-1976\" srcset=\"https:\/\/flotta.noblogs.org\/files\/2025\/07\/eu-govna2-1024x945.png 1024w, https:\/\/flotta.noblogs.org\/files\/2025\/07\/eu-govna2-300x277.png 300w, https:\/\/flotta.noblogs.org\/files\/2025\/07\/eu-govna2-768x709.png 768w, https:\/\/flotta.noblogs.org\/files\/2025\/07\/eu-govna2-1536x1417.png 1536w, https:\/\/flotta.noblogs.org\/files\/2025\/07\/eu-govna2.png 1835w\" sizes=\"auto, (max-width: 767px) 89vw, (max-width: 1000px) 54vw, (max-width: 1071px) 543px, 580px\" \/><\/figure>\n\n\n\n<p>Muro dopo muro, respingimento dopo respingimento, <strong>la Fortezza Europa non \u00e8 mai stata cos\u00ec ostile alla libert\u00e0 di movimento<\/strong>. Il sistema di frontiera \u00e8 responsabile di una quantit\u00e0 indicibile di sofferenza e violenza, che spesso culmina nella morte. \u00c8 costituito da un\u2019infrastruttura costosissima usata per una sorveglianza brutale su ogni confine: motovedette regalate dall\u2019Europa alle milizie libiche, droni di Frontex che cacciano nelle foreste, scanner, cannoni sonori, recinzioni, muri, un esercito di polizia e attrezzature di livello militare. Ma il sistema di frontiera \u00e8 pi\u00f9 di questo: <strong>\u00e8 anche una mentalit\u00e0 che si \u00e8 insinuata nelle nostre teste e nei nostri cuori per giustificare la violenza<\/strong> e renderla invisibile: passaporti, documenti, visti creano una logica che si estende naturalmente a deportazioni, respingimenti, lager esternalizzati e confini interni. L\u2019elenco \u00e8 lungo, e fa rabbia.<\/p>\n\n\n\n<div style=\"height:25px\" aria-hidden=\"true\" class=\"wp-block-spacer\"><\/div>\n\n\n\n<div class=\"wp-block-columns is-layout-flex wp-container-core-columns-is-layout-9d6595d7 wp-block-columns-is-layout-flex\">\n<div class=\"wp-block-column is-layout-flow wp-block-column-is-layout-flow\">\n<p>Tutto questo \u00e8 visibile in ogni zona di confine, ed \u00e8 drammaticamente evidente nel Mediterraneo centrale. Ancora oggi via cruciale per le migrazioni, da tempo \u00e8 stato trasformato in un cimitero a cielo aperto. Qui, gli sforzi di soccorso vengono criminalizzati e ostacolati, le milizie libiche sono armate e chiamate \u201cguardia costiera\u201d, i governi costieri si rifiutano di coordinare i soccorsi. <strong>La normalizzazione di questo spazio ha trasformato migliaia di morti in semplici numeri<\/strong>, che si accumulano anno dopo anno.<\/p>\n<\/div>\n\n\n\n<div class=\"wp-block-column is-layout-flow wp-block-column-is-layout-flow\">\n<figure class=\"wp-block-image size-large\"><img loading=\"lazy\" decoding=\"async\" width=\"1024\" height=\"339\" src=\"https:\/\/flotta.noblogs.org\/files\/2025\/07\/BarbwirePurpleccc-1024x339.png\" alt=\"\" class=\"wp-image-1728\" srcset=\"https:\/\/flotta.noblogs.org\/files\/2025\/07\/BarbwirePurpleccc-1024x339.png 1024w, https:\/\/flotta.noblogs.org\/files\/2025\/07\/BarbwirePurpleccc-300x99.png 300w, https:\/\/flotta.noblogs.org\/files\/2025\/07\/BarbwirePurpleccc-768x255.png 768w, https:\/\/flotta.noblogs.org\/files\/2025\/07\/BarbwirePurpleccc-1536x509.png 1536w, https:\/\/flotta.noblogs.org\/files\/2025\/07\/BarbwirePurpleccc-2048x679.png 2048w\" sizes=\"auto, (max-width: 767px) 89vw, (max-width: 1000px) 54vw, (max-width: 1071px) 543px, 580px\" \/><\/figure>\n\n\n\n<p>Sono riusciti a farci credere che questo sistema sia l\u2019unico possibile, realistico, serio, e che qualsiasi visione alternativa sia utopica o pericolosa. Pericolosa per chi? \u2013 potremmo chiederci. Rifiutiamo l\u2019idea che il mondo in cui viviamo sia normale e <strong>vogliamo proiettare un orizzonte politico radicalmente diverso per costruire un altro presente.<\/strong><\/p>\n<\/div>\n<\/div>\n\n\n\n<div style=\"height:20px\" aria-hidden=\"true\" class=\"wp-block-spacer\"><\/div>\n\n\n\n<div class=\"wp-block-columns is-layout-flex wp-container-core-columns-is-layout-9d6595d7 wp-block-columns-is-layout-flex\">\n<div class=\"wp-block-column is-layout-flow wp-block-column-is-layout-flow\">\n<h2 class=\"wp-block-heading\"><h2>Cerchiamo esempi intorno a noi<\/h2><\/h2>\n\n\n\n<p>E non possiamo non ricordare che nel settembre 2015 le persone in movimento ci hanno mostrato come sfidare i confini, come trasformare la libert\u00e0 di movimento da concetto a pratica. La loro lunga Marcia della Speranza, dai confini chiusi dell\u2019Ungheria attraverso le autostrade, costrinse gli stati europei strutturalmente razzisti ad aprire i loro confini interni. Hanno dimostrato che un&#8217;azione collettiva, coordinata e diretta pu\u00f2 spezzare il ciclo della violenza normalizzata.  Sono passati 10 anni. <strong>Alcuni anniversari non dovrebbero passare in silenzio.<\/strong><\/p>\n<\/div>\n\n\n\n<div class=\"wp-block-column is-layout-flow wp-block-column-is-layout-flow\">\n<div style=\"height:100px\" aria-hidden=\"true\" class=\"wp-block-spacer\"><\/div>\n\n\n\n<figure class=\"wp-block-image size-large\"><img loading=\"lazy\" decoding=\"async\" width=\"585\" height=\"1024\" src=\"https:\/\/flotta.noblogs.org\/files\/2025\/07\/boat-kiki-585x1024.png\" alt=\"\" class=\"wp-image-1955\" srcset=\"https:\/\/flotta.noblogs.org\/files\/2025\/07\/boat-kiki-585x1024.png 585w, https:\/\/flotta.noblogs.org\/files\/2025\/07\/boat-kiki-171x300.png 171w, https:\/\/flotta.noblogs.org\/files\/2025\/07\/boat-kiki-768x1344.png 768w, https:\/\/flotta.noblogs.org\/files\/2025\/07\/boat-kiki-878x1536.png 878w, https:\/\/flotta.noblogs.org\/files\/2025\/07\/boat-kiki-1170x2048.png 1170w, https:\/\/flotta.noblogs.org\/files\/2025\/07\/boat-kiki-scaled.png 1463w\" sizes=\"auto, (max-width: 585px) 100vw, 585px\" \/><\/figure>\n<\/div>\n<\/div>\n\n\n\n<p><h2>Cosa vogliamo<\/h2><\/p>\n\n\n\n<div class=\"wp-block-columns is-layout-flex wp-container-core-columns-is-layout-9d6595d7 wp-block-columns-is-layout-flex\">\n<div class=\"wp-block-column is-layout-flow wp-block-column-is-layout-flow\">\n<p>Nel Mediterraneo centrale, la fortezza Europa \u00e8 riuscita a disciplinare le associazioni di soccorso in un quadro operativo rigido e a normalizzare la presenza di morti evitabili. Giorno dopo giorno, le associazioni di soccorso vivono sotto il costante controllo di un&#8217;autorit\u00e0 che, invece di sostenere i loro sforzi di salvataggio, le ricatta con porti di sbarco lontani, multe, detenzioni e altro ancora.&nbsp;Gli sforzi della fortezza Europa per rimuovere dal Mediterraneo centrale testimoni e mezzi di soccorso si sono accompagnati al riempimento del mare con milizie libiche che danno la caccia alle persone in movimento. <\/p>\n<\/div>\n\n\n\n<div class=\"wp-block-column is-layout-flow wp-block-column-is-layout-flow\">\n<figure class=\"wp-block-image size-large is-resized\"><img loading=\"lazy\" decoding=\"async\" width=\"228\" height=\"1024\" src=\"https:\/\/flotta.noblogs.org\/files\/2025\/07\/BarbwireVerticalBlue2-228x1024.png\" alt=\"\" class=\"wp-image-1745\" style=\"width:174px;height:auto\" srcset=\"https:\/\/flotta.noblogs.org\/files\/2025\/07\/BarbwireVerticalBlue2-228x1024.png 228w, https:\/\/flotta.noblogs.org\/files\/2025\/07\/BarbwireVerticalBlue2-67x300.png 67w, https:\/\/flotta.noblogs.org\/files\/2025\/07\/BarbwireVerticalBlue2-342x1536.png 342w, https:\/\/flotta.noblogs.org\/files\/2025\/07\/BarbwireVerticalBlue2-456x2048.png 456w, https:\/\/flotta.noblogs.org\/files\/2025\/07\/BarbwireVerticalBlue2-scaled.png 570w\" sizes=\"auto, (max-width: 228px) 100vw, 228px\" \/><\/figure>\n<\/div>\n\n\n\n<div class=\"wp-block-column is-layout-flow wp-block-column-is-layout-flow\">\n<p><strong>f.Lotta&nbsp; occupa questo spazio, ripoliticizzando il Mediterraneo centrale e, attraverso la propria presenza, contestando la narrazione e le pratiche della fortezza Europa.<\/strong><\/p>\n\n\n\n<p>f.Lotta ha <strong>due obiettivi principali<\/strong>. <\/p>\n\n\n\n<p><strong>Il primo<\/strong>, legato allo spazio che occupa, il Mar Mediterraneo centrale, mira a un cambiamento immediato. <\/p>\n\n\n\n<p><strong>L\u2019altro<\/strong> \u00e8 proiettare un orizzonte politico radicale, per spingere i limiti di ci\u00f2 che \u00e8 possibile e immaginabile.<\/p>\n<\/div>\n<\/div>\n\n\n\n<p>Non si tratta solo del Mediterraneo centrale. Dal punto di vista geografico, sappiamo che le persone soffrono e muoiono a causa del regime razzista dei confini in tutte le zone di frontiera, e che il confine si trova sia all&#8217;interno degli Stati europei che \u00e8 stato esportato ed esternalizzato. <\/p>\n\n\n\n<p><strong>Vediamo che i muri che<\/strong> <strong>la fortezza Europa ha eretto intorno a s\u00e9 sono fatti di filo spinato e cemento, oltre che di capitalismo, patriarcato, colonialismo e razzismo.<\/strong> Capiamo che la lotta per la libert\u00e0 di movimento non pu\u00f2 che essere intersezionale con altre lotte. Il nostro obiettivo \u00e8 smantellare quei muri mattone dopo mattone, proiettando una visione radicalmente diversa e intersezionale per un presente alternativo.<strong> In questa realt\u00e0 asfissiante in cui viviamo, vogliamo respirare ossigeno.<\/strong><\/p>\n\n\n\n<div style=\"height:10px\" aria-hidden=\"true\" class=\"wp-block-spacer\"><\/div>\n\n\n\n<figure class=\"wp-block-image size-large\"><img loading=\"lazy\" decoding=\"async\" width=\"973\" height=\"1024\" src=\"https:\/\/flotta.noblogs.org\/files\/2025\/08\/flotta-illu-973x1024.png\" alt=\"\" class=\"wp-image-3073\" srcset=\"https:\/\/flotta.noblogs.org\/files\/2025\/08\/flotta-illu-973x1024.png 973w, https:\/\/flotta.noblogs.org\/files\/2025\/08\/flotta-illu-285x300.png 285w, https:\/\/flotta.noblogs.org\/files\/2025\/08\/flotta-illu-768x809.png 768w, https:\/\/flotta.noblogs.org\/files\/2025\/08\/flotta-illu-1459x1536.png 1459w, https:\/\/flotta.noblogs.org\/files\/2025\/08\/flotta-illu-1945x2048.png 1945w\" sizes=\"auto, (max-width: 767px) 89vw, (max-width: 1000px) 54vw, (max-width: 1071px) 543px, 580px\" \/><\/figure>\n","protected":false},"excerpt":{"rendered":"<p>Hanno fatto sembrare tutto normale Muro dopo muro, respingimento dopo respingimento, la Fortezza Europa non \u00e8 mai stata cos\u00ec ostile alla libert\u00e0 di movimento. Il sistema di frontiera \u00e8 responsabile di una quantit\u00e0 indicibile di sofferenza e violenza, che spesso culmina nella morte. \u00c8 costituito da un\u2019infrastruttura costosissima usata per una sorveglianza brutale su ogni &hellip; <\/p>\n<p class=\"link-more\"><a href=\"https:\/\/flotta.noblogs.org\/it\/who-we-are\/\" class=\"more-link\">Leggi tutto<span class=\"screen-reader-text\"> &#8220;Chi Siamo&#8221;<\/span><\/a><\/p>\n","protected":false},"author":20714,"featured_media":0,"parent":0,"menu_order":0,"comment_status":"closed","ping_status":"closed","template":"","meta":{"_locale":"it_IT","_original_post":"https:\/\/flotta.noblogs.org\/?page_id=95","footnotes":""},"class_list":["post-202","page","type-page","status-publish","hentry","it-IT"],"_links":{"self":[{"href":"https:\/\/flotta.noblogs.org\/wp-json\/wp\/v2\/pages\/202","targetHints":{"allow":["GET"]}}],"collection":[{"href":"https:\/\/flotta.noblogs.org\/wp-json\/wp\/v2\/pages"}],"about":[{"href":"https:\/\/flotta.noblogs.org\/wp-json\/wp\/v2\/types\/page"}],"author":[{"embeddable":true,"href":"https:\/\/flotta.noblogs.org\/wp-json\/wp\/v2\/users\/20714"}],"replies":[{"embeddable":true,"href":"https:\/\/flotta.noblogs.org\/wp-json\/wp\/v2\/comments?post=202"}],"version-history":[{"count":18,"href":"https:\/\/flotta.noblogs.org\/wp-json\/wp\/v2\/pages\/202\/revisions"}],"predecessor-version":[{"id":3090,"href":"https:\/\/flotta.noblogs.org\/wp-json\/wp\/v2\/pages\/202\/revisions\/3090"}],"wp:attachment":[{"href":"https:\/\/flotta.noblogs.org\/wp-json\/wp\/v2\/media?parent=202"}],"curies":[{"name":"wp","href":"https:\/\/api.w.org\/{rel}","templated":true}]}}