{"id":993,"date":"2025-06-29T18:13:27","date_gmt":"2025-06-29T16:13:27","guid":{"rendered":"https:\/\/flotta.noblogs.org\/?page_id=993"},"modified":"2025-08-31T18:24:44","modified_gmt":"2025-08-31T16:24:44","slug":"io-capitan-le-vrai-crime-cest-la-frontiere","status":"publish","type":"page","link":"https:\/\/flotta.noblogs.org\/fr\/io-capitan-le-vrai-crime-cest-la-frontiere\/","title":{"rendered":"Io capitan@. Le vrai crime, c&rsquo;est la fronti\u00e8re"},"content":{"rendered":"\n<div style=\"height:1px\" aria-hidden=\"true\" id=\"seas-top\" class=\"wp-block-spacer\"><\/div>\n\n\n\n<div class=\"wp-block-columns is-layout-flex wp-container-core-columns-is-layout-9d6595d7 wp-block-columns-is-layout-flex\">\n<div class=\"wp-block-column is-layout-flow wp-block-column-is-layout-flow\" style=\"flex-basis:50%\">\n<h2 class=\"wp-block-heading\">Io capitan@. Le vrai crime, c\u2019est la fronti\u00e8re<\/h2>\n<\/div>\n\n\n\n<div class=\"wp-block-column is-layout-flow wp-block-column-is-layout-flow\" style=\"flex-basis:50%\">\n<figure data-wp-context=\"{&quot;imageId&quot;:&quot;69fe136fcdca4&quot;}\" data-wp-interactive=\"core\/image\" data-wp-key=\"69fe136fcdca4\" class=\"wp-block-image size-large wp-lightbox-container\"><img loading=\"lazy\" decoding=\"async\" width=\"724\" height=\"1024\" data-wp-class--hide=\"state.isContentHidden\" data-wp-class--show=\"state.isContentVisible\" data-wp-init=\"callbacks.setButtonStyles\" data-wp-on--click=\"actions.showLightbox\" data-wp-on--load=\"callbacks.setButtonStyles\" data-wp-on-window--resize=\"callbacks.setButtonStyles\" src=\"https:\/\/flotta.noblogs.org\/files\/2025\/07\/Iocapitano-724x1024.png\" alt=\"\" class=\"wp-image-1174\" srcset=\"https:\/\/flotta.noblogs.org\/files\/2025\/07\/Iocapitano-724x1024.png 724w, https:\/\/flotta.noblogs.org\/files\/2025\/07\/Iocapitano-212x300.png 212w, https:\/\/flotta.noblogs.org\/files\/2025\/07\/Iocapitano-768x1086.png 768w, https:\/\/flotta.noblogs.org\/files\/2025\/07\/Iocapitano-1086x1536.png 1086w, https:\/\/flotta.noblogs.org\/files\/2025\/07\/Iocapitano-1448x2048.png 1448w, https:\/\/flotta.noblogs.org\/files\/2025\/07\/Iocapitano-scaled.png 1810w\" sizes=\"auto, (max-width: 724px) 100vw, 724px\" \/><button\n\t\t\tclass=\"lightbox-trigger\"\n\t\t\ttype=\"button\"\n\t\t\taria-haspopup=\"dialog\"\n\t\t\taria-label=\"Agrandir\"\n\t\t\tdata-wp-init=\"callbacks.initTriggerButton\"\n\t\t\tdata-wp-on--click=\"actions.showLightbox\"\n\t\t\tdata-wp-style--right=\"state.imageButtonRight\"\n\t\t\tdata-wp-style--top=\"state.imageButtonTop\"\n\t\t>\n\t\t\t<svg xmlns=\"http:\/\/www.w3.org\/2000\/svg\" width=\"12\" height=\"12\" fill=\"none\" viewBox=\"0 0 12 12\">\n\t\t\t\t<path fill=\"#fff\" d=\"M2 0a2 2 0 0 0-2 2v2h1.5V2a.5.5 0 0 1 .5-.5h2V0H2Zm2 10.5H2a.5.5 0 0 1-.5-.5V8H0v2a2 2 0 0 0 2 2h2v-1.5ZM8 12v-1.5h2a.5.5 0 0 0 .5-.5V8H12v2a2 2 0 0 1-2 2H8Zm2-12a2 2 0 0 1 2 2v2h-1.5V2a.5.5 0 0 0-.5-.5H8V0h2Z\" \/>\n\t\t\t<\/svg>\n\t\t<\/button><\/figure>\n\n\n\n<p class=\"has-text-align-center has-text-color has-link-color wp-elements-c198a257701d49c3a5ad1c220905909d\" style=\"color:#e31c79\"><strong>Seasters Coop<\/strong><\/p>\n<\/div>\n<\/div>\n\n\n\n<div style=\"height:20px\" aria-hidden=\"true\" class=\"wp-block-spacer\"><\/div>\n\n\n\n<pre class=\"wp-block-preformatted has-medium-font-size\">Une campagne pour d\u00e9fendre la solidarit\u00e9 de ceux qui soutiennent les personnes en d\u00e9placement et pour demander l\u2019abolition des r\u00e8gles et des lois qui criminalisent ceux qui conduisent des bateaux, ceux qui offrent de l\u2019aide, ceux qui sauvent les personnes en difficult\u00e9 au cours de voyages rendus mortels par le r\u00e9gime des fronti\u00e8res qui est le seul v\u00e9ritable syst\u00e8me criminel qui cause des centaines de morts et qui d\u00e9fend l\u2019in\u00e9galit\u00e9 entre les \u00eatres humains.<\/pre>\n\n\n\n<div style=\"height:20px\" aria-hidden=\"true\" class=\"wp-block-spacer\"><\/div>\n\n\n\n<p>Avant que le tribunal de Crotone ne prononce son acquittement total, l\u2019activiste kurdo-iranienne Maysoon Majidi a d\u00fb passer 300 jours en prison. Dans les motifs de la condamnation, les t\u00e9moignages des deux compagnons de voyage qui l\u2019avaient accus\u00e9e ont \u00e9t\u00e9 qualifi\u00e9s de non fiables.<\/p>\n\n\n\n<p>Marjan Jamali a \u00e9galement \u00e9t\u00e9 accus\u00e9e d\u2019\u00eatre une passeuse. Elle avait d\u00e9barqu\u00e9 \u00e0 Roccella Jonica en octobre 2023. Elle \u00e9tait accompagn\u00e9e de son fils de huit ans. Elle a \u00e9t\u00e9 imm\u00e9diatement arr\u00eat\u00e9e et s\u00e9par\u00e9e de l\u2019enfant, qu\u2019elle a revu apr\u00e8s 217 jours de prison, lorsqu\u2019elle a \u00e9t\u00e9 assign\u00e9e \u00e0 r\u00e9sidence. Elle a \u00e9t\u00e9 totalement acquitt\u00e9e \u00e0 la mi-juin 2025.<\/p>\n\n\n\n<p>Toutes deux ont \u00e9t\u00e9 inculp\u00e9es sur la base de t\u00e9moignages qui se sont r\u00e9v\u00e9l\u00e9s incoh\u00e9rents.<\/p>\n\n\n\n<p>Deux acquittements face \u00e0 des centaines de cas de personnes qui se retrouvent \u00e0 payer le prix de la fermeture des fronti\u00e8res.<\/p>\n\n\n\n<p>Avec cette campagne, nous entendons renverser la perspective qui criminalise le franchissement des fronti\u00e8res et toute forme de soutien solidaire aux personnes en mouvement.<\/p>\n\n\n\n<p>L\u2019article 12 de la loi italienne sur l\u2019immigration s\u2019intitule \u00ab Dispositions contre l\u2019immigration ill\u00e9gale \u00bb et \u00e9tablit que toute personne qui accomplit \u00ab des actes visant \u00e0 procurer ill\u00e9galement l\u2019entr\u00e9e [de migrants] sur le territoire de l\u2019\u00c9tat ou d\u2019un autre \u00c9tat dont la personne n\u2019est pas citoyenne ou n\u2019a pas de permis de s\u00e9jour permanent \u00bb est un criminel.<\/p>\n\n\n\n<p>Le langage juridique devient un artefact pour d\u00e9tourner l\u2019attention de la violence organis\u00e9e des fronti\u00e8res. C\u2019est ce qui expose la personne \u00ab \u00e0 un danger pour sa vie ou sa s\u00e9curit\u00e9 \u00bb et la soumet \u00e0 des \u00ab traitements inhumains ou d\u00e9gradants \u00bb. La volont\u00e9 humaine de tracer une fronti\u00e8re et de d\u00e9cider qui est d\u2019un c\u00f4t\u00e9 et qui est de l\u2019autre, ou qui peut vivre et qui peut \u00eatre laiss\u00e9 pour mort.<\/p>\n\n\n\n<p>Voil\u00e0 le v\u00e9ritable abus : la fronti\u00e8re, une blessure trac\u00e9e sur la peau de la terre et de ceux qui l\u2019habitent. Un coup d\u2019\u00e9p\u00e9e qui s\u00e9pare les gens les uns des autres et de la possibilit\u00e9 de se sauver. Et pour cacher ce crime, on utilise un art tr\u00e8s raffin\u00e9 : inventer un ennemi. Un art qui ne peut se permettre la compassion suscit\u00e9e par l\u2019image des noy\u00e9s de la M\u00e9diterran\u00e9e. Il faut un m\u00e9chant fictif. Et peu importe que ceux qui soutiennent les personnes en d\u00e9placement n\u2019en tirent aucun profit. Les r\u00e8gles criminalisent \u00e9galement la solidarit\u00e9 offerte sans aucun gain \u00e9conomique.<\/p>\n\n\n\n<p>C\u2019est une criminalisation inverse et fonctionnelle qui a fabriqu\u00e9 la figure du \u00ab scafista \u00bb, le trafiquant d\u2019\u00eatres humains. Et pour la concr\u00e9tiser, toute forme de solidarit\u00e9 est criminalis\u00e9e : offrir de la nourriture, offrir un abri, fournir des informations juridiques ou logistiques, prendre la barre du navire qui emm\u00e8ne les migrants en lieu s\u00fbr.<\/p>\n\n\n\n<p>Les fronti\u00e8res sont pr\u00e9sent\u00e9es comme naturelles et n\u00e9cessaires. Mais elles sont tout sauf cela : toute fronti\u00e8re est un ph\u00e9nom\u00e8ne humain et, en tant que tel, peut \u00eatre modifi\u00e9. Elle n\u2019a pas toujours exist\u00e9 et n\u2019existera pas toujours.<\/p>\n\n\n\n<p>Franchir une fronti\u00e8re n\u2019est pas un crime. Amener des personnes en s\u00e9curit\u00e9 n\u2019est pas un crime. Arriver en Italie et en Europe n\u2019est pas un crime.<\/p>\n\n\n\n<h3 class=\"wp-block-heading\">Ce que nous demandons<\/h3>\n\n\n\n<p>1. L\u2019abrogation des articles 12 et 12 bis de la loi italienne sur l\u2019immigration, qui \u00e9tablissent le d\u00e9lit de \u00ab complicit\u00e9 d\u2019immigration ill\u00e9gale \u00bb m\u00eame en l\u2019absence de but lucratif.<\/p>\n\n\n\n<p>2. L\u2019abolition, tant au niveau national qu\u2019europ\u00e9en, de toute disposition qui criminalise le franchissement des fronti\u00e8res et l\u2019assistance aux personnes en d\u00e9placement.<\/p>\n\n\n\n<p>3. L\u2019abolition des politiques d\u2019externalisation des fronti\u00e8res qui rendent les routes migratoires terrestres et maritimes mortelles et criminalisent les personnes en d\u00e9placement et celles qui les aident dans les pays d\u2019origine et de transit.<\/p>\n\n\n\n<h3 class=\"wp-block-heading\">Qui sommes-nous ?<\/h3>\n\n\n\n<div class=\"wp-block-columns is-layout-flex wp-container-core-columns-is-layout-9d6595d7 wp-block-columns-is-layout-flex\">\n<div class=\"wp-block-column is-layout-flow wp-block-column-is-layout-flow\">\n<p><strong>Seasters Coop est un projet de voile trans-f\u00e9ministe et populaire<\/strong> n\u00e9 pour ouvrir de nouveaux espaces dans le monde de la voile, traditionnellement sexiste et classiste.<\/p>\n\n\n\n<p>\u00c0 travers ses deux bateaux, la coop\u00e9rative s\u2019efforce jour apr\u00e8s jour de r\u00e9\u00e9crire les mod\u00e8les hi\u00e9rarchiques impos\u00e9s dans la navigation traditionnelle, afin d\u2019impliquer les femmes+ de toutes origines sociales et culturelles dans les activit\u00e9s en mer.<\/p>\n\n\n\n<p>Seasters offre une exp\u00e9rience de navigation politique, fond\u00e9e sur les piliers de la solidarit\u00e9, du respect, de la coop\u00e9ration, de l\u2019attention \u00e0 l\u2019environnement et aux communaut\u00e9s.<\/p>\n<\/div>\n\n\n\n<div class=\"wp-block-column is-layout-flow wp-block-column-is-layout-flow\">\n<figure class=\"wp-block-image size-full\"><img loading=\"lazy\" decoding=\"async\" width=\"518\" height=\"401\" src=\"https:\/\/flotta.noblogs.org\/files\/2025\/07\/1ea14a_1e7e46620b1245b58ac3f8961b02293bmv2.avif\" alt=\"\" class=\"wp-image-1227\" srcset=\"https:\/\/flotta.noblogs.org\/files\/2025\/07\/1ea14a_1e7e46620b1245b58ac3f8961b02293bmv2.avif 518w, https:\/\/flotta.noblogs.org\/files\/2025\/07\/1ea14a_1e7e46620b1245b58ac3f8961b02293bmv2-300x232.jpg 300w\" sizes=\"auto, (max-width: 518px) 100vw, 518px\" \/><\/figure>\n\n\n\n<figure class=\"wp-block-pullquote\"><blockquote><p><strong>Seasters est n\u00e9 pour d\u00e9passer les limites individuelles et collectives et pour reprendre une mer de libert\u00e9 pour tous.<\/strong><\/p><\/blockquote><\/figure>\n<\/div>\n<\/div>\n\n\n\n<div class=\"wp-block-media-text is-stacked-on-mobile\"><figure class=\"wp-block-media-text__media\"><img loading=\"lazy\" decoding=\"async\" width=\"331\" height=\"90\" src=\"https:\/\/flotta.noblogs.org\/files\/2025\/07\/logo-seasters.avif\" alt=\"\" class=\"wp-image-1222 size-full\" srcset=\"https:\/\/flotta.noblogs.org\/files\/2025\/07\/logo-seasters.avif 331w, https:\/\/flotta.noblogs.org\/files\/2025\/07\/logo-seasters-300x82.jpg 300w\" sizes=\"auto, (max-width: 331px) 100vw, 331px\" \/><\/figure><div class=\"wp-block-media-text__content\">\n<pre class=\"wp-block-preformatted has-medium-font-size\"><a href=\"https:\/\/www.seasters.it\/\" target=\"_blank\" rel=\"noreferrer noopener\">www.seasters.it<\/a><br><a href=\"mailto:info@seasters.it\" target=\"_blank\" rel=\"noreferrer noopener\">info@seasters.it<\/a><\/pre>\n<\/div><\/div>\n\n\n\n<div style=\"height:30px\" aria-hidden=\"true\" class=\"wp-block-spacer\"><\/div>\n\n\n\n<div class=\"wp-block-columns is-layout-flex wp-container-core-columns-is-layout-9d6595d7 wp-block-columns-is-layout-flex\">\n<div class=\"wp-block-column is-layout-flow wp-block-column-is-layout-flow\" style=\"flex-basis:15%\"><\/div>\n\n\n\n<div class=\"wp-block-column is-layout-flow wp-block-column-is-layout-flow\" style=\"flex-basis:15%\"><\/div>\n\n\n\n<div class=\"wp-block-column is-layout-flow wp-block-column-is-layout-flow\" style=\"flex-basis:70%\">\n<div class=\"wp-block-buttons is-content-justification-right is-layout-flex wp-container-core-buttons-is-layout-765c4724 wp-block-buttons-is-layout-flex\">\n<div class=\"wp-block-button is-style-outline is-style-outline--1\"><a class=\"wp-block-button__link has-text-align-center wp-element-button\" href=\"https:\/\/flotta.noblogs.org\/fr\/campaigns\/\">CAMPAGNES<\/a><\/div>\n\n\n\n<div class=\"wp-block-button is-style-outline is-style-outline--2\"><a class=\"wp-block-button__link has-text-align-center wp-element-button\" href=\"https:\/\/flotta.noblogs.org\/fr\">HOME<\/a><\/div>\n\n\n\n<div class=\"wp-block-button is-style-outline is-style-outline--3\"><a class=\"wp-block-button__link has-text-align-center wp-element-button\" href=\"#seas-top\">HAUT<\/a><\/div>\n<\/div>\n<\/div>\n<\/div>\n","protected":false},"excerpt":{"rendered":"<p>Io capitan@. Le vrai crime, c\u2019est la fronti\u00e8re Seasters Coop Une campagne pour d\u00e9fendre la solidarit\u00e9 de ceux qui soutiennent les personnes en d\u00e9placement et pour demander l\u2019abolition des r\u00e8gles et des lois qui criminalisent ceux qui conduisent des bateaux, ceux qui offrent de l\u2019aide, ceux qui sauvent les personnes en difficult\u00e9 au cours de &hellip; <\/p>\n<p class=\"link-more\"><a href=\"https:\/\/flotta.noblogs.org\/fr\/io-capitan-le-vrai-crime-cest-la-frontiere\/\" class=\"more-link\">Continuer la lecture<span class=\"screen-reader-text\"> de &laquo;&nbsp;Io capitan@. Le vrai crime, c&rsquo;est la fronti\u00e8re&nbsp;&raquo;<\/span><\/a><\/p>\n","protected":false},"author":20714,"featured_media":0,"parent":0,"menu_order":0,"comment_status":"closed","ping_status":"closed","template":"","meta":{"_locale":"fr_FR","_original_post":"https:\/\/flotta.noblogs.org\/?page_id=847","footnotes":""},"class_list":["post-993","page","type-page","status-publish","hentry","fr-FR"],"_links":{"self":[{"href":"https:\/\/flotta.noblogs.org\/wp-json\/wp\/v2\/pages\/993","targetHints":{"allow":["GET"]}}],"collection":[{"href":"https:\/\/flotta.noblogs.org\/wp-json\/wp\/v2\/pages"}],"about":[{"href":"https:\/\/flotta.noblogs.org\/wp-json\/wp\/v2\/types\/page"}],"author":[{"embeddable":true,"href":"https:\/\/flotta.noblogs.org\/wp-json\/wp\/v2\/users\/20714"}],"replies":[{"embeddable":true,"href":"https:\/\/flotta.noblogs.org\/wp-json\/wp\/v2\/comments?post=993"}],"version-history":[{"count":6,"href":"https:\/\/flotta.noblogs.org\/wp-json\/wp\/v2\/pages\/993\/revisions"}],"predecessor-version":[{"id":3682,"href":"https:\/\/flotta.noblogs.org\/wp-json\/wp\/v2\/pages\/993\/revisions\/3682"}],"wp:attachment":[{"href":"https:\/\/flotta.noblogs.org\/wp-json\/wp\/v2\/media?parent=993"}],"curies":[{"name":"wp","href":"https:\/\/api.w.org\/{rel}","templated":true}]}}