{"id":588,"date":"2025-06-29T17:57:22","date_gmt":"2025-06-29T15:57:22","guid":{"rendered":"https:\/\/flotta.noblogs.org\/?page_id=588"},"modified":"2025-08-31T18:33:00","modified_gmt":"2025-08-31T16:33:00","slug":"campaign-against-the-prolongation-of-the-italy-libya-memorandum-of-understanding","status":"publish","type":"page","link":"https:\/\/flotta.noblogs.org\/fr\/campaign-against-the-prolongation-of-the-italy-libya-memorandum-of-understanding\/","title":{"rendered":"Campaign against the Prolongation of the Italy-Libya Memorandum of Understanding"},"content":{"rendered":"\n<div style=\"height:1px\" aria-hidden=\"true\" id=\"libya-top\" class=\"wp-block-spacer\"><\/div>\n\n\n\n<div class=\"wp-block-columns is-layout-flex wp-container-core-columns-is-layout-9d6595d7 wp-block-columns-is-layout-flex\">\n<div class=\"wp-block-column is-layout-flow wp-block-column-is-layout-flow\" style=\"flex-basis:64%\">\n<h2 class=\"wp-block-heading\">Campagne contre la prolongation du protocole d\u2019accord entre l\u2019Italie et la Libye<\/h2>\n<\/div>\n\n\n\n<div class=\"wp-block-column is-layout-flow wp-block-column-is-layout-flow\" style=\"flex-basis:36%\">\n<figure data-wp-context=\"{&quot;imageId&quot;:&quot;69d4b2afd5418&quot;}\" data-wp-interactive=\"core\/image\" data-wp-key=\"69d4b2afd5418\" class=\"wp-block-image size-large wp-lightbox-container\"><img loading=\"lazy\" decoding=\"async\" width=\"737\" height=\"1024\" data-wp-class--hide=\"state.isContentHidden\" data-wp-class--show=\"state.isContentVisible\" data-wp-init=\"callbacks.setButtonStyles\" data-wp-on--click=\"actions.showLightbox\" data-wp-on--load=\"callbacks.setButtonStyles\" data-wp-on-window--resize=\"callbacks.setButtonStyles\" src=\"https:\/\/flotta.noblogs.org\/files\/2025\/07\/ItalyLibya-e1752587543997-737x1024.png\" alt=\"\" class=\"wp-image-1159\" srcset=\"https:\/\/flotta.noblogs.org\/files\/2025\/07\/ItalyLibya-e1752587543997-737x1024.png 737w, https:\/\/flotta.noblogs.org\/files\/2025\/07\/ItalyLibya-e1752587543997-216x300.png 216w, https:\/\/flotta.noblogs.org\/files\/2025\/07\/ItalyLibya-e1752587543997-768x1067.png 768w, https:\/\/flotta.noblogs.org\/files\/2025\/07\/ItalyLibya-e1752587543997.png 950w\" sizes=\"auto, (max-width: 737px) 100vw, 737px\" \/><button\n\t\t\tclass=\"lightbox-trigger\"\n\t\t\ttype=\"button\"\n\t\t\taria-haspopup=\"dialog\"\n\t\t\taria-label=\"Agrandir\"\n\t\t\tdata-wp-init=\"callbacks.initTriggerButton\"\n\t\t\tdata-wp-on--click=\"actions.showLightbox\"\n\t\t\tdata-wp-style--right=\"state.imageButtonRight\"\n\t\t\tdata-wp-style--top=\"state.imageButtonTop\"\n\t\t>\n\t\t\t<svg xmlns=\"http:\/\/www.w3.org\/2000\/svg\" width=\"12\" height=\"12\" fill=\"none\" viewBox=\"0 0 12 12\">\n\t\t\t\t<path fill=\"#fff\" d=\"M2 0a2 2 0 0 0-2 2v2h1.5V2a.5.5 0 0 1 .5-.5h2V0H2Zm2 10.5H2a.5.5 0 0 1-.5-.5V8H0v2a2 2 0 0 0 2 2h2v-1.5ZM8 12v-1.5h2a.5.5 0 0 0 .5-.5V8H12v2a2 2 0 0 1-2 2H8Zm2-12a2 2 0 0 1 2 2v2h-1.5V2a.5.5 0 0 0-.5-.5H8V0h2Z\" \/>\n\t\t\t<\/svg>\n\t\t<\/button><\/figure>\n\n\n\n<p class=\"has-text-align-center has-text-color has-link-color wp-elements-f1cb0789108c6a06a076266719202c2d\" style=\"color:#e31c79\"><strong>R\u00e9fugi\u00e9s en Libye<\/strong><\/p>\n<\/div>\n<\/div>\n\n\n\n<h3 class=\"wp-block-heading\">Le probl\u00e8me<\/h3>\n\n\n\n<p>Chaque ann\u00e9e, des milliers de personnes fuyant les violations, l\u2019esclavage et la traite des \u00eatres humains en Libye sont captur\u00e9es en M\u00e9diterran\u00e9e par les soi-disant garde-c\u00f4tes libyens. Hommes, femmes et enfants sont refoul\u00e9s dans d\u2019horribles camps de d\u00e9tention et nombre d\u2019entre eux sont vendus \u00e0 des trafiquants qui les torturent, les violent, les violent et exigent m\u00eame d\u2019\u00e9normes ran\u00e7ons. Les bateaux utilis\u00e9s pour les interceptions ont \u00e9t\u00e9 donn\u00e9s par le gouvernement italien sur la base du protocole d\u2019accord conclu avec la Libye en f\u00e9vrier 2017. L\u2019Union europ\u00e9enne a financ\u00e9, form\u00e9, \u00e9quip\u00e9 et soutenu politiquement le DCIM (D\u00e9partement de lutte contre les migrations ill\u00e9gales) et d\u2019autres forces libyennes pour emp\u00eacher les gens d\u2019atteindre l\u2019Europe par tous les moyens (et avec un r\u00f4le crucial de Frontex), malgr\u00e9 des preuves solides que ce m\u00e9morandum a conduit \u00e0 de nombreuses violations des droits de l\u2019homme. Les r\u00e9fugi\u00e9s en Libye ont commenc\u00e9 \u00e0 pr\u00e9parer une campagne pour mettre fin au m\u00e9morandum, qui est renouvel\u00e9 tous les trois ans.<\/p>\n\n\n\n<h3 class=\"wp-block-heading\">Les principales demandes<\/h3>\n\n\n\n<ul class=\"wp-block-list\">\n<li>Arr\u00eater le m\u00e9morandum<\/li>\n\n\n\n<li>Lib\u00e9rer tous les d\u00e9tenus<\/li>\n\n\n\n<li>Fermer tous les centres de d\u00e9tention<\/li>\n\n\n\n<li>Ouvrir des couloirs de s\u00e9curit\u00e9 pour tous les r\u00e9fugi\u00e9s vuln\u00e9rables vivant en Lybie<\/li>\n\n\n\n<li>Indemniser toutes les victimes et les survivants de cette politique de refoulement en accordant des visas vers des pays s\u00fbrs et des compensations \u00e9conomiques.<\/li>\n<\/ul>\n\n\n\n<h3 class=\"wp-block-heading\">\u00c0 propos de cette campagne<\/h3>\n\n\n\n<p>Le gouvernement est rest\u00e9 silencieux ou a essay\u00e9 de pr\u00e9senter des justifications maladroites sur l\u2019impunit\u00e9 qu\u2019il a accord\u00e9e \u00e0 Almasry. Dans cette situation, le r\u00f4le de Refugees in Libya est devenu crucial : les victimes du syst\u00e8me libyen ont pris la parole elles-m\u00eames, expliquant au parlement et aux m\u00e9dias qui est r\u00e9ellement Almasri, quels sont ses crimes et qui sont ses collaborateurs italiens. Gr\u00e2ce \u00e0 de nombreuses interventions, la r\u00e9alit\u00e9 brutale de la vie des migrants en Libye a \u00e9t\u00e9 expos\u00e9e au public italien comme jamais auparavant, mais a \u00e9galement atteint plusieurs m\u00e9dias internationaux.<\/p>\n\n\n\n<p>La campagne contre le m\u00e9morandum devrait suivre cette exposition publique r\u00e9ussie du scandale de cette collaboration, en essayant de la d\u00e9velopper \u00e0 un niveau transnational, impliquant des associations, des institutions civiles et religieuses, des ONG de sauvetage, des mouvements et des partis politiques d\u2019opposition, et toute personne qui respecte les trait\u00e9s et les conventions sur les droits de l\u2019homme.<\/p>\n\n\n\n<p>La campagne est lanc\u00e9e le vendredi 20 juin 2025 \u2013 la journ\u00e9e mondiale des r\u00e9fugi\u00e9s \u2013 par une conf\u00e9rence de presse des r\u00e9fugi\u00e9s en Libye. Une s\u00e9rie d\u2019\u00e9v\u00e9nements d\u2019information suivra jusqu\u2019\u00e0 ce que la campagne culmine avec plusieurs jours d\u2019action sur un espace public \u00e0 Rome \u00e0 la fin du mois d\u2019octobre (le 2 novembre 2025 \u00e9tant la date limite pour les objections officielles).<\/p>\n\n\n\n<p>Toutes les organisations et tous les individus sont invit\u00e9s \u00e0 rejoindre et \u00e0 amplifier cette campagne, par le biais de leurs m\u00e9dias sociaux mais aussi en soutenant la mobilisation et la participation directe \u00e0 Rome en octobre.<\/p>\n\n\n\n<div style=\"height:30px\" aria-hidden=\"true\" class=\"wp-block-spacer\"><\/div>\n\n\n\n<div class=\"wp-block-columns is-layout-flex wp-container-core-columns-is-layout-9d6595d7 wp-block-columns-is-layout-flex\">\n<div class=\"wp-block-column is-layout-flow wp-block-column-is-layout-flow\" style=\"flex-basis:20%\">\n<div style=\"height:30px\" aria-hidden=\"true\" class=\"wp-block-spacer\"><\/div>\n\n\n\n<figure class=\"wp-block-image size-full\"><img loading=\"lazy\" decoding=\"async\" width=\"159\" height=\"159\" src=\"https:\/\/flotta.noblogs.org\/files\/2025\/07\/refugees-in-lybia.png\" alt=\"\" class=\"wp-image-1248\" srcset=\"https:\/\/flotta.noblogs.org\/files\/2025\/07\/refugees-in-lybia.png 159w, https:\/\/flotta.noblogs.org\/files\/2025\/07\/refugees-in-lybia-150x150.png 150w, https:\/\/flotta.noblogs.org\/files\/2025\/07\/refugees-in-lybia-100x100.png 100w\" sizes=\"auto, (max-width: 159px) 100vw, 159px\" \/><\/figure>\n<\/div>\n\n\n\n<div class=\"wp-block-column is-layout-flow wp-block-column-is-layout-flow\" style=\"flex-basis:80%\">\n<pre class=\"wp-block-preformatted has-medium-font-size\">Campagne: <a href=\"mailto:stopmouitalylibya@gmail.com\" target=\"_blank\" rel=\"noreferrer noopener\">stopmouitalylibya@gmail.com<br><\/a><br>R\u00e9fugi\u00e9s en Libye et l\u2019alliance: <a href=\"mailto:info@refugeesinlibya.org\">info@refugeesinlibya.org<\/a> <a href=\"mailto:alliancewithrefugeesinlibya@gmail.com\">alliancewithrefugeesinlibya@gmail.com<\/a><br><br>Site: <a href=\"http:\/\/www.refugeesinlibya.org\" target=\"_blank\" rel=\"noreferrer noopener\">Refugees In Libya<\/a><\/pre>\n<\/div>\n<\/div>\n\n\n\n<div style=\"height:30px\" aria-hidden=\"true\" class=\"wp-block-spacer\"><\/div>\n\n\n\n<div class=\"wp-block-columns is-layout-flex wp-container-core-columns-is-layout-9d6595d7 wp-block-columns-is-layout-flex\">\n<div class=\"wp-block-column is-layout-flow wp-block-column-is-layout-flow\" style=\"flex-basis:15%\"><\/div>\n\n\n\n<div class=\"wp-block-column is-layout-flow wp-block-column-is-layout-flow\" style=\"flex-basis:15%\"><\/div>\n\n\n\n<div class=\"wp-block-column is-layout-flow wp-block-column-is-layout-flow\" style=\"flex-basis:70%\">\n<div class=\"wp-block-buttons is-content-justification-right is-layout-flex wp-container-core-buttons-is-layout-765c4724 wp-block-buttons-is-layout-flex\">\n<div class=\"wp-block-button is-style-outline is-style-outline--1\"><a class=\"wp-block-button__link has-text-align-center wp-element-button\" href=\"https:\/\/flotta.noblogs.org\/fr\/campaigns\/\">CAMPAGNES<\/a><\/div>\n\n\n\n<div class=\"wp-block-button is-style-outline is-style-outline--2\"><a class=\"wp-block-button__link has-text-align-center wp-element-button\" href=\"https:\/\/flotta.noblogs.org\/fr\">HOME<\/a><\/div>\n\n\n\n<div class=\"wp-block-button is-style-outline is-style-outline--3\"><a class=\"wp-block-button__link has-text-align-center wp-element-button\" href=\"#libya-top\">HAUT<\/a><\/div>\n<\/div>\n<\/div>\n<\/div>\n","protected":false},"excerpt":{"rendered":"<p>Campagne contre la prolongation du protocole d\u2019accord entre l\u2019Italie et la Libye R\u00e9fugi\u00e9s en Libye Le probl\u00e8me Chaque ann\u00e9e, des milliers de personnes fuyant les violations, l\u2019esclavage et la traite des \u00eatres humains en Libye sont captur\u00e9es en M\u00e9diterran\u00e9e par les soi-disant garde-c\u00f4tes libyens. Hommes, femmes et enfants sont refoul\u00e9s dans d\u2019horribles camps de d\u00e9tention &hellip; <\/p>\n<p class=\"link-more\"><a href=\"https:\/\/flotta.noblogs.org\/fr\/campaign-against-the-prolongation-of-the-italy-libya-memorandum-of-understanding\/\" class=\"more-link\">Continuer la lecture<span class=\"screen-reader-text\"> de &laquo;&nbsp;Campaign against the Prolongation of the Italy-Libya Memorandum of Understanding&nbsp;&raquo;<\/span><\/a><\/p>\n","protected":false},"author":20714,"featured_media":0,"parent":0,"menu_order":0,"comment_status":"closed","ping_status":"closed","template":"","meta":{"_locale":"fr_FR","_original_post":"https:\/\/flotta.noblogs.org\/?page_id=110","footnotes":""},"class_list":["post-588","page","type-page","status-publish","hentry","fr-FR"],"_links":{"self":[{"href":"https:\/\/flotta.noblogs.org\/wp-json\/wp\/v2\/pages\/588","targetHints":{"allow":["GET"]}}],"collection":[{"href":"https:\/\/flotta.noblogs.org\/wp-json\/wp\/v2\/pages"}],"about":[{"href":"https:\/\/flotta.noblogs.org\/wp-json\/wp\/v2\/types\/page"}],"author":[{"embeddable":true,"href":"https:\/\/flotta.noblogs.org\/wp-json\/wp\/v2\/users\/20714"}],"replies":[{"embeddable":true,"href":"https:\/\/flotta.noblogs.org\/wp-json\/wp\/v2\/comments?post=588"}],"version-history":[{"count":6,"href":"https:\/\/flotta.noblogs.org\/wp-json\/wp\/v2\/pages\/588\/revisions"}],"predecessor-version":[{"id":3688,"href":"https:\/\/flotta.noblogs.org\/wp-json\/wp\/v2\/pages\/588\/revisions\/3688"}],"wp:attachment":[{"href":"https:\/\/flotta.noblogs.org\/wp-json\/wp\/v2\/media?parent=588"}],"curies":[{"name":"wp","href":"https:\/\/api.w.org\/{rel}","templated":true}]}}