{"id":570,"date":"2025-06-12T10:14:51","date_gmt":"2025-06-12T08:14:51","guid":{"rendered":"https:\/\/flotta.noblogs.org\/?page_id=570"},"modified":"2025-06-12T16:29:37","modified_gmt":"2025-06-12T14:29:37","slug":"f-a-q","status":"publish","type":"page","link":"https:\/\/flotta.noblogs.org\/fr\/f-a-q\/","title":{"rendered":"F.A.Q."},"content":{"rendered":"\r\n<div class=\"wp-block-group\"><div class=\"wp-block-group__inner-container is-layout-constrained wp-block-group-is-layout-constrained\">\r\n<div class=\"wp-block-group\"><div class=\"wp-block-group__inner-container is-layout-constrained wp-block-group-is-layout-constrained\"><details class=\"wp-block-details is-layout-flow wp-block-details-is-layout-flow\">\r\n<summary>Comment puis-je vous contacter ?<\/summary>\r\n\r\n<p>\u00c9cris \u00e0 l&rsquo;adresse suivante <a href=\"mailto:F_Lotta@inventati.org\" data-cke-saved-href=\"mailto:F_Lotta@inventati.org\">f_lotta@inventati.org<\/a><\/p>\r\n<\/details><\/div><\/div>\r\n<\/div><\/div>\r\n\r\n\r\n\r\n<div class=\"wp-block-group is-vertical is-layout-flex wp-container-core-group-is-layout-8cf370e7 wp-block-group-is-layout-flex\"><details class=\"wp-block-details is-layout-flow wp-block-details-is-layout-flow\">\r\n<summary>Qu&rsquo;en est-il du point dans \u00ab f.Lotta \u00bb ? Et comment dois-je le prononcer ?<\/summary>\r\n\r\n<p>En italien, flotta signifie \u00ab flotte \u00bb, lotta signifie \u00ab combat \u00bb. Il marque la nature politique et intransigeante de l&rsquo;initiative. Parfois, les mots sont dr\u00f4les, n&rsquo;est-ce pas ? Vous le prononcez comme vous voulez.<\/p>\r\n<\/details>\r\n\r\n<details class=\"wp-block-details is-layout-flow wp-block-details-is-layout-flow\">\r\n<summary>f.Lotta vise-t-elle \u00e0 mettre en place une op\u00e9ration de recherche et de sauvetage ?<\/summary>\r\n\r\n<p>Non ! Nous organisons une occupation de la mer pour d\u00e9noncer ce syst\u00e8me et en imaginer un autre radicalement diff\u00e9rent. <strong>f.Lotta est une action politique, pas une op\u00e9ration humanitaire. <\/strong>Parall\u00e8lement, f.Lotta compte se pr\u00e9parer en cas de d\u00e9tresse en mer. Les membres de F.lotta, qui navigueront \u00e0 proximit\u00e9 les uns des autres, sauront comment r\u00e9agir au mieux et demander de l&rsquo;aide, dans le respect du droit de la mer.<\/p>\r\n<p><img loading=\"lazy\" decoding=\"async\" class=\"alignleft wp-image-689\" src=\"https:\/\/flotta.noblogs.org\/files\/2025\/06\/26-RD.jpg\" alt=\"\" width=\"850\" height=\"361\" \/><\/p>\r\n<p>&nbsp;<\/p>\r\n<\/details><\/div>\r\n\r\n\r\n<details class=\"wp-block-details is-layout-flow wp-block-details-is-layout-flow\">\r\n<summary>J&rsquo;ai un bateau et je veux apporter mon soutien. Comment faire ?<\/summary>\r\n\r\n<p>Rejoins-nous ! <strong>Nous avons besoin d&rsquo;autant de bateaux que possible pour faire du bruit et perturber le syst\u00e8me<\/strong>. Envoie-nous un e-mail et nous verrons ensemble comment mettre nos ressources en commun. M\u00eame si tu n&rsquo;es pas en\u00a0M\u00e9diterran\u00e9e centrale, rejoins-nous !\u00a0<\/p>\r\n<\/details>\r\n\r\n<details class=\"wp-block-details is-layout-flow wp-block-details-is-layout-flow\">\r\n<summary>Je n&rsquo;ai pas de bateau et je veux apporter mon soutien. Comment faire ?<\/summary>\r\n\r\n<p>Tu n&rsquo;as n&rsquo;as pas besoin d&rsquo;un bateau pour soutenir et faire partie de F.lotta. Rejoins nos structures d&rsquo;organisation, prends des initiatives, contacte tes r\u00e9seaux ! Si tu fais partie d&rsquo;un collectif politique, vous pouvez d\u00e9velopper une campagne qui entre dans la plateforme politique de f.Lotta. <strong>Il y a de la place pour toi, contacte-nous !<\/strong><\/p>\r\n<p>&nbsp;<\/p>\r\n<\/details>","protected":false},"excerpt":{"rendered":"","protected":false},"author":20714,"featured_media":0,"parent":0,"menu_order":0,"comment_status":"closed","ping_status":"closed","template":"","meta":{"_locale":"fr_FR","_original_post":"https:\/\/flotta.noblogs.org\/?page_id=49","footnotes":""},"class_list":["post-570","page","type-page","status-publish","hentry","fr-FR"],"_links":{"self":[{"href":"https:\/\/flotta.noblogs.org\/wp-json\/wp\/v2\/pages\/570","targetHints":{"allow":["GET"]}}],"collection":[{"href":"https:\/\/flotta.noblogs.org\/wp-json\/wp\/v2\/pages"}],"about":[{"href":"https:\/\/flotta.noblogs.org\/wp-json\/wp\/v2\/types\/page"}],"author":[{"embeddable":true,"href":"https:\/\/flotta.noblogs.org\/wp-json\/wp\/v2\/users\/20714"}],"replies":[{"embeddable":true,"href":"https:\/\/flotta.noblogs.org\/wp-json\/wp\/v2\/comments?post=570"}],"version-history":[{"count":9,"href":"https:\/\/flotta.noblogs.org\/wp-json\/wp\/v2\/pages\/570\/revisions"}],"predecessor-version":[{"id":693,"href":"https:\/\/flotta.noblogs.org\/wp-json\/wp\/v2\/pages\/570\/revisions\/693"}],"wp:attachment":[{"href":"https:\/\/flotta.noblogs.org\/wp-json\/wp\/v2\/media?parent=570"}],"curies":[{"name":"wp","href":"https:\/\/api.w.org\/{rel}","templated":true}]}}