{"id":561,"date":"2025-06-12T09:48:08","date_gmt":"2025-06-12T07:48:08","guid":{"rendered":"https:\/\/flotta.noblogs.org\/?page_id=561"},"modified":"2025-09-09T21:06:32","modified_gmt":"2025-09-09T19:06:32","slug":"the-action","status":"publish","type":"page","link":"https:\/\/flotta.noblogs.org\/fr\/the-action\/","title":{"rendered":"L&rsquo;action"},"content":{"rendered":"\n<h2 class=\"wp-block-heading\">En quoi consiste f.Lotta ?<\/h2>\n\n\n\n<figure class=\"wp-block-image size-large\"><img loading=\"lazy\" decoding=\"async\" width=\"1024\" height=\"427\" src=\"https:\/\/flotta.noblogs.org\/files\/2025\/07\/boat-occupazione-part-8-1024x427.png\" alt=\"\" class=\"wp-image-1888\" srcset=\"https:\/\/flotta.noblogs.org\/files\/2025\/07\/boat-occupazione-part-8-1024x427.png 1024w, https:\/\/flotta.noblogs.org\/files\/2025\/07\/boat-occupazione-part-8-300x125.png 300w, https:\/\/flotta.noblogs.org\/files\/2025\/07\/boat-occupazione-part-8-768x320.png 768w, https:\/\/flotta.noblogs.org\/files\/2025\/07\/boat-occupazione-part-8.png 1200w\" sizes=\"auto, (max-width: 767px) 89vw, (max-width: 1000px) 54vw, (max-width: 1071px) 543px, 580px\" \/><\/figure>\n\n\n\n<p>Une manif, une marche, une occupation : nous sommes nombreux.ses et chacun.e a sa d\u00e9finition.<\/p>\n\n\n\n<h3 class=\"wp-block-heading\">L&rsquo;id\u00e9e centrale est de <strong>rassembler le plus grand nombre possible de bateaux et de percer la fronti\u00e8re sud de la forteresse europ\u00e9enne.<\/strong><\/h3>\n\n\n\n<p>Apr\u00e8s un rassemblement initial au sud de Lampedusa, les bateaux de la f.Lotta navigueront ensemble vers le sud, pour une premi\u00e8re journ\u00e9e de navigation. Les bateaux prendront ensuite des positions de veille, formant une cha\u00eene de surveillance solidaire et se d\u00e9pla\u00e7ant selon des sch\u00e9mas de patrouille coordonn\u00e9s. Enfin, les bateaux de la f.Lotta navigueront ensemble pour un dernier rassemblement et des comm\u00e9morations.<\/p>\n\n\n\n<h3 class=\"wp-block-heading\">L&rsquo;initiative vise \u00e0 \u00eatre un <strong>\u00e9v\u00e9nement de masse<\/strong>, rassemblant le plus grand nombre de bateaux possible.<\/h3>\n\n\n\n<p>Cela r\u00e9pond \u00e0 des besoins pratiques et politiques : nous devons \u00eatre en mesure d&rsquo;occuper une partie consid\u00e9rable de la mer pour attirer l&rsquo;attention et pour projeter une vision articul\u00e9e vers un pr\u00e9sent radicalement diff\u00e9rent.<\/p>\n\n\n\n<h3 class=\"wp-block-heading\">Alors que le message g\u00e9n\u00e9ral de f.Lotta est celui de la libert\u00e9 de mouvement, chaque bateau sera le porte-drapeau et le t\u00e9moin d&rsquo;une campagne politique sp\u00e9cifique et inter-connect\u00e9e.<\/h3>\n\n\n\n<p>Toutes les campagnes se combinent et composent la plateforme politique de f.Lota. <strong>Ces campagnes sp\u00e9cifiques reprennent des id\u00e9es radicales et h\u00e9r\u00e9tiques<\/strong> et sont structur\u00e9es par de nombreux groupes \u00e0 terre qui d\u00e9cident de soutenir f.Lotta. Les bateaux de f.Lotta viendront de diff\u00e9rents ports d&rsquo;Italie et d&rsquo;Europe. Le chemin vers le point de convergence sera ponctu\u00e9 d&rsquo;arr\u00eats logistiques et politiques sur la c\u00f4te pour les bateaux, permettant de polliniser les id\u00e9es de f.Lotta avec les r\u00e9alit\u00e9s locales et les r\u00e9seaux de solidarit\u00e9.<\/p>\n\n\n\n<h2 class=\"wp-block-heading\">Il y a plus que cela<\/h2>\n\n\n\n<p>f.Lottine et f.Lotta de terre sont d&rsquo;autres articulations de l&rsquo;initiative : des actions de protestation parall\u00e8les qui relient la M\u00e9diterran\u00e9e centrale \u00e0 d&rsquo;autres villes et r\u00e9gions frontali\u00e8res \u00e0 travers l&rsquo;Europe.<\/p>\n\n\n\n<p>Une f.Lottina est une autre occupation maritime, fluviale ou lacustre, tandis qu&rsquo;une action de f.Lotta de terre peut prendre plusieurs formes: une conf\u00e9rence, une marche, un sit-in devant un centre de r\u00e9tention.<\/p>\n\n\n\n<p>Des actions multiples, d\u00e9centralis\u00e9es et interconnect\u00e9es, avant, pendant et apr\u00e8s l&rsquo;\u00e9v\u00e9nement principal au sud de Lampedusa, sont n\u00e9cessaires pour toucher davantage de personnes avec les id\u00e9es de f.Lotta et contrer l&rsquo;influence croissante de l&rsquo;extr\u00eame droite. Depuis que l&rsquo;Europe a d\u00e9cid\u00e9 de devenir une forteresse, elle a accept\u00e9 le risque d&rsquo;\u00eatre confront\u00e9e \u00e0 un si\u00e8ge collectif.<\/p>\n\n\n\n<figure class=\"wp-block-image size-large\"><a href=\"http:\/\/u.osmfr.org\/m\/1261555\/\"><img loading=\"lazy\" decoding=\"async\" width=\"1024\" height=\"724\" src=\"https:\/\/flotta.noblogs.org\/files\/2025\/09\/image-1024x724.jpeg\" alt=\"\" class=\"wp-image-4163\" srcset=\"https:\/\/flotta.noblogs.org\/files\/2025\/09\/image-1024x724.jpeg 1024w, https:\/\/flotta.noblogs.org\/files\/2025\/09\/image-300x212.jpeg 300w, https:\/\/flotta.noblogs.org\/files\/2025\/09\/image-768x543.jpeg 768w, https:\/\/flotta.noblogs.org\/files\/2025\/09\/image-1536x1086.jpeg 1536w, https:\/\/flotta.noblogs.org\/files\/2025\/09\/image.jpeg 2000w\" sizes=\"auto, (max-width: 767px) 89vw, (max-width: 1000px) 54vw, (max-width: 1071px) 543px, 580px\" \/><\/a><\/figure>\n\n\n\n<p class=\"has-text-align-right has-small-font-size\">Cliquez sur l&rsquo;image pour acc\u00e9der \u00e0 <a href=\"http:\/\/u.osmfr.org\/m\/1261555\/\" data-type=\"link\" data-id=\"http:\/\/u.osmfr.org\/m\/1261555\/\" target=\"_blank\" rel=\"noreferrer noopener\">la carte interactive<\/a><\/p>\n\n\n\n<h2 class=\"wp-block-heading\">C&rsquo;est \u00e0 toi de jouer<\/h2>\n\n\n\n<h3 class=\"wp-block-heading\">Nous sommes un groupe de personnes color\u00e9es et diverses.<\/h3>\n\n\n\n<p>Certain.es d&rsquo;entre nous sont li\u00e9.es \u00e0 la mer : propri\u00e9taires de bateaux, marin.es, membres de clubs ou d&rsquo;associations de voile, collectifs poss\u00e9dant un bateau. Nos bateaux doivent \u00eatre capables de naviguer en eaux libres pendant quelques jours, mais nous n&rsquo;avons pas d&rsquo;autres exigences techniques. Certain.es d&rsquo;entre nous n&rsquo;ont rien \u00e0 voir avec la mer, mais iels ont rejoint F.LOTTA pour organiser les aspects logistiques, pour structurer les campagnes politiques, pour explorer certaines des nombreuses initiatives qui peuvent \u00eatre prises en relation avec l&rsquo;action maritime. Certain.es d&rsquo;entre nous sont graphistes, photographes, docteur.es, \u00e9tudiant.es, logisticien.nes, ch\u00f4meur.es, punks, rebelles&#8230; Certaine.s d&rsquo;entre nous jouent avec les mots, comme vous l&rsquo;avez peut-\u00eatre remarqu\u00e9, d&rsquo;autres ont pris un t\u00e9l\u00e9phone et ont appel\u00e9 leurs ami.es parce qu&rsquo;iels avaient un bateau, ou pouvaient soutenir, ou simplement parce que c&rsquo;\u00e9tait une action qui valait la peine d&rsquo;\u00eatre \u00e9voqu\u00e9e.<\/p>\n\n\n\n<div class=\"wp-block-columns is-layout-flex wp-container-core-columns-is-layout-9d6595d7 wp-block-columns-is-layout-flex\">\n<div class=\"wp-block-column is-layout-flow wp-block-column-is-layout-flow\">\n<figure class=\"wp-block-image size-full\"><img loading=\"lazy\" decoding=\"async\" width=\"800\" height=\"1000\" src=\"https:\/\/flotta.noblogs.org\/files\/2025\/07\/3@2x.png\" alt=\"\" class=\"wp-image-1685\" srcset=\"https:\/\/flotta.noblogs.org\/files\/2025\/07\/3@2x.png 800w, https:\/\/flotta.noblogs.org\/files\/2025\/07\/3@2x-240x300.png 240w, https:\/\/flotta.noblogs.org\/files\/2025\/07\/3@2x-768x960.png 768w\" sizes=\"auto, (max-width: 767px) 89vw, (max-width: 1000px) 54vw, (max-width: 1071px) 543px, 580px\" \/><\/figure>\n\n\n\n<h3 class=\"wp-block-heading\">Notre initiative est horizontale, populaire, spontan\u00e9e.<\/h3>\n\n\n\n<p><strong>Si tu nous poses la question, nous ne savons pas comment prononcer le point dans \u00ab f.Lotta \u00bb car c&rsquo;est \u00e0 chacun.e d&rsquo;entre nous de d\u00e9cider. <\/strong>Si tu veux participer, il y a de la place pour toi. <\/p>\n<\/div>\n\n\n\n<div class=\"wp-block-column is-layout-flow wp-block-column-is-layout-flow\">\n<figure class=\"wp-block-image size-full\"><img loading=\"lazy\" decoding=\"async\" width=\"400\" height=\"892\" src=\"https:\/\/flotta.noblogs.org\/files\/2025\/07\/boat3.png\" alt=\"\" class=\"wp-image-1890\" srcset=\"https:\/\/flotta.noblogs.org\/files\/2025\/07\/boat3.png 400w, https:\/\/flotta.noblogs.org\/files\/2025\/07\/boat3-135x300.png 135w\" sizes=\"auto, (max-width: 400px) 100vw, 400px\" \/><\/figure>\n<\/div>\n<\/div>\n\n\n\n<p>Consid\u00e8re ceci comme une invitation, un d\u00e9fi m\u00eame. Nous tentons de d\u00e9fier l&rsquo;Europe-forteresse, d&rsquo;occuper et de reconqu\u00e9rir le centre de la M\u00e9diterran\u00e9e, de projeter un horizon politique diff\u00e9rent et notre succ\u00e8s se mesurera aussi \u00e0 notre nombre. Tu peux nous contacter par le biais de notre <a href=\"mailto:f_lotta@inventati.org\">adresse \u00e9lectronique<\/a>.<\/p>\n\n\n\n<h2 class=\"wp-block-heading\"><strong>Peux-tu te joindre \u00e0 nous ?<\/strong><\/h2>\n\n\n\n<p><\/p>\n","protected":false},"excerpt":{"rendered":"<p>En quoi consiste f.Lotta ? Une manif, une marche, une occupation : nous sommes nombreux.ses et chacun.e a sa d\u00e9finition. L&rsquo;id\u00e9e centrale est de rassembler le plus grand nombre possible de bateaux et de percer la fronti\u00e8re sud de la forteresse europ\u00e9enne. Apr\u00e8s un rassemblement initial au sud de Lampedusa, les bateaux de la f.Lotta &hellip; <\/p>\n<p class=\"link-more\"><a href=\"https:\/\/flotta.noblogs.org\/fr\/the-action\/\" class=\"more-link\">Continuer la lecture<span class=\"screen-reader-text\"> de &laquo;&nbsp;L&rsquo;action&nbsp;&raquo;<\/span><\/a><\/p>\n","protected":false},"author":20714,"featured_media":0,"parent":0,"menu_order":0,"comment_status":"closed","ping_status":"closed","template":"","meta":{"_locale":"fr_FR","_original_post":"https:\/\/flotta.noblogs.org\/?page_id=101","footnotes":""},"class_list":["post-561","page","type-page","status-publish","hentry","fr-FR"],"_links":{"self":[{"href":"https:\/\/flotta.noblogs.org\/wp-json\/wp\/v2\/pages\/561","targetHints":{"allow":["GET"]}}],"collection":[{"href":"https:\/\/flotta.noblogs.org\/wp-json\/wp\/v2\/pages"}],"about":[{"href":"https:\/\/flotta.noblogs.org\/wp-json\/wp\/v2\/types\/page"}],"author":[{"embeddable":true,"href":"https:\/\/flotta.noblogs.org\/wp-json\/wp\/v2\/users\/20714"}],"replies":[{"embeddable":true,"href":"https:\/\/flotta.noblogs.org\/wp-json\/wp\/v2\/comments?post=561"}],"version-history":[{"count":19,"href":"https:\/\/flotta.noblogs.org\/wp-json\/wp\/v2\/pages\/561\/revisions"}],"predecessor-version":[{"id":4164,"href":"https:\/\/flotta.noblogs.org\/wp-json\/wp\/v2\/pages\/561\/revisions\/4164"}],"wp:attachment":[{"href":"https:\/\/flotta.noblogs.org\/wp-json\/wp\/v2\/media?parent=561"}],"curies":[{"name":"wp","href":"https:\/\/api.w.org\/{rel}","templated":true}]}}