{"id":558,"date":"2025-06-12T09:37:25","date_gmt":"2025-06-12T07:37:25","guid":{"rendered":"https:\/\/flotta.noblogs.org\/?page_id=558"},"modified":"2025-08-09T11:19:25","modified_gmt":"2025-08-09T09:19:25","slug":"who-we-are","status":"publish","type":"page","link":"https:\/\/flotta.noblogs.org\/fr\/who-we-are\/","title":{"rendered":"Qui nous sommes"},"content":{"rendered":"\n<h2 class=\"wp-block-heading\">Une situation normalis\u00e9e<\/h2>\n\n\n\n<figure class=\"wp-block-image size-large\"><img loading=\"lazy\" decoding=\"async\" width=\"1024\" height=\"945\" src=\"https:\/\/flotta.noblogs.org\/files\/2025\/07\/eu-govna2-1024x945.png\" alt=\"\" class=\"wp-image-1976\" srcset=\"https:\/\/flotta.noblogs.org\/files\/2025\/07\/eu-govna2-1024x945.png 1024w, https:\/\/flotta.noblogs.org\/files\/2025\/07\/eu-govna2-300x277.png 300w, https:\/\/flotta.noblogs.org\/files\/2025\/07\/eu-govna2-768x709.png 768w, https:\/\/flotta.noblogs.org\/files\/2025\/07\/eu-govna2-1536x1417.png 1536w, https:\/\/flotta.noblogs.org\/files\/2025\/07\/eu-govna2.png 1835w\" sizes=\"auto, (max-width: 767px) 89vw, (max-width: 1000px) 54vw, (max-width: 1071px) 543px, 580px\" \/><\/figure>\n\n\n\n<p>Mur apr\u00e8s mur, refoulement apr\u00e8s refoulement, <strong>l&rsquo;Europe-forteresse n&rsquo;a jamais \u00e9t\u00e9 aussi hostile \u00e0 la libert\u00e9 de circulation.<\/strong> Le syst\u00e8me frontalier est responsable d&rsquo;un nombre incalculable de souffrances et de violences, conduisant trop souvent \u00e0 la mort. Il se base sur une&nbsp; infrastructure co\u00fbteuse utilis\u00e9e \u00e0 des fins de surveillance brutale \u00e0 chaque fronti\u00e8re : bateaux rapides offerts par l&rsquo;Europe \u00e0 la milice libyenne, drones de Frontex traquant les zones foresti\u00e8res, scanners, canons \u00e0 son, cl\u00f4tures, murs, arm\u00e9e de policiers et autres \u00e9quipements militaires. Mais le syst\u00e8me frontalier ne s&rsquo;arr\u00eate pas l\u00e0 ; <strong>c&rsquo;est aussi une mentalit\u00e9 qui s&rsquo;est insinu\u00e9e dans nos t\u00eates et nos c\u0153urs pour justifier la violence et la rendre invisible.<\/strong> Les passeports, les papiers, les visas cr\u00e9ent un cadre qui justifient les d\u00e9portations, les refoulements, les lagers externalis\u00e9s et les fronti\u00e8res int\u00e9rieures. La liste est longue et enrageante.<\/p>\n\n\n\n<div style=\"height:25px\" aria-hidden=\"true\" class=\"wp-block-spacer\"><\/div>\n\n\n\n<div class=\"wp-block-columns is-layout-flex wp-container-core-columns-is-layout-9d6595d7 wp-block-columns-is-layout-flex\">\n<div class=\"wp-block-column is-layout-flow wp-block-column-is-layout-flow\">\n<p>Tout cela est visible dans chaque zone frontali\u00e8re et de mani\u00e8re dramatique dans la mer M\u00e9diterran\u00e9e centrale. Cette mer, qui reste une art\u00e8re cl\u00e9 pour les migrations, a \u00e9t\u00e9 transform\u00e9e en cimeti\u00e8re \u00e0 ciel ouvert depuis longtemps. Ici, les efforts pour secourir les personnes en d\u00e9tresse sont criminalis\u00e9s et entrav\u00e9s ; les milices libyennes sont arm\u00e9es et appel\u00e9es \u00ab garde-c\u00f4tes \u00bb ; les gouvernements c\u00f4tiers refusent de coordonner les efforts de sauvetage. <strong>Normaliser ces pratiques c&rsquo;est \u00e9galement transformer la mort de milliers de personnes en simple chiffre<\/strong> qui s&rsquo;accro\u00eet d&rsquo;ann\u00e9e en ann\u00e9e.<\/p>\n<\/div>\n\n\n\n<div class=\"wp-block-column is-layout-flow wp-block-column-is-layout-flow\">\n<figure class=\"wp-block-image size-large\"><img loading=\"lazy\" decoding=\"async\" width=\"1024\" height=\"339\" src=\"https:\/\/flotta.noblogs.org\/files\/2025\/07\/BarbwirePurpleccc-1024x339.png\" alt=\"\" class=\"wp-image-1728\" srcset=\"https:\/\/flotta.noblogs.org\/files\/2025\/07\/BarbwirePurpleccc-1024x339.png 1024w, https:\/\/flotta.noblogs.org\/files\/2025\/07\/BarbwirePurpleccc-300x99.png 300w, https:\/\/flotta.noblogs.org\/files\/2025\/07\/BarbwirePurpleccc-768x255.png 768w, https:\/\/flotta.noblogs.org\/files\/2025\/07\/BarbwirePurpleccc-1536x509.png 1536w, https:\/\/flotta.noblogs.org\/files\/2025\/07\/BarbwirePurpleccc-2048x679.png 2048w\" sizes=\"auto, (max-width: 767px) 89vw, (max-width: 1000px) 54vw, (max-width: 1071px) 543px, 580px\" \/><\/figure>\n\n\n\n<p>Ils ont r\u00e9ussi \u00e0 nous faire croire que ce syst\u00e8me est le seul possible, r\u00e9aliste, s\u00e9rieux, et que toute vision alternative est soit utopique, soit dangereuse. Nous nous demandons : Dangereuse pour qui ? Nous refusons la normalisation de cette situation intol\u00e9rable et <strong>nous voulons imaginer un horizon politique radicalement diff\u00e9rent pour construire un autre pr\u00e9sent.<\/strong><\/p>\n<\/div>\n<\/div>\n\n\n\n<div class=\"wp-block-columns is-layout-flex wp-container-core-columns-is-layout-9d6595d7 wp-block-columns-is-layout-flex\">\n<div class=\"wp-block-column is-layout-flow wp-block-column-is-layout-flow\">\n<h2 class=\"wp-block-heading\">Nous cherchons des alternatives autour de nous<\/h2>\n\n\n\n<p>Et nous ne manquons pas de nous rappeler qu&rsquo;en septembre 2015, les personnes migrantes nous ont montr\u00e9.es comment d\u00e9fier les fronti\u00e8res, comment faire passer la libert\u00e9 de circulation du concept \u00e0 la pratique. Leur longue Marche de l&rsquo;espoir, depuis les fronti\u00e8res ferm\u00e9es de la Hongrie et traversant les autoroutes, a forc\u00e9 les \u00c9tats europ\u00e9ens structurellement racistes \u00e0 ouvrir leurs fronti\u00e8res int\u00e9rieures. Iels ont prouv\u00e9 qu&rsquo;une action collective, coordonn\u00e9e et directe peut briser le cycle de la violence normalis\u00e9e. Cela s&rsquo;est pass\u00e9 il y a dix ans.<strong> Certains anniversaires m\u00e9ritent d&rsquo;\u00eatre f\u00eater \u00e0 grand bruit.&nbsp;<\/strong><\/p>\n<\/div>\n\n\n\n<div class=\"wp-block-column is-layout-flow wp-block-column-is-layout-flow\">\n<div style=\"height:130px\" aria-hidden=\"true\" id=\"spacerFR\" class=\"wp-block-spacer\"><\/div>\n\n\n\n<figure class=\"wp-block-image size-large\"><img loading=\"lazy\" decoding=\"async\" width=\"585\" height=\"1024\" src=\"https:\/\/flotta.noblogs.org\/files\/2025\/07\/boat-kiki-585x1024.png\" alt=\"\" class=\"wp-image-1955\" srcset=\"https:\/\/flotta.noblogs.org\/files\/2025\/07\/boat-kiki-585x1024.png 585w, https:\/\/flotta.noblogs.org\/files\/2025\/07\/boat-kiki-171x300.png 171w, https:\/\/flotta.noblogs.org\/files\/2025\/07\/boat-kiki-768x1344.png 768w, https:\/\/flotta.noblogs.org\/files\/2025\/07\/boat-kiki-878x1536.png 878w, https:\/\/flotta.noblogs.org\/files\/2025\/07\/boat-kiki-1170x2048.png 1170w, https:\/\/flotta.noblogs.org\/files\/2025\/07\/boat-kiki-scaled.png 1463w\" sizes=\"auto, (max-width: 585px) 100vw, 585px\" \/><\/figure>\n<\/div>\n<\/div>\n\n\n\n<h2 class=\"wp-block-heading\">Ce que nous visons<\/h2>\n\n\n\n<div class=\"wp-block-columns is-layout-flex wp-container-core-columns-is-layout-9d6595d7 wp-block-columns-is-layout-flex\">\n<div class=\"wp-block-column is-layout-flow wp-block-column-is-layout-flow\">\n<p>Dans la M\u00e9diterran\u00e9e centrale, l&rsquo;Europe-forteresse a r\u00e9ussi \u00e0 discipliner les associations de sauvetage dans un cadre op\u00e9rationnel \u00e9troit et \u00e0 normaliser la pr\u00e9sence de morts qui pourraient \u00eatre \u00e9vit\u00e9es. Jour apr\u00e8s jour, les associations de sauvetage vivent sous la surveillance constante d&rsquo;une autorit\u00e9 qui, au lieu de soutenir leurs efforts de sauvetage, rend leur travail difficile sinon impossible avec des ports de d\u00e9barquement lointains, des amendes, des d\u00e9tentions, etc. Les efforts de l&rsquo;Europe-forteresse pour \u00e9loigner de la M\u00e9diterran\u00e9e centrale les t\u00e9moins et les moyens de sauvetage se sont doubl\u00e9s d&rsquo;un remplissage de la mer par les milices libyennes qui pourchassent les personnes migrantes.<\/p>\n<\/div>\n\n\n\n<div class=\"wp-block-column is-layout-flow wp-block-column-is-layout-flow\">\n<figure class=\"wp-block-image size-large is-resized\"><img loading=\"lazy\" decoding=\"async\" width=\"228\" height=\"1024\" src=\"https:\/\/flotta.noblogs.org\/files\/2025\/07\/BarbwireVerticalBlue2-228x1024.png\" alt=\"\" class=\"wp-image-1745\" style=\"width:169px;height:auto\" srcset=\"https:\/\/flotta.noblogs.org\/files\/2025\/07\/BarbwireVerticalBlue2-228x1024.png 228w, https:\/\/flotta.noblogs.org\/files\/2025\/07\/BarbwireVerticalBlue2-67x300.png 67w, https:\/\/flotta.noblogs.org\/files\/2025\/07\/BarbwireVerticalBlue2-342x1536.png 342w, https:\/\/flotta.noblogs.org\/files\/2025\/07\/BarbwireVerticalBlue2-456x2048.png 456w, https:\/\/flotta.noblogs.org\/files\/2025\/07\/BarbwireVerticalBlue2-scaled.png 570w\" sizes=\"auto, (max-width: 228px) 100vw, 228px\" \/><\/figure>\n<\/div>\n\n\n\n<div class=\"wp-block-column is-layout-flow wp-block-column-is-layout-flow\">\n<p><strong>f.Lotta occupe cet espace, re-politise la M\u00e9diterran\u00e9e centrale et, par sa propre pr\u00e9sence, conteste le r\u00e9cit et les pratiques de l&rsquo;Europe-forteresse.<\/strong><\/p>\n\n\n\n<p>f.Lotta a <strong>deux objectifs principaux.<\/strong> <\/p>\n\n\n\n<p><strong>Le premier<\/strong>, li\u00e9 \u00e0 l&rsquo;espace concern\u00e9, la M\u00e9diterran\u00e9e centrale, vise un changement imm\u00e9diat. <\/p>\n\n\n\n<p><strong>L&rsquo;autre<\/strong> consiste \u00e0 projeter un horizon politique radical, \u00e0 repousser le champ des possibles et des alternatives.<\/p>\n<\/div>\n<\/div>\n\n\n\n<p><\/p>\n\n\n\n<p>Il ne s&rsquo;agit pas seulement de la M\u00e9diterran\u00e9e centrale. G\u00e9ographiquement, nous savons que des personnes souffrent et meurent du r\u00e9gime raciste des fronti\u00e8res partout ailleurs dans les zones frontali\u00e8res, et que les fronti\u00e8res se trouvent tout autant \u00e0 l&rsquo;int\u00e9rieur des \u00c9tats europ\u00e9ens qu&rsquo;elles ont \u00e9t\u00e9 export\u00e9es et externalis\u00e9es. <\/p>\n\n\n\n<p><strong>Nous voyons que les murs que l&rsquo;Europe-forteresse a \u00e9rig\u00e9s autour d&rsquo;elle sont faits tout autant de fils barbel\u00e9s et de ciment que de capitalisme, de patriarcat, de colonialisme et de racisme.<\/strong> Nous comprenons que la lutte pour la libert\u00e9 de circulation ne peut que se croiser avec d&rsquo;autres luttes. Notre objectif est de d\u00e9manteler ces murs brique par brique, en projetant une vision radicalement diff\u00e9rente et intersectionnelle pour un pr\u00e9sent alternatif. <strong>Dans cette r\u00e9alit\u00e9 asphyxiante o\u00f9 nous vivons, nous voulons respirer de l&rsquo;oxyg\u00e8ne.<\/strong><\/p>\n","protected":false},"excerpt":{"rendered":"<p>Une situation normalis\u00e9e Mur apr\u00e8s mur, refoulement apr\u00e8s refoulement, l&rsquo;Europe-forteresse n&rsquo;a jamais \u00e9t\u00e9 aussi hostile \u00e0 la libert\u00e9 de circulation. Le syst\u00e8me frontalier est responsable d&rsquo;un nombre incalculable de souffrances et de violences, conduisant trop souvent \u00e0 la mort. Il se base sur une&nbsp; infrastructure co\u00fbteuse utilis\u00e9e \u00e0 des fins de surveillance brutale \u00e0 chaque &hellip; <\/p>\n<p class=\"link-more\"><a href=\"https:\/\/flotta.noblogs.org\/fr\/who-we-are\/\" class=\"more-link\">Continuer la lecture<span class=\"screen-reader-text\"> de &laquo;&nbsp;Qui nous sommes&nbsp;&raquo;<\/span><\/a><\/p>\n","protected":false},"author":20714,"featured_media":0,"parent":0,"menu_order":0,"comment_status":"closed","ping_status":"closed","template":"","meta":{"_locale":"fr_FR","_original_post":"https:\/\/flotta.noblogs.org\/?page_id=95","footnotes":""},"class_list":["post-558","page","type-page","status-publish","hentry","fr-FR"],"_links":{"self":[{"href":"https:\/\/flotta.noblogs.org\/wp-json\/wp\/v2\/pages\/558","targetHints":{"allow":["GET"]}}],"collection":[{"href":"https:\/\/flotta.noblogs.org\/wp-json\/wp\/v2\/pages"}],"about":[{"href":"https:\/\/flotta.noblogs.org\/wp-json\/wp\/v2\/types\/page"}],"author":[{"embeddable":true,"href":"https:\/\/flotta.noblogs.org\/wp-json\/wp\/v2\/users\/20714"}],"replies":[{"embeddable":true,"href":"https:\/\/flotta.noblogs.org\/wp-json\/wp\/v2\/comments?post=558"}],"version-history":[{"count":8,"href":"https:\/\/flotta.noblogs.org\/wp-json\/wp\/v2\/pages\/558\/revisions"}],"predecessor-version":[{"id":3086,"href":"https:\/\/flotta.noblogs.org\/wp-json\/wp\/v2\/pages\/558\/revisions\/3086"}],"wp:attachment":[{"href":"https:\/\/flotta.noblogs.org\/wp-json\/wp\/v2\/media?parent=558"}],"curies":[{"name":"wp","href":"https:\/\/api.w.org\/{rel}","templated":true}]}}