{"id":556,"date":"2025-06-12T09:29:35","date_gmt":"2025-06-12T07:29:35","guid":{"rendered":"https:\/\/flotta.noblogs.org\/?page_id=556"},"modified":"2025-08-26T17:19:34","modified_gmt":"2025-08-26T15:19:34","slug":"11-2","status":"publish","type":"page","link":"https:\/\/flotta.noblogs.org\/","title":{"rendered":"f.Lotta"},"content":{"rendered":"\n<h2 class=\"wp-block-heading\">Nous luttons pour la <strong>libert\u00e9 de circulation<\/strong> pour toustes et sans conditions !<\/h2>\n\n\n\n<div style=\"height:30px\" aria-hidden=\"true\" class=\"wp-block-spacer\"><\/div>\n\n\n\n<figure class=\"wp-block-image size-large\"><img loading=\"lazy\" decoding=\"async\" width=\"1024\" height=\"427\" src=\"https:\/\/flotta.noblogs.org\/files\/2025\/07\/occupazione-del-mare-3@2x-1024x427.png\" alt=\"\" class=\"wp-image-1835\" srcset=\"https:\/\/flotta.noblogs.org\/files\/2025\/07\/occupazione-del-mare-3@2x-1024x427.png 1024w, https:\/\/flotta.noblogs.org\/files\/2025\/07\/occupazione-del-mare-3@2x-300x125.png 300w, https:\/\/flotta.noblogs.org\/files\/2025\/07\/occupazione-del-mare-3@2x-768x320.png 768w, https:\/\/flotta.noblogs.org\/files\/2025\/07\/occupazione-del-mare-3@2x-1536x640.png 1536w, https:\/\/flotta.noblogs.org\/files\/2025\/07\/occupazione-del-mare-3@2x-2048x853.png 2048w\" sizes=\"auto, (max-width: 767px) 89vw, (max-width: 1000px) 54vw, (max-width: 1071px) 543px, 580px\" \/><\/figure>\n\n\n\n<h3 class=\"wp-block-heading\">La mer M\u00e9diterran\u00e9e centrale est devenue une autoroute pour les armes et les marchandises mais aussi un cimeti\u00e8re pour les personnes. C&rsquo;est le r\u00e9sultat de l&rsquo;<strong>Europe-forteresse&nbsp;: un projet raciste, capitaliste et n\u00e9ocolonial.<\/strong><\/h3>\n\n\n\n<h3 class=\"wp-block-heading\">Nous refusons les politiques de haine et de division, nous refusons la normalisation de cette situation. Nous savons qu&rsquo;un <strong>autre pr\u00e9sent est possible.<\/strong><\/h3>\n\n\n\n<h2 class=\"wp-block-heading\">Nous pr\u00e9parons une occupation <strong>massive de la mer \u00e0 la mi-septembre 2025, au sud de Lampedusa.<\/strong><\/h2>\n\n\n\n<div class=\"wp-block-columns is-layout-flex wp-container-core-columns-is-layout-9d6595d7 wp-block-columns-is-layout-flex\">\n<div class=\"wp-block-column is-layout-flow wp-block-column-is-layout-flow\" style=\"flex-basis:33.33%\">\n<p><\/p>\n\n\n\n<h3 class=\"wp-block-heading\">Nous sommes un mouvement ind\u00e9pendant, horizontal et auto-organis\u00e9.<\/h3>\n\n\n\n<h2 class=\"wp-block-heading\"><strong>Nous sommes f.Lotta.<\/strong><\/h2>\n<\/div>\n\n\n\n<div class=\"wp-block-column is-layout-flow wp-block-column-is-layout-flow\" style=\"flex-basis:66.66%\">\n<figure class=\"wp-block-image size-large\"><img loading=\"lazy\" decoding=\"async\" width=\"991\" height=\"1024\" src=\"https:\/\/flotta.noblogs.org\/files\/2025\/07\/Handalaccccccc-991x1024.png\" alt=\"\" class=\"wp-image-1776\" srcset=\"https:\/\/flotta.noblogs.org\/files\/2025\/07\/Handalaccccccc-991x1024.png 991w, https:\/\/flotta.noblogs.org\/files\/2025\/07\/Handalaccccccc-290x300.png 290w, https:\/\/flotta.noblogs.org\/files\/2025\/07\/Handalaccccccc-768x794.png 768w, https:\/\/flotta.noblogs.org\/files\/2025\/07\/Handalaccccccc.png 1273w\" sizes=\"auto, (max-width: 767px) 89vw, (max-width: 1000px) 54vw, (max-width: 1071px) 543px, 580px\" \/><\/figure>\n<\/div>\n<\/div>\n\n\n\n<div style=\"height:30px\" aria-hidden=\"true\" class=\"wp-block-spacer\"><\/div>\n\n\n\n<h2 class=\"wp-block-heading\"><a href=\"https:\/\/www.produzionidalbasso.com\/project\/f-lotta\/\" data-type=\"link\" data-id=\"https:\/\/www.produzionidalbasso.com\/project\/f-lotta\/\"><strong>Crowdfunding<\/strong><\/a><\/h2>\n\n\n\n<p>Du bon vent et de la bonne volont\u00e9 ne suffiront pas pour accomplir cette mission. Alors si tu peux, aide f.Lotta financi\u00e8rement !<\/p>\n\n\n\n<p>Ton soutien nous permet de r\u00e9agir efficacement \u00e0 des \u00e9v\u00e9nements inattendus et nous aide \u00e0 avoir une communication des plus effective.<\/p>\n\n\n\n<p><strong><a href=\"https:\/\/www.produzionidalbasso.com\/project\/f-lotta\/\" data-type=\"link\" data-id=\"https:\/\/www.produzionidalbasso.com\/project\/f-lotta\/\">Soutiens nous via la campagne<\/a><\/strong> de crowdfunding et aide nous \u00e0 tenir f.Lotta \u00e0 flot !<\/p>\n\n\n\n<p><\/p>\n","protected":false},"excerpt":{"rendered":"<p>Nous luttons pour la libert\u00e9 de circulation pour toustes et sans conditions ! La mer M\u00e9diterran\u00e9e centrale est devenue une autoroute pour les armes et les marchandises mais aussi un cimeti\u00e8re pour les personnes. C&rsquo;est le r\u00e9sultat de l&rsquo;Europe-forteresse&nbsp;: un projet raciste, capitaliste et n\u00e9ocolonial. Nous refusons les politiques de haine et de division, nous &hellip; <\/p>\n<p class=\"link-more\"><a href=\"https:\/\/flotta.noblogs.org\/\" class=\"more-link\">Continuer la lecture<span class=\"screen-reader-text\"> de &laquo;&nbsp;f.Lotta&nbsp;&raquo;<\/span><\/a><\/p>\n","protected":false},"author":20714,"featured_media":0,"parent":0,"menu_order":0,"comment_status":"closed","ping_status":"closed","template":"","meta":{"_locale":"fr_FR","_original_post":"https:\/\/flotta.noblogs.org\/?page_id=11","footnotes":""},"class_list":["post-556","page","type-page","status-publish","hentry","fr-FR"],"_links":{"self":[{"href":"https:\/\/flotta.noblogs.org\/wp-json\/wp\/v2\/pages\/556","targetHints":{"allow":["GET"]}}],"collection":[{"href":"https:\/\/flotta.noblogs.org\/wp-json\/wp\/v2\/pages"}],"about":[{"href":"https:\/\/flotta.noblogs.org\/wp-json\/wp\/v2\/types\/page"}],"author":[{"embeddable":true,"href":"https:\/\/flotta.noblogs.org\/wp-json\/wp\/v2\/users\/20714"}],"replies":[{"embeddable":true,"href":"https:\/\/flotta.noblogs.org\/wp-json\/wp\/v2\/comments?post=556"}],"version-history":[{"count":11,"href":"https:\/\/flotta.noblogs.org\/wp-json\/wp\/v2\/pages\/556\/revisions"}],"predecessor-version":[{"id":3314,"href":"https:\/\/flotta.noblogs.org\/wp-json\/wp\/v2\/pages\/556\/revisions\/3314"}],"wp:attachment":[{"href":"https:\/\/flotta.noblogs.org\/wp-json\/wp\/v2\/media?parent=556"}],"curies":[{"name":"wp","href":"https:\/\/api.w.org\/{rel}","templated":true}]}}