{"id":4131,"date":"2025-09-08T15:39:36","date_gmt":"2025-09-08T13:39:36","guid":{"rendered":"https:\/\/flotta.noblogs.org\/?page_id=4131"},"modified":"2025-09-08T15:47:33","modified_gmt":"2025-09-08T13:47:33","slug":"mettre-fin-a-la-traite-detres-humains-entre-la-tunisie-et-la-libye","status":"publish","type":"page","link":"https:\/\/flotta.noblogs.org\/fr\/mettre-fin-a-la-traite-detres-humains-entre-la-tunisie-et-la-libye\/","title":{"rendered":"Mettre fin \u00e0 la traite d&rsquo;\u00eatres humains entre la Tunisie et la Libye"},"content":{"rendered":"\r\n<div id=\"stoptraf\" class=\"wp-block-spacer\" style=\"height: 1px\" aria-hidden=\"true\">\u00a0<\/div>\r\n\r\n\r\n\r\n<div class=\"wp-block-columns is-layout-flex wp-container-core-columns-is-layout-9d6595d7 wp-block-columns-is-layout-flex\">\r\n<div class=\"wp-block-column is-layout-flow wp-block-column-is-layout-flow\" style=\"flex-basis: 45%\">\r\n<h2 class=\"wp-block-heading\">Mettre fin \u00e0 la traite d&rsquo;\u00eatres humains entre la Tunisie et la Libye<\/h2>\r\n<\/div>\r\n\r\n\r\n\r\n<div class=\"wp-block-column is-layout-flow wp-block-column-is-layout-flow\" style=\"flex-basis: 55%\">\r\n<figure class=\"wp-block-gallery has-nested-images columns-default is-cropped wp-block-gallery-1 is-layout-flex wp-block-gallery-is-layout-flex\">\r\n<figure data-wp-context=\"{&quot;imageId&quot;:&quot;69d1fa9c3f563&quot;}\" data-wp-interactive=\"core\/image\" data-wp-key=\"69d1fa9c3f563\" class=\"wp-block-image size-full wp-lightbox-container\"><img loading=\"lazy\" decoding=\"async\" width=\"1394\" height=\"2048\" data-wp-class--hide=\"state.isContentHidden\" data-wp-class--show=\"state.isContentVisible\" data-wp-init=\"callbacks.setButtonStyles\" data-wp-on--click=\"actions.showLightbox\" data-wp-on--load=\"callbacks.setButtonStyles\" data-wp-on-window--resize=\"callbacks.setButtonStyles\" data-id=\"4032\" class=\"wp-image-4032\" src=\"https:\/\/flotta.noblogs.org\/files\/2025\/09\/tanimar-riviere.jpg\" alt=\"\" srcset=\"https:\/\/flotta.noblogs.org\/files\/2025\/09\/tanimar-riviere.jpg 1394w, https:\/\/flotta.noblogs.org\/files\/2025\/09\/tanimar-riviere-204x300.jpg 204w, https:\/\/flotta.noblogs.org\/files\/2025\/09\/tanimar-riviere-697x1024.jpg 697w, https:\/\/flotta.noblogs.org\/files\/2025\/09\/tanimar-riviere-768x1128.jpg 768w, https:\/\/flotta.noblogs.org\/files\/2025\/09\/tanimar-riviere-1046x1536.jpg 1046w\" sizes=\"auto, (max-width: 767px) 89vw, (max-width: 1000px) 54vw, (max-width: 1071px) 543px, 580px\" \/><button\n\t\t\tclass=\"lightbox-trigger\"\n\t\t\ttype=\"button\"\n\t\t\taria-haspopup=\"dialog\"\n\t\t\taria-label=\"Agrandir\"\n\t\t\tdata-wp-init=\"callbacks.initTriggerButton\"\n\t\t\tdata-wp-on--click=\"actions.showLightbox\"\n\t\t\tdata-wp-style--right=\"state.imageButtonRight\"\n\t\t\tdata-wp-style--top=\"state.imageButtonTop\"\n\t\t>\n\t\t\t<svg xmlns=\"http:\/\/www.w3.org\/2000\/svg\" width=\"12\" height=\"12\" fill=\"none\" viewBox=\"0 0 12 12\">\n\t\t\t\t<path fill=\"#fff\" d=\"M2 0a2 2 0 0 0-2 2v2h1.5V2a.5.5 0 0 1 .5-.5h2V0H2Zm2 10.5H2a.5.5 0 0 1-.5-.5V8H0v2a2 2 0 0 0 2 2h2v-1.5ZM8 12v-1.5h2a.5.5 0 0 0 .5-.5V8H12v2a2 2 0 0 1-2 2H8Zm2-12a2 2 0 0 1 2 2v2h-1.5V2a.5.5 0 0 0-.5-.5H8V0h2Z\" \/>\n\t\t\t<\/svg>\n\t\t<\/button><\/figure>\r\n<\/figure>\r\n\r\n\r\n\r\n<p class=\"has-text-align-center has-text-color has-link-color wp-elements-2eb694d1aa2c22fdc349d55e9972ba3b\" style=\"color: #e31c79\"><strong>On Borders, The Routes Journal<\/strong><\/p>\r\n<\/div>\r\n<\/div>\r\n\r\n\r\n\r\n<div class=\"wp-block-spacer\" style=\"height: 20px\" aria-hidden=\"true\">\u00a0<\/div>\r\n\r\n\r\n\r\n<h2 class=\"wp-block-heading\">Contexte et raisons<\/h2>\r\n\r\n\r\n\r\n<p>Le discours politique et m\u00e9diatique en Italie d\u00e9crit la M\u00e9diterran\u00e9e comme une barri\u00e8re naturelle entre des mondes \u00e9loign\u00e9s, une fronti\u00e8re liquide \u00e0 contr\u00f4ler et \u00e0 surveiller. C&rsquo;est un lieu o\u00f9 les politiques europ\u00e9ennes de contr\u00f4le et de r\u00e9pression de la mobilit\u00e9 se heurtent \u00e0 la volont\u00e9 des migrants de continuer \u00e0 se d\u00e9placer. Mais ce n&rsquo;est pas tout. Cette mer n&rsquo;est pas seulement une fronti\u00e8re qui s\u00e9pare, elle a aussi une histoire de rencontres, de travers\u00e9es, d&rsquo;\u00e9changes. C&rsquo;est un carrefour o\u00f9 se croisent de multiples acteurs : migrants, p\u00eacheurs, marins, garde-c\u00f4tes, fonctionnaires europ\u00e9ens et nationaux, op\u00e9rateurs humanitaires et solidaires, chacun avec des int\u00e9r\u00eats et des perspectives diff\u00e9rents.<\/p>\r\n\r\n\r\n\r\n<p>La M\u00e9diterran\u00e9e s&rsquo;est transform\u00e9e en une fronti\u00e8re mortelle, cons\u00e9quence directe des politiques migratoires europ\u00e9ennes fond\u00e9es sur la militarisation des fronti\u00e8res maritimes et terrestres. Pour ces raisons, ceux qui cherchent \u00e0 atteindre l&rsquo;Europe sont criminalis\u00e9s, tout comme ceux qui offrent leur soutien et leur solidarit\u00e9 aux personnes en transit : l&rsquo;absence de voies l\u00e9gales pour acc\u00e9der \u00e0 l&rsquo;Europe ne laisse aux gens d&rsquo;autre choix que d&rsquo;entreprendre des voyages risqu\u00e9s sur des embarcations de fortune.<\/p>\r\n\r\n\r\n\r\n<p>Pourtant, l&rsquo;espace m\u00e9diterran\u00e9en continue de g\u00e9n\u00e9rer des relations et des pratiques qui transcendent les dichotomies sociales, tissant des histoires et des exp\u00e9riences dans un tissu complexe. Lieu de rencontre et champ de bataille, espace crucial de la contemporan\u00e9it\u00e9 o\u00f9 se reproduisent les processus de racialisation li\u00e9s \u00e0 la gouvernance des migrations, la M\u00e9diterran\u00e9e est \u00e9galement un horizon de d\u00e9sirs et de possibilit\u00e9s. La vivre, la traverser, l&rsquo;observer est la seule fa\u00e7on de la comprendre v\u00e9ritablement.<\/p>\r\n\r\n\r\n\r\n<p>C&rsquo;est ainsi qu&rsquo;est n\u00e9e l&rsquo;\u00e9quipe Tanimar en 2022 : \u00e0 partir de marins et de chercheurs qui ont d\u00e9cid\u00e9 d&rsquo;entrer en relation avec cet espace maritime en l&rsquo;habitant, en essayant de r\u00e9aliser une ethnographie de la mer et dans la mer, \u00e0 partir du d\u00e9troit de Sicile, puis la Tunisie (2023) jusqu&rsquo;\u00e0 la mer \u00c9g\u00e9e (2025). Un voyage qui s&rsquo;entrem\u00eale avec les routes des personnes en mouvement, pour recomposer des souvenirs et des analyses, et rendre plus visible la polyphonie des voix et la pluralit\u00e9 des visions sur l&rsquo;avenir de la M\u00e9diterran\u00e9e, comme dans le r\u00e9cent projet d&rsquo;un \u00ab Contre-dictionnaire de la fronti\u00e8re \u00bb articul\u00e9 autour de mots et de r\u00e9cits subalternes et contre-h\u00e9g\u00e9moniques.<\/p>\r\n\r\n\r\n\r\n<h2 class=\"wp-block-heading\">L&rsquo;\u00e9quipage du Tanimar pour f.Lotta. Septembre 2025<\/h2>\r\n\r\n\r\n\r\n<p>Cette M\u00e9diterran\u00e9e, que l&rsquo;on tente de fermer par des blocus navals, des blocages administratifs des navires civils de sauvetage, des refoulements op\u00e9r\u00e9s par les soi-disant garde-c\u00f4tes libyens et tunisiens et des accords bilat\u00e9raux qui laissent derri\u00e8re eux une tra\u00een\u00e9e de sang et de mort, reste n\u00e9anmoins ouverte et poreuse et continue d&rsquo;\u00eatre travers\u00e9e par tous les moyens par ceux qui exercent leur droit de fuir.<\/p>\r\n\r\n\r\n\r\n<p>Il existe de nombreuses fa\u00e7ons d&rsquo;\u00ab \u00eatre \u00bb en M\u00e9diterran\u00e9e : Tanimar, au cours de sa navigation, le fait \u00e0 travers des r\u00e9cits, verbaux et visuels. Depuis sa cr\u00e9ation, les \u00e9quipages de ce voilier ont choisi d&rsquo;\u00eatre les yeux et les oreilles, les t\u00e9moins civils de ce qui ailleurs est cach\u00e9 ou r\u00e9duit \u00e0 un spectacle.<\/p>\r\n\r\n\r\n\r\n<p>Pour l&rsquo;action propos\u00e9e par f.lotta, avec son invitation \u00e0 \u00ab occuper massivement la M\u00e9diterran\u00e9e \u00bb, l&rsquo;\u00e9quipage du Tanimar sera compos\u00e9 de citoyens africains et europ\u00e9ens, de cin\u00e9astes, d&rsquo;artistes, de travailleurs sociaux, de r\u00e9fugi\u00e9s, de chercheurs, de navigateurs : au-del\u00e0 de leurs origines, de leurs fonctions et de leurs professions, ils sont unis par leur croyance dans les lois de la mer, dans l&rsquo;obligation de secourir, dans le droit de chaque \u00eatre humain \u00e0 pouvoir choisir o\u00f9 vivre et \u00e0 ne pas \u00eatre rejet\u00e9, viol\u00e9, marchandis\u00e9, asservi, tortur\u00e9. Il y aura \u00e9galement une \u00e9quipe au sol, en Tunisie et en Libye, gr\u00e2ce \u00e0 la contribution de correspondants du Journal of Routes (un projet de communication alternatif sur le th\u00e8me de la mobilit\u00e9 entrav\u00e9e, anim\u00e9 par des personnes en d\u00e9placement ou bloqu\u00e9es dans l&rsquo;attente de partir) et de t\u00e9moins du rapport RR [x] sur le ph\u00e9nom\u00e8ne du trafic d&rsquo;\u00c9tat.<\/p>\r\n\r\n\r\n\r\n<p>M\u00ealant activisme, art, navigation et ethnographie, Tanimar et son \u00e9quipage veulent continuer \u00e0 raconter les rencontres en M\u00e9diterran\u00e9e \u00e0 travers des mots et des images, des sons et des visions, dans un tissage \u00e0 la fois politique et po\u00e9tique. Le d\u00e9sir et la volont\u00e9 de l&rsquo;\u00e9quipage sont d&rsquo;amplifier les voix de ceux qui sont priv\u00e9s du droit de se d\u00e9placer sur la rive sud de la M\u00e9diterran\u00e9e.<\/p>\r\n\r\n\r\n\r\n<h2 class=\"wp-block-heading\">Quelle campagne menons-nous et pourquoi ?<\/h2>\r\n\r\n\r\n\r\n<p><strong>Mettre fin \u00e0 la traite des \u00eatres humains par les \u00c9tats entre la Tunisie et la Libye.<\/strong><\/p>\r\n\r\n\r\n\r\n<p>Comme le r\u00e9v\u00e8le le rapport (https:\/\/statetrafficking.net\/) de RR [x] (un groupe de recherche international qui a d\u00e9cid\u00e9 de s&rsquo;anonymiser sous un pseudonyme collectif afin de prot\u00e9ger ses sources), pr\u00e9sent\u00e9 au Parlement europ\u00e9en le 25 f\u00e9vrier, le durcissement progressif des politiques frontali\u00e8res de l&rsquo;UE a eu une cons\u00e9quence inqui\u00e9tante : la vente et l&rsquo;esclavage des migrants subsahariens par les appareils militaires et policiers tunisiens. Le rapport sur la traite \u00e9tatique, accompagn\u00e9 d&rsquo;un r\u00e9sum\u00e9 pr\u00e9cis des violations des droits humains commises lors des op\u00e9rations d&rsquo;expulsion et de d\u00e9portation, r\u00e9dig\u00e9 par l&rsquo;ASGI, vise \u00e0 relancer le d\u00e9bat sur la responsabilit\u00e9 de l&rsquo;Union europ\u00e9enne et des \u00c9tats individuels dans l&rsquo;exposition des personnes en transit \u00e0 la mort et \u00e0 l&rsquo;esclavage, ainsi que sur le statut de \u00ab pays tiers s\u00fbr \u00bb attribu\u00e9 \u00e0 la Tunisie, son r\u00f4le de partenaire et de b\u00e9n\u00e9ficiaire \u00e9conomique dans la gestion des fronti\u00e8res ext\u00e9rieures de l&rsquo;UE. L&rsquo;\u00e9quipage du Tanimar a pu entrer en contact avec les t\u00e9moins du rapport RR [x] sur la traite des \u00eatres humains entre la Tunisie et la Libye et a d\u00e9cid\u00e9 de contribuer \u00e0 amplifier leurs r\u00e9cits et leurs revendications.<\/p>\r\n\r\n\r\n\r\n<p>Les t\u00e9moins du RR [x], apr\u00e8s avoir pr\u00e9sent\u00e9 le rapport au Parlement europ\u00e9en et, en Italie, au S\u00e9nat et \u00e0 la Chambre des d\u00e9put\u00e9s, ont pos\u00e9 de nombreuses questions parlementaires sans recevoir aucune r\u00e9ponse des institutions auxquelles ils s&rsquo;adressaient. La principale demande de ce collectif que l&rsquo;\u00e9quipe du Tanimar souhaite transmettre est l&rsquo;ouverture d&rsquo;un corridor juridique et humanitaire afin que les voix des victimes de la traite d&rsquo;\u00c9tat puissent \u00eatre entendues par un tribunal europ\u00e9en.<\/p>\r\n\r\n\r\n\r\n<p>Pendant les jours d&#8217;embarquement, des t\u00e9moins et des correspondants vivant encore en Libye et en Tunisie raconteront leur exp\u00e9rience de la vente et de la d\u00e9portation \u00e0 la fronti\u00e8re, ainsi que leur lutte pour le droit \u00e0 la mobilit\u00e9, \u00e0 la justice et \u00e0 la r\u00e9paration. \u00c0 travers diff\u00e9rents canaux \u2013 la page Instagram du Journal of Routes, un r\u00e9seau de radios universitaires \u00e9tudiantes, le projet MeltingPot \u2013 l&rsquo;\u00e9quipe du Tanimar entend ainsi contribuer \u00e0 amplifier la prise de conscience d&rsquo;un ph\u00e9nom\u00e8ne r\u00e9cent et encore peu connu. Malgr\u00e9 le discours de l&rsquo;UE sur la lutte contre les trafiquants, les politiques d&rsquo;externalisation des fronti\u00e8res ont g\u00e9n\u00e9r\u00e9 un effet paradoxal : \u00e0 la fronti\u00e8re tuniso-libyenne, le trafiquant d&rsquo;\u00eatres humains porte d\u00e9sormais un uniforme.<\/p>\r\n\r\n\r\n\r\n<div class=\"wp-block-spacer\" style=\"height: 50px\" aria-hidden=\"true\">\u00a0<\/div>\r\n\r\n\r\n<hr class=\"wp-block-separator has-text-color has-pale-pink-color has-alpha-channel-opacity has-pale-pink-background-color has-background is-style-wide\" \/>\r\n\r\n\r\n<div class=\"wp-block-columns is-layout-flex wp-container-core-columns-is-layout-9d6595d7 wp-block-columns-is-layout-flex\">\r\n<div class=\"wp-block-column is-layout-flow wp-block-column-is-layout-flow\" style=\"flex-basis: 65%\">\r\n<div class=\"wp-block-spacer\" style=\"height: 10px\" aria-hidden=\"true\">\u00a0<\/div>\r\n\r\n\r\n\r\n<h4 class=\"wp-block-heading has-white-color has-text-color has-link-color wp-elements-5492b05ddd79ebe8528fee1bcdc81210 wp-container-content-e44c5f69\" style=\"font-style: normal;font-weight: 300\">On Borders <a href=\"https:\/\/onborders.altervista.org\/\" target=\"_blank\" rel=\"noreferrer noopener\">Website<\/a><\/h4>\r\n\r\n\r\n\r\n<h4 class=\"wp-block-heading has-white-color has-text-color has-link-color wp-elements-ce4356b43c73a0b58ec268564a646dbf wp-container-content-e44c5f69\" style=\"font-style: normal;font-weight: 300\">The Routes Journal <a href=\"https:\/\/www.instagram.com\/theroutesjournal\/\" target=\"_blank\" rel=\"noreferrer noopener\">Instagram<\/a><\/h4>\r\n<\/div>\r\n\r\n\r\n\r\n<div class=\"wp-block-column is-layout-flow wp-block-column-is-layout-flow\" style=\"flex-basis: 35%\">\r\n<div class=\"wp-block-spacer\" style=\"height: 20px\" aria-hidden=\"true\">\u00a0<\/div>\r\n\r\n\r\n<div class=\"wp-block-image wp-duotone-unset-2\">\r\n<figure class=\"alignleft size-full\"><img loading=\"lazy\" decoding=\"async\" width=\"350\" height=\"76\" class=\"wp-image-4034\" src=\"https:\/\/flotta.noblogs.org\/files\/2025\/09\/cropped-02_Logo-On-Borders-definitivo.png\" alt=\"\" srcset=\"https:\/\/flotta.noblogs.org\/files\/2025\/09\/cropped-02_Logo-On-Borders-definitivo.png 350w, https:\/\/flotta.noblogs.org\/files\/2025\/09\/cropped-02_Logo-On-Borders-definitivo-300x65.png 300w\" sizes=\"auto, (max-width: 350px) 100vw, 350px\" \/><\/figure>\r\n<\/div>\r\n\r\n\r\n<div class=\"wp-block-spacer\" style=\"height: 20px\" aria-hidden=\"true\">\u00a0<\/div>\r\n\r\n\r\n<div class=\"wp-block-image is-style-rounded\">\r\n<figure class=\"alignleft size-full\"><img loading=\"lazy\" decoding=\"async\" width=\"150\" height=\"150\" class=\"wp-image-4033\" src=\"https:\/\/flotta.noblogs.org\/files\/2025\/09\/447074000_1764433897293528_5499284239625905041_n.jpg\" alt=\"\" srcset=\"https:\/\/flotta.noblogs.org\/files\/2025\/09\/447074000_1764433897293528_5499284239625905041_n.jpg 150w, https:\/\/flotta.noblogs.org\/files\/2025\/09\/447074000_1764433897293528_5499284239625905041_n-100x100.jpg 100w\" sizes=\"auto, (max-width: 150px) 100vw, 150px\" \/><\/figure>\r\n<\/div><\/div>\r\n<\/div>\r\n\r\n\r\n\r\n<div class=\"wp-block-spacer\" style=\"height: 30px\" aria-hidden=\"true\">\u00a0<\/div>\r\n\r\n\r\n\r\n<div class=\"wp-block-columns is-layout-flex wp-container-core-columns-is-layout-9d6595d7 wp-block-columns-is-layout-flex\">\r\n<div class=\"wp-block-column is-layout-flow wp-block-column-is-layout-flow\" style=\"flex-basis: 15%\">\u00a0<\/div>\r\n\r\n\r\n\r\n<div class=\"wp-block-column is-layout-flow wp-block-column-is-layout-flow\" style=\"flex-basis: 15%\">\u00a0<\/div>\r\n\r\n\r\n\r\n<div class=\"wp-block-column is-layout-flow wp-block-column-is-layout-flow\" style=\"flex-basis: 70%\">\r\n<div class=\"wp-block-buttons is-content-justification-right is-layout-flex wp-container-core-buttons-is-layout-765c4724 wp-block-buttons-is-layout-flex\">\r\n<div class=\"wp-block-button is-style-outline is-style-outline--3\"><a class=\"wp-block-button__link has-text-align-center wp-element-button\" href=\"https:\/\/flotta.noblogs.org\/campaigns\/\">CAMPAIGNS<\/a><\/div>\r\n\r\n\r\n\r\n<div class=\"wp-block-button is-style-outline is-style-outline--4\"><a class=\"wp-block-button__link has-text-align-center wp-element-button\" href=\"https:\/\/flotta.noblogs.org\">HOME<\/a><\/div>\r\n\r\n\r\n\r\n<div class=\"wp-block-button is-style-outline is-style-outline--5\"><a class=\"wp-block-button__link has-text-align-center wp-element-button\" href=\"#stoptraf\">TOP<\/a><\/div>\r\n<\/div>\r\n<\/div>\r\n<\/div>\r\n","protected":false},"excerpt":{"rendered":"<p>Mettre fin \u00e0 la traite d&rsquo;\u00eatres humains entre la Tunisie et la Libye On Borders, The Routes Journal Contexte et raisons Le discours politique et m\u00e9diatique en Italie d\u00e9crit la M\u00e9diterran\u00e9e comme une barri\u00e8re naturelle entre des mondes \u00e9loign\u00e9s, une fronti\u00e8re liquide \u00e0 contr\u00f4ler et \u00e0 surveiller. C&rsquo;est un lieu o\u00f9 les politiques europ\u00e9ennes de &hellip; <\/p>\n<p class=\"link-more\"><a href=\"https:\/\/flotta.noblogs.org\/fr\/mettre-fin-a-la-traite-detres-humains-entre-la-tunisie-et-la-libye\/\" class=\"more-link\">Continuer la lecture<span class=\"screen-reader-text\"> de &laquo;&nbsp;Mettre fin \u00e0 la traite d&rsquo;\u00eatres humains entre la Tunisie et la Libye&nbsp;&raquo;<\/span><\/a><\/p>\n","protected":false},"author":20714,"featured_media":0,"parent":0,"menu_order":0,"comment_status":"closed","ping_status":"closed","template":"","meta":{"_locale":"fr_FR","_original_post":"https:\/\/flotta.noblogs.org\/?page_id=4029","footnotes":""},"class_list":["post-4131","page","type-page","status-publish","hentry","fr-FR"],"_links":{"self":[{"href":"https:\/\/flotta.noblogs.org\/wp-json\/wp\/v2\/pages\/4131","targetHints":{"allow":["GET"]}}],"collection":[{"href":"https:\/\/flotta.noblogs.org\/wp-json\/wp\/v2\/pages"}],"about":[{"href":"https:\/\/flotta.noblogs.org\/wp-json\/wp\/v2\/types\/page"}],"author":[{"embeddable":true,"href":"https:\/\/flotta.noblogs.org\/wp-json\/wp\/v2\/users\/20714"}],"replies":[{"embeddable":true,"href":"https:\/\/flotta.noblogs.org\/wp-json\/wp\/v2\/comments?post=4131"}],"version-history":[{"count":2,"href":"https:\/\/flotta.noblogs.org\/wp-json\/wp\/v2\/pages\/4131\/revisions"}],"predecessor-version":[{"id":4134,"href":"https:\/\/flotta.noblogs.org\/wp-json\/wp\/v2\/pages\/4131\/revisions\/4134"}],"wp:attachment":[{"href":"https:\/\/flotta.noblogs.org\/wp-json\/wp\/v2\/media?parent=4131"}],"curies":[{"name":"wp","href":"https:\/\/api.w.org\/{rel}","templated":true}]}}