{"id":2903,"date":"2025-08-08T13:02:53","date_gmt":"2025-08-08T11:02:53","guid":{"rendered":"https:\/\/flotta.noblogs.org\/?page_id=2903"},"modified":"2025-08-14T23:39:26","modified_gmt":"2025-08-14T21:39:26","slug":"war-on-war-for-an-anti-militarist-voice-at-sea","status":"publish","type":"page","link":"https:\/\/flotta.noblogs.org\/fr\/war-on-war-for-an-anti-militarist-voice-at-sea\/","title":{"rendered":"Guerre \u00e0 la Guerre ! Pour une voix anti-militariste en mer !"},"content":{"rendered":"\n<div style=\"height:1px\" aria-hidden=\"true\" id=\"waronwar\" class=\"wp-block-spacer\"><\/div>\n\n\n\n<div class=\"wp-block-columns is-layout-flex wp-container-core-columns-is-layout-9d6595d7 wp-block-columns-is-layout-flex\">\n<div class=\"wp-block-column is-layout-flow wp-block-column-is-layout-flow\" style=\"flex-basis:48%\">\n<h2 class=\"wp-block-heading\">Guerre \u00e0 la Guerre ! Pour une voix anti-militariste en mer !<\/h2>\n<\/div>\n\n\n\n<div class=\"wp-block-column is-layout-flow wp-block-column-is-layout-flow\" style=\"flex-basis:54%\">\n<figure data-wp-context=\"{&quot;imageId&quot;:&quot;69d34169090af&quot;}\" data-wp-interactive=\"core\/image\" data-wp-key=\"69d34169090af\" class=\"wp-block-image size-full wp-lightbox-container\"><img loading=\"lazy\" decoding=\"async\" width=\"1810\" height=\"2560\" data-wp-class--hide=\"state.isContentHidden\" data-wp-class--show=\"state.isContentVisible\" data-wp-init=\"callbacks.setButtonStyles\" data-wp-on--click=\"actions.showLightbox\" data-wp-on--load=\"callbacks.setButtonStyles\" data-wp-on-window--resize=\"callbacks.setButtonStyles\" src=\"https:\/\/flotta.noblogs.org\/files\/2025\/08\/IMG_0371-scaled.png\" alt=\"\" class=\"wp-image-2860\" srcset=\"https:\/\/flotta.noblogs.org\/files\/2025\/08\/IMG_0371-scaled.png 1810w, https:\/\/flotta.noblogs.org\/files\/2025\/08\/IMG_0371-212x300.png 212w, https:\/\/flotta.noblogs.org\/files\/2025\/08\/IMG_0371-724x1024.png 724w\" sizes=\"auto, (max-width: 767px) 89vw, (max-width: 1000px) 54vw, (max-width: 1071px) 543px, 580px\" \/><button\n\t\t\tclass=\"lightbox-trigger\"\n\t\t\ttype=\"button\"\n\t\t\taria-haspopup=\"dialog\"\n\t\t\taria-label=\"Agrandir\"\n\t\t\tdata-wp-init=\"callbacks.initTriggerButton\"\n\t\t\tdata-wp-on--click=\"actions.showLightbox\"\n\t\t\tdata-wp-style--right=\"state.imageButtonRight\"\n\t\t\tdata-wp-style--top=\"state.imageButtonTop\"\n\t\t>\n\t\t\t<svg xmlns=\"http:\/\/www.w3.org\/2000\/svg\" width=\"12\" height=\"12\" fill=\"none\" viewBox=\"0 0 12 12\">\n\t\t\t\t<path fill=\"#fff\" d=\"M2 0a2 2 0 0 0-2 2v2h1.5V2a.5.5 0 0 1 .5-.5h2V0H2Zm2 10.5H2a.5.5 0 0 1-.5-.5V8H0v2a2 2 0 0 0 2 2h2v-1.5ZM8 12v-1.5h2a.5.5 0 0 0 .5-.5V8H12v2a2 2 0 0 1-2 2H8Zm2-12a2 2 0 0 1 2 2v2h-1.5V2a.5.5 0 0 0-.5-.5H8V0h2Z\" \/>\n\t\t\t<\/svg>\n\t\t<\/button><\/figure>\n\n\n\n<p class=\"has-text-align-center has-text-color has-link-color wp-elements-5481835169b89a36ed44884900b74835\" style=\"color:#e31c79\"><strong>Guerre \u00e0 la Guerre coalition<\/strong><\/p>\n<\/div>\n<\/div>\n\n\n\n<div style=\"height:20px\" aria-hidden=\"true\" class=\"wp-block-spacer\"><\/div>\n\n\n\n<pre class=\"wp-block-preformatted has-white-color has-text-color has-link-color has-medium-font-size wp-elements-71a5d5264351030a6a4bcb4da4d1dfe6\">La coalition Guerre \u00e0 la guerre rejoint la campagne f.Lotta pour porter une voix antimilitariste en mer. Nous sommes une coalition d\u2019organisations et d\u2019individus qui partagent l\u2019urgence d\u2019agir contre la guerre et le militarisme. Un g\u00e9nocide colonial a lieu sous nos yeux, la perspective d\u2019un conflit mondial menace et le \u00abr\u00e9armement\u00bb et l\u2019\u00e9conomie de guerre sont \u00e0 l\u2019ordre du jour de tous les gouvernements mondiaux. S'organiser pour enrayer la machine guerri\u00e8re est une n\u00e9cessit\u00e9.&nbsp;&nbsp;<\/pre>\n\n\n\n<div style=\"height:20px\" aria-hidden=\"true\" class=\"wp-block-spacer\"><\/div>\n\n\n\n<h2 class=\"wp-block-heading\">La M\u00e9diterran\u00e9e, illustration du lien entre guerre et fronti\u00e8res.&nbsp;<\/h2>\n\n\n\n<div style=\"height:20px\" aria-hidden=\"true\" class=\"wp-block-spacer\"><\/div>\n\n\n\n<h3 class=\"wp-block-heading\">La guerre provoque<strong> l&rsquo;exil<\/strong><\/h3>\n\n\n\n<p><br>La guerre est l&rsquo;une des raisons les plus importante de l&rsquo;exil : c&rsquo;est la guerre qui souvent provoque le d\u00e9part, d\u00e9place les populations, tue, menace. Guerres souvent provoqu\u00e9es par les \u00c9tats m\u00eames qui arment leurs fronti\u00e8res. Chaque intervention occidentale en Libye, en Irak, en Afghanistan, au Sahel, chaque conflit provoqu\u00e9 pour sauvegarder des int\u00e9r\u00eats imp\u00e9rialistes produit son lot de morts, d&rsquo;instabilit\u00e9, et de personnes exil\u00e9es.&nbsp;<\/p>\n\n\n\n<h3 class=\"wp-block-heading\">La fronti\u00e8re comme outil de<strong> contr\u00f4le imp\u00e9rial<\/strong><\/h3>\n\n\n\n<p><br>M\u00e9diterran\u00e9e (orientale, centrale et occidentale), route des Balkans, fronti\u00e8re Bi\u00e9lorussie &#8211; Pologne, les dispositifs policiers et militaires aux fronti\u00e8res de l&rsquo;Europe se multiplient et se font toujours plus meurtriers. Loin de s&rsquo;arr\u00eater aux limites g\u00e9ographiques, cette violence des fronti\u00e8res se globalise. A l&rsquo;externalisation du contr\u00f4le de la migration, pratique criminelle des gouvernements europ\u00e9ens, s&rsquo;ajoute une pr\u00e9carisation structurelle des personnes exil\u00e9es ainsi qu&rsquo;un syst\u00e8me carc\u00e9ral, d&rsquo;expulsion et de d\u00e9portation &#8211; dans les pays qui se pr\u00e9tendent accueillants.&nbsp;<\/p>\n\n\n\n<p>La fronti\u00e8re, depuis l&rsquo;Europe imp\u00e9rialiste, n&rsquo;est pas une voie vers l&rsquo;affirmation politique mais un outil de r\u00e9pression, de l\u00e9gitimation de la violence de l&rsquo;Etat, et d&rsquo;exploitation du Sud global par les pays du Nord. Elle est un rouage fondamental de la puissance arm\u00e9e et de l&rsquo;id\u00e9ologie x\u00e9nophobe qui sont \u00e0 la base du processus de militarisation que nous d\u00e9non\u00e7ons.&nbsp;<\/p>\n\n\n\n<div class=\"wp-block-columns is-layout-flex wp-container-core-columns-is-layout-9d6595d7 wp-block-columns-is-layout-flex\">\n<div class=\"wp-block-column is-layout-flow wp-block-column-is-layout-flow\" style=\"flex-basis:100%\"><\/div>\n<\/div>\n\n\n\n<div class=\"wp-block-columns is-layout-flex wp-container-core-columns-is-layout-9d6595d7 wp-block-columns-is-layout-flex\">\n<div class=\"wp-block-column is-layout-flow wp-block-column-is-layout-flow\" style=\"flex-basis:50%\">\n<h3 class=\"wp-block-heading\">La M\u00e9diterran\u00e9e est le lieu d&rsquo;une <strong>violence militaris\u00e9e.&nbsp;<\/strong><\/h3>\n\n\n\n<p><br>Le contr\u00f4le exerc\u00e9 par les Etats pour savoir qui a cette libert\u00e9 de mouvement s&rsquo;appuie sur un arsenal r\u00e9pressif et militaire important. Le pr\u00e9tendu \u00ab\u00a0contr\u00f4le des fronti\u00e8res\u00a0\u00bb signifie en fait la construction d&rsquo;une forteresse meurtri\u00e8re, au sein de laquelle le contr\u00f4le de la M\u00e9diterran\u00e9e joue un r\u00f4le central. Selon les chiffres officiels, plus de 60 000 personnes sont mortes ou port\u00e9es disparues en M\u00e9diterran\u00e9e entre 2014 et 2023.<\/p>\n\n\n\n<p>Nous luttons contre la militarisation de cet espace m\u00e9diterran\u00e9en, o\u00f9 flottent portes-avions et troupes et o\u00f9 circulent le carburant militaire, les armes, comme le montrent les enqu\u00eates d\u00e9voilant les complicit\u00e9s g\u00e9nocidaires d&rsquo;entreprises comme Maersk ou la Valero Oil Company &#8211; tout en emp\u00eachant la circulation des \u00eatres humains.&nbsp;<\/p>\n<\/div>\n\n\n\n<div class=\"wp-block-column is-layout-flow wp-block-column-is-layout-flow\" style=\"flex-basis:50%\">\n<div style=\"height:50px\" aria-hidden=\"true\" id=\"spacerwar\" class=\"wp-block-spacer\"><\/div>\n\n\n\n<figure class=\"wp-block-image size-full\"><img loading=\"lazy\" decoding=\"async\" width=\"667\" height=\"1076\" src=\"https:\/\/flotta.noblogs.org\/files\/2025\/08\/MISSILE-CASSE3.png\" alt=\"\" class=\"wp-image-2895\" srcset=\"https:\/\/flotta.noblogs.org\/files\/2025\/08\/MISSILE-CASSE3.png 667w, https:\/\/flotta.noblogs.org\/files\/2025\/08\/MISSILE-CASSE3-186x300.png 186w, https:\/\/flotta.noblogs.org\/files\/2025\/08\/MISSILE-CASSE3-635x1024.png 635w\" sizes=\"auto, (max-width: 667px) 100vw, 667px\" \/><\/figure>\n<\/div>\n<\/div>\n\n\n\n<p>Les op\u00e9rations SOPHIA ou IRINI cens\u00e9es r\u00e9pondre \u00e0 la \u00ab\u00a0crise migratoire\u00a0\u00bb sont des op\u00e9rations militaires, lanc\u00e9es par les forces navales europ\u00e9ennes ayant le mandat de d\u00e9truire, ou de rendre \u00ab\u00a0inop\u00e9rant\u00a0\u00bb les navires transportant des exil\u00e9s. L&rsquo;usage d&rsquo;avions, de drones, mais aussi \u00e9videmment d&rsquo;hommes montre que loin d&rsquo;\u00eatre anim\u00e9e par de bons sentiments, l&rsquo;Union Europ\u00e9enne consid\u00e8re les humains qui cherchent refuge en Europe comme des ennemis.&nbsp;<\/p>\n\n\n\n<p>La lutte pour la libert\u00e9 de mouvement est intrins\u00e8quement li\u00e9e \u00e0 celle contre la guerre. Nous nous \u00e9levons contre la militarisation et&nbsp; les fronti\u00e8res, contre la construction d&rsquo;une forteresse con\u00e7ue pour rejeter les personnes exil\u00e9es qui fuient des conflits dont l&rsquo;Europe est l&rsquo;une des causes.&nbsp;<\/p>\n\n\n\n<p><em>Contre cette dynamique, nous nous sommes mobilis\u00e9es \u00e0 Toulon contre la tenue de la journ\u00e9e \u00ab\u00a0Mer&amp;D\u00e9fense\u00a0\u00bb qui promouvait la \u00ab\u00a0dronisation de l&rsquo;espace m\u00e9diterran\u00e9en\u00a0\u00bb. Le 14 juillet, \u00e0 Paris et ailleurs, nous avons particip\u00e9 aux initiatives qui construisaient un \u00ab\u00a0contre 14 juillet\u00a0\u00bb internationaliste et antiraciste.&nbsp;<\/em><\/p>\n\n\n\n<div style=\"height:20px\" aria-hidden=\"true\" class=\"wp-block-spacer\"><\/div>\n\n\n\n<h2 class=\"wp-block-heading has-text-color has-link-color wp-elements-5270ccf54afb3b3847d7b5f120dbbb19\" style=\"color:#007dfe\">La violence aux fronti\u00e8res, nouvelle \u00ab\u00a0opportunit\u00e9\u00a0\u00bb pour le business des armes.<\/h2>\n\n\n\n<div class=\"wp-block-columns is-layout-flex wp-container-core-columns-is-layout-9d6595d7 wp-block-columns-is-layout-flex\">\n<div class=\"wp-block-column is-layout-flow wp-block-column-is-layout-flow\" style=\"flex-basis:22%\">\n<figure class=\"wp-block-image size-large\"><img loading=\"lazy\" decoding=\"async\" width=\"1024\" height=\"1009\" src=\"https:\/\/flotta.noblogs.org\/files\/2025\/08\/LOGO-scaled2-1024x1009.png\" alt=\"\" class=\"wp-image-2829\" srcset=\"https:\/\/flotta.noblogs.org\/files\/2025\/08\/LOGO-scaled2-1024x1009.png 1024w, https:\/\/flotta.noblogs.org\/files\/2025\/08\/LOGO-scaled2-300x296.png 300w, https:\/\/flotta.noblogs.org\/files\/2025\/08\/LOGO-scaled2-768x757.png 768w, https:\/\/flotta.noblogs.org\/files\/2025\/08\/LOGO-scaled2-1536x1513.png 1536w, https:\/\/flotta.noblogs.org\/files\/2025\/08\/LOGO-scaled2-100x100.png 100w, https:\/\/flotta.noblogs.org\/files\/2025\/08\/LOGO-scaled2.png 1823w\" sizes=\"auto, (max-width: 767px) 89vw, (max-width: 1000px) 54vw, (max-width: 1071px) 543px, 580px\" \/><\/figure>\n<\/div>\n\n\n\n<div class=\"wp-block-column is-layout-flow wp-block-column-is-layout-flow\" style=\"flex-basis:78%\">\n<p class=\"has-medium-font-size\">La coalition Guerre \u00e0 Guerre s&rsquo;est d&rsquo;abord construite en opposition au complexe militaro-industriel fran\u00e7ais, c&rsquo;est-\u00e0-dire au commerce de mort que nos gouvernants nous pr\u00e9sentent comme une n\u00e9cessit\u00e9.&nbsp;<\/p>\n<\/div>\n<\/div>\n\n\n\n<h3 class=\"wp-block-heading\">Le capitalisme europ\u00e9en <strong>s&rsquo;enrichit sur les conflits <\/strong>qui provoquent l&rsquo;exil.<\/h3>\n\n\n\n<div style=\"height:20px\" aria-hidden=\"true\" class=\"wp-block-spacer\"><\/div>\n\n\n\n<p>Les innombrables conflits qui constituent les principales raison de l&rsquo;exil repr\u00e9sentent, aux yeux du secteur de l&rsquo;armement, autant d&rsquo;opportunit\u00e9s \u00e9conomiques. Les entreprises fran\u00e7aises et europ\u00e9ennes offrent leurs services aux plus offrants, alimentant par l\u00e0 ces conflits, comme le montre l&rsquo;exemple des entreprises Thal\u00e8s, Dassault et MBDA, complices de crimes de guerre au Yemen, Lacroix D\u00e9fense et KNDS, dont les armes sont utilis\u00e9es au Soudan ; ou encore ST Microelectronics et Eurolinks exportant vers Isra\u00ebl. Convergence des int\u00e9r\u00eats franco-europ\u00e9ens, les moyens militaires allou\u00e9s pour mener la guerre \u00ab\u00a0contre le terrorisme\u00a0\u00bb au Sahel ont \u00e9t\u00e9 opportun\u00e9ment d\u00e9voy\u00e9s pour le \u00ab\u00a0contr\u00f4le des flux migratoires\u00a0\u00bb au Niger et au Tchad.<\/p>\n\n\n\n<div style=\"height:50px\" aria-hidden=\"true\" class=\"wp-block-spacer\"><\/div>\n\n\n\n<div class=\"wp-block-columns is-layout-flex wp-container-core-columns-is-layout-9d6595d7 wp-block-columns-is-layout-flex\">\n<div class=\"wp-block-column is-layout-flow wp-block-column-is-layout-flow\">\n<h3 class=\"wp-block-heading\">La <strong>militarisation <\/strong>de la<strong> M\u00e9diterran\u00e9e permet<\/strong> aux marchands d&rsquo;armes de s&rsquo;enrichir&#8230;<\/h3>\n\n\n\n<div style=\"height:20px\" aria-hidden=\"true\" class=\"wp-block-spacer\"><\/div>\n\n\n\n<p>Dans l&rsquo;espace m\u00e9diterran\u00e9en, la collusion entre l\u2019\u00c9tat et le capital est tristement visible. En effet, le business des fronti\u00e8res ne cesse d\u2019\u00eatre lucratif pour les entreprises de l\u2019armement ou de la surveillance. Frontex, Agence europ\u00e9enne de garde-fronti\u00e8res et de garde-c\u00f4tes cr\u00e9\u00e9e officiellement en 2004, a vu ses moyens budg\u00e9taires et humains exploser en quelques ann\u00e9es (de 6 \u00e0 900 millions de budget annuel). De nombreuses entreprises ont b\u00e9n\u00e9fici\u00e9 d\u2019un flot constant de financement de la part de l\u2019UE, en particulier le Fonds pour les fronti\u00e8res ext\u00e9rieures (1,7 milliard d\u2019euros, 2007-2013) et le Fonds pour la s\u00e9curit\u00e9 int\u00e9rieure- Fronti\u00e8res (2,76 milliards d\u2019euros, 2014- 2020).<\/p>\n<\/div>\n\n\n\n<div class=\"wp-block-column is-layout-flow wp-block-column-is-layout-flow\">\n<h3 class=\"wp-block-heading\">.<strong>.. <\/strong>Et <strong>ils <\/strong>comptent bien <strong>continuer\u00a0<\/strong><\/h3>\n\n\n\n<div style=\"height:20px\" aria-hidden=\"true\" class=\"wp-block-spacer\"><\/div>\n\n\n\n<p>Les leaders de l&rsquo;industrie de l&rsquo;armement collaborent de mani\u00e8re structurelle avec les gouvernements, infiltrant de nombreuses ar\u00e8nes d\u00e9cisionnaires, que ce soit les politiques de fronti\u00e8res europ\u00e9ennes ou \u00e9tatiques, comme l&rsquo;ont d\u00e9montr\u00e9 les Frontex Files, qui attestent de rencontres hors de toutes les r\u00e8gles de transparence entre Frontex et les PDG d&rsquo;Atos, Thal\u00e8s, Airbus, et bien d&rsquo;autres. Cette alliance, qui consacre la fusion entre les int\u00e9r\u00eats de la droite et de l&rsquo;extr\u00eame droite et ceux du capitalisme guerrier, doit nous alerter : cette violence en M\u00e9diterran\u00e9e forme une partie d\u2019un continuum qui va jusqu\u2019en Palestine, comme s&rsquo;en vante m\u00eame Frontex.<\/p>\n\n\n\n<p><em>Nous nous sommes d\u00e9j\u00e0 mobilis\u00e9es contre ce business de la guerre, en rassemblant plusieurs milliers de personnes au Bourget, le 21 juin 2025, pour protester contre le commerce des armes.<\/em><\/p>\n<\/div>\n<\/div>\n\n\n\n<figure class=\"wp-block-image size-full\"><img loading=\"lazy\" decoding=\"async\" width=\"870\" height=\"651\" src=\"https:\/\/flotta.noblogs.org\/files\/2025\/08\/FOULE.png\" alt=\"\" class=\"wp-image-2685\" srcset=\"https:\/\/flotta.noblogs.org\/files\/2025\/08\/FOULE.png 870w, https:\/\/flotta.noblogs.org\/files\/2025\/08\/FOULE-300x224.png 300w, https:\/\/flotta.noblogs.org\/files\/2025\/08\/FOULE-768x575.png 768w\" sizes=\"auto, (max-width: 767px) 89vw, (max-width: 1000px) 54vw, (max-width: 1071px) 543px, 580px\" \/><\/figure>\n\n\n\n<div style=\"height:50px\" aria-hidden=\"true\" class=\"wp-block-spacer\"><\/div>\n\n\n\n<h4 class=\"wp-block-heading\"><strong><strong>Que portons-nous au sein de f.Lotta ?&nbsp;<\/strong><\/strong><\/h4>\n\n\n\n<p><\/p>\n\n\n\n<p>Nous souhaitons montrer avec force que les souffrances des personnes exil\u00e9es sont caus\u00e9es par une certaine organisation de l&rsquo;espace mondial, provoqu\u00e9e par des forces imp\u00e9rialistes qui suivent leurs int\u00e9r\u00eats. Nous voulons nous opposer \u00e0 la militarisation de l&rsquo;espace m\u00e9diterran\u00e9en, permise par une d\u00e9shumanisation raciste des \u00eatres humains d\u00e9plac\u00e9s. Il est urgent de rappeler que loin d&rsquo;\u00eatre un havre de paix qu&rsquo;il faudrait d\u00e9fendre, l&rsquo;Europe est complice de la guerre et de la destruction qui a lieu dans les pays du Sud global. Enfin, nous devons mettre au c\u0153ur de nos luttes l&rsquo;opposition \u00e0 l&rsquo;imp\u00e9rialisme occidental, et \u00e0 l&rsquo;ordre n\u00e9ocolonial qui provoque la guerre et l&rsquo;exil.&nbsp;<\/p>\n\n\n\n<div style=\"height:50px\" aria-hidden=\"true\" class=\"wp-block-spacer\"><\/div>\n\n\n\n<div class=\"wp-block-columns is-layout-flex wp-container-core-columns-is-layout-9d6595d7 wp-block-columns-is-layout-flex\">\n<div class=\"wp-block-column is-layout-flow wp-block-column-is-layout-flow\" style=\"flex-basis:3%\"><\/div>\n\n\n\n<div class=\"wp-block-column is-layout-flow wp-block-column-is-layout-flow\" style=\"flex-basis:50%\">\n<h4 class=\"wp-block-heading\"><strong>Numerous collectives<\/strong><\/h4>\n\n\n\n<p style=\"font-style:normal;font-weight:600\">have come together with a clear goal &#8211; to wage war on war :<\/p>\n<\/div>\n\n\n\n<div class=\"wp-block-column is-layout-flow wp-block-column-is-layout-flow\" style=\"flex-basis:40%\">\n<p>Soul\u00e8vements de la terre, Urgence Palestine, la Marche des Solidarit\u00e9s, Tsedek, Stop Arming Isra\u00ebl France, les Gilets noirs, Survie, le r\u00e9seau V\u00e9rit\u00e9 et Justice, and many others. Find the complete list <a href=\"https:\/\/guerrealaguerre.net\/a-propos\/qui-sommes-nous\">here<\/a>.<\/p>\n<\/div>\n\n\n\n<div class=\"wp-block-column is-layout-flow wp-block-column-is-layout-flow\" style=\"flex-basis:7%\"><\/div>\n<\/div>\n\n\n\n<div class=\"wp-block-columns is-layout-flex wp-container-core-columns-is-layout-9d6595d7 wp-block-columns-is-layout-flex\">\n<div class=\"wp-block-column is-layout-flow wp-block-column-is-layout-flow\" style=\"flex-basis:50%\">\n<figure class=\"wp-block-image size-full\"><img loading=\"lazy\" decoding=\"async\" width=\"680\" height=\"840\" src=\"https:\/\/flotta.noblogs.org\/files\/2025\/08\/MISSILE-ENTERRE.png\" alt=\"\" class=\"wp-image-2683\" srcset=\"https:\/\/flotta.noblogs.org\/files\/2025\/08\/MISSILE-ENTERRE.png 680w, https:\/\/flotta.noblogs.org\/files\/2025\/08\/MISSILE-ENTERRE-243x300.png 243w\" sizes=\"auto, (max-width: 680px) 100vw, 680px\" \/><\/figure>\n<\/div>\n\n\n\n<div class=\"wp-block-column is-layout-flow wp-block-column-is-layout-flow\" style=\"flex-basis:50%\"><\/div>\n<\/div>\n\n\n\n<div class=\"wp-block-columns is-layout-flex wp-container-core-columns-is-layout-9d6595d7 wp-block-columns-is-layout-flex\">\n<div class=\"wp-block-column is-layout-flow wp-block-column-is-layout-flow\">\n<h4 class=\"wp-block-heading has-white-color has-text-color has-link-color wp-elements-b1dd551197b963b52744753119272c12 wp-container-content-e44c5f69\" style=\"font-style:normal;font-weight:300\">Article:&nbsp;<a href=\"https:\/\/guerrealaguerre.net\/la-coalition-guerre-a-la-guerre-rejoint-la-campagne-f-lotta\/\" target=\"_blank\" rel=\"noreferrer noopener\">\u00ab\u00a0La coalition Guerre \u00e0 la guerre rejoint la campagne f.Lotta\u00a0\u00bb<\/a><\/h4>\n\n\n\n<h4 class=\"wp-block-heading has-white-color has-text-color has-link-color wp-elements-01fadfec7832dc7a519e23a804da44d5 wp-container-content-e44c5f69\" style=\"font-style:normal;font-weight:300\">Instagram: <a href=\"https:\/\/www.instagram.com\/guerre.alaguerre\/\">@guerre.alaguerre<\/a><\/h4>\n<\/div>\n\n\n\n<div class=\"wp-block-column is-layout-flow wp-block-column-is-layout-flow\">\n<h4 class=\"wp-block-heading has-white-color has-text-color has-link-color wp-elements-a8241ffcd8fc3577d1e64b4f508b6cae\" style=\"font-style:normal;font-weight:300\">Website:&nbsp;<a href=\"https:\/\/guerrealaguerre.net\/\" data-type=\"link\" data-id=\"https:\/\/guerrealaguerre.net\/\" target=\"_blank\" rel=\"noreferrer noopener\">guerrealaguerre.net<\/a><\/h4>\n\n\n\n<div style=\"height:40px\" aria-hidden=\"true\" class=\"wp-block-spacer\"><\/div>\n\n\n<div class=\"wp-block-image\">\n<figure class=\"alignleft size-full\"><img loading=\"lazy\" decoding=\"async\" width=\"1024\" height=\"194\" src=\"https:\/\/flotta.noblogs.org\/files\/2025\/08\/EN-TETE-NB-1024x194-1.png\" alt=\"\" class=\"wp-image-2707\" srcset=\"https:\/\/flotta.noblogs.org\/files\/2025\/08\/EN-TETE-NB-1024x194-1.png 1024w, https:\/\/flotta.noblogs.org\/files\/2025\/08\/EN-TETE-NB-1024x194-1-300x57.png 300w, https:\/\/flotta.noblogs.org\/files\/2025\/08\/EN-TETE-NB-1024x194-1-768x146.png 768w\" sizes=\"auto, (max-width: 767px) 89vw, (max-width: 1000px) 54vw, (max-width: 1071px) 543px, 580px\" \/><\/figure>\n<\/div><\/div>\n<\/div>\n\n\n\n<div style=\"height:30px\" aria-hidden=\"true\" class=\"wp-block-spacer\"><\/div>\n","protected":false},"excerpt":{"rendered":"<p>Guerre \u00e0 la Guerre ! Pour une voix anti-militariste en mer ! Guerre \u00e0 la Guerre coalition La coalition Guerre \u00e0 la guerre rejoint la campagne f.Lotta pour porter une voix antimilitariste en mer. Nous sommes une coalition d\u2019organisations et d\u2019individus qui partagent l\u2019urgence d\u2019agir contre la guerre et le militarisme. Un g\u00e9nocide colonial a &hellip; <\/p>\n<p class=\"link-more\"><a href=\"https:\/\/flotta.noblogs.org\/fr\/war-on-war-for-an-anti-militarist-voice-at-sea\/\" class=\"more-link\">Continuer la lecture<span class=\"screen-reader-text\"> de &laquo;&nbsp;Guerre \u00e0 la Guerre ! Pour une voix anti-militariste en mer !&nbsp;&raquo;<\/span><\/a><\/p>\n","protected":false},"author":20714,"featured_media":0,"parent":0,"menu_order":0,"comment_status":"closed","ping_status":"closed","template":"","meta":{"_locale":"fr_FR","_original_post":"https:\/\/flotta.noblogs.org\/?page_id=1319","footnotes":""},"class_list":["post-2903","page","type-page","status-publish","hentry","fr-FR"],"_links":{"self":[{"href":"https:\/\/flotta.noblogs.org\/wp-json\/wp\/v2\/pages\/2903","targetHints":{"allow":["GET"]}}],"collection":[{"href":"https:\/\/flotta.noblogs.org\/wp-json\/wp\/v2\/pages"}],"about":[{"href":"https:\/\/flotta.noblogs.org\/wp-json\/wp\/v2\/types\/page"}],"author":[{"embeddable":true,"href":"https:\/\/flotta.noblogs.org\/wp-json\/wp\/v2\/users\/20714"}],"replies":[{"embeddable":true,"href":"https:\/\/flotta.noblogs.org\/wp-json\/wp\/v2\/comments?post=2903"}],"version-history":[{"count":6,"href":"https:\/\/flotta.noblogs.org\/wp-json\/wp\/v2\/pages\/2903\/revisions"}],"predecessor-version":[{"id":3201,"href":"https:\/\/flotta.noblogs.org\/wp-json\/wp\/v2\/pages\/2903\/revisions\/3201"}],"wp:attachment":[{"href":"https:\/\/flotta.noblogs.org\/wp-json\/wp\/v2\/media?parent=2903"}],"curies":[{"name":"wp","href":"https:\/\/api.w.org\/{rel}","templated":true}]}}