{"id":1002,"date":"2025-06-29T18:35:56","date_gmt":"2025-06-29T16:35:56","guid":{"rendered":"https:\/\/flotta.noblogs.org\/?page_id=1002"},"modified":"2025-08-31T18:31:14","modified_gmt":"2025-08-31T16:31:14","slug":"ferries-not-frontex","status":"publish","type":"page","link":"https:\/\/flotta.noblogs.org\/fr\/ferries-not-frontex\/","title":{"rendered":"Ferries not Frontex"},"content":{"rendered":"\n<div style=\"height:1px\" aria-hidden=\"true\" id=\"ferries\" class=\"wp-block-spacer\"><\/div>\n\n\n\n<div class=\"wp-block-columns is-layout-flex wp-container-core-columns-is-layout-9d6595d7 wp-block-columns-is-layout-flex\">\n<div class=\"wp-block-column is-layout-flow wp-block-column-is-layout-flow\" style=\"flex-basis:40%\">\n<h2 class=\"wp-block-heading\">Ferries not Frontex<\/h2>\n<\/div>\n\n\n\n<div class=\"wp-block-column is-layout-flow wp-block-column-is-layout-flow\" style=\"flex-basis:60%\">\n<figure data-wp-context=\"{&quot;imageId&quot;:&quot;69fddb16c3e46&quot;}\" data-wp-interactive=\"core\/image\" data-wp-key=\"69fddb16c3e46\" class=\"wp-block-image size-full wp-lightbox-container\"><img loading=\"lazy\" decoding=\"async\" width=\"1810\" height=\"2560\" data-wp-class--hide=\"state.isContentHidden\" data-wp-class--show=\"state.isContentVisible\" data-wp-init=\"callbacks.setButtonStyles\" data-wp-on--click=\"actions.showLightbox\" data-wp-on--load=\"callbacks.setButtonStyles\" data-wp-on-window--resize=\"callbacks.setButtonStyles\" src=\"https:\/\/flotta.noblogs.org\/files\/2025\/07\/noborderlastforever-scaled.png\" alt=\"\" class=\"wp-image-1391\" srcset=\"https:\/\/flotta.noblogs.org\/files\/2025\/07\/noborderlastforever-scaled.png 1810w, https:\/\/flotta.noblogs.org\/files\/2025\/07\/noborderlastforever-212x300.png 212w, https:\/\/flotta.noblogs.org\/files\/2025\/07\/noborderlastforever-724x1024.png 724w, https:\/\/flotta.noblogs.org\/files\/2025\/07\/noborderlastforever-768x1086.png 768w, https:\/\/flotta.noblogs.org\/files\/2025\/07\/noborderlastforever-1086x1536.png 1086w, https:\/\/flotta.noblogs.org\/files\/2025\/07\/noborderlastforever-1448x2048.png 1448w\" sizes=\"auto, (max-width: 767px) 89vw, (max-width: 1000px) 54vw, (max-width: 1071px) 543px, 580px\" \/><button\n\t\t\tclass=\"lightbox-trigger\"\n\t\t\ttype=\"button\"\n\t\t\taria-haspopup=\"dialog\"\n\t\t\taria-label=\"Agrandir\"\n\t\t\tdata-wp-init=\"callbacks.initTriggerButton\"\n\t\t\tdata-wp-on--click=\"actions.showLightbox\"\n\t\t\tdata-wp-style--right=\"state.imageButtonRight\"\n\t\t\tdata-wp-style--top=\"state.imageButtonTop\"\n\t\t>\n\t\t\t<svg xmlns=\"http:\/\/www.w3.org\/2000\/svg\" width=\"12\" height=\"12\" fill=\"none\" viewBox=\"0 0 12 12\">\n\t\t\t\t<path fill=\"#fff\" d=\"M2 0a2 2 0 0 0-2 2v2h1.5V2a.5.5 0 0 1 .5-.5h2V0H2Zm2 10.5H2a.5.5 0 0 1-.5-.5V8H0v2a2 2 0 0 0 2 2h2v-1.5ZM8 12v-1.5h2a.5.5 0 0 0 .5-.5V8H12v2a2 2 0 0 1-2 2H8Zm2-12a2 2 0 0 1 2 2v2h-1.5V2a.5.5 0 0 0-.5-.5H8V0h2Z\" \/>\n\t\t\t<\/svg>\n\t\t<\/button><\/figure>\n\n\n\n<p class=\"has-text-align-center has-text-color has-link-color wp-elements-80b4195a26bbe9e5efe2938618cf35bf\" style=\"color:#e31c79\"><strong>WatchTheMed Alarm Phone<\/strong><\/p>\n<\/div>\n<\/div>\n\n\n\n<div style=\"height:20px\" aria-hidden=\"true\" class=\"wp-block-spacer\"><\/div>\n\n\n\n<pre class=\"wp-block-preformatted has-white-color has-text-color has-link-color has-medium-font-size wp-elements-7329a712aa382ab244651b5159e06256\">La mer M\u00e9diterran\u00e9e est l\u2019une des zones frontali\u00e8res les plus meurtri\u00e8res du monde. Demain, cette mort massive aux fronti\u00e8res sud de l\u2019UE pourrait litt\u00e9ralement entrer dans l\u2019histoire !\u00a0<strong>C\u2019est une simple d\u00e9cision politique que de donner \u00e0 tout le monde le droit d\u2019acc\u00e9der aux ferries commerciaux et de suspendre le r\u00e9gime cruel des visas de l\u2019UE.<\/strong>\u00a0Plus personne ne serait oblig\u00e9 de prendre un bateau pneumatique et de risquer sa vie pour rejoindre l\u2019Europe.<\/pre>\n\n\n\n<div style=\"height:20px\" aria-hidden=\"true\" class=\"wp-block-spacer\"><\/div>\n\n\n\n<p><\/p>\n\n\n\n<p>Cependant, la mort en mer fait partie d\u2019une politique de dissuasion inhumaine de l\u2019UE. Frontex, l\u2019agence europ\u00e9enne des fronti\u00e8res, avec ses avions et ses drones, collabore quotidiennement avec les soi-disant garde-c\u00f4tes libyens pour organiser des refoulements . Frontex est responsable, et pas seulement en M\u00e9diterran\u00e9e centrale, de crimes continus commis \u00e0 la fronti\u00e8re par des \u00c9tats. Frontex est \u00e9galement de plus en plus impliqu\u00e9e dans des expulsions par vols charters. Cette agence doit \u00eatre abolie. Notre slogan est donc \u00ab Ferries, pas Frontex ! \u00bb.<\/p>\n\n\n\n<h2 class=\"wp-block-heading\">Qui sommes-nous et que faisons-nous ?<\/h2>\n\n\n\n<figure class=\"wp-block-image size-large\"><img loading=\"lazy\" decoding=\"async\" width=\"1024\" height=\"219\" src=\"https:\/\/flotta.noblogs.org\/files\/2025\/08\/fnf_banner_reling_left90x420_rgb_finaaaal.1200x257-1024x219.jpg\" alt=\"\" class=\"wp-image-3253\" srcset=\"https:\/\/flotta.noblogs.org\/files\/2025\/08\/fnf_banner_reling_left90x420_rgb_finaaaal.1200x257-1024x219.jpg 1024w, https:\/\/flotta.noblogs.org\/files\/2025\/08\/fnf_banner_reling_left90x420_rgb_finaaaal.1200x257-300x64.jpg 300w, https:\/\/flotta.noblogs.org\/files\/2025\/08\/fnf_banner_reling_left90x420_rgb_finaaaal.1200x257-768x164.jpg 768w, https:\/\/flotta.noblogs.org\/files\/2025\/08\/fnf_banner_reling_left90x420_rgb_finaaaal.1200x257.jpg 1200w\" sizes=\"auto, (max-width: 767px) 89vw, (max-width: 1000px) 54vw, (max-width: 1071px) 543px, 580px\" \/><\/figure>\n\n\n\n<p>Alarm Phone est une ligne d\u2019assistance t\u00e9l\u00e9phonique auto-organis\u00e9e, fonctionnant 24 heures sur 24 et 7 jours sur 7, destin\u00e9e \u00e0 soutenir les personnes en d\u00e9placement en mer. Nous sommes un r\u00e9seau transnational comptant environ 300 membres et, au cours des dix derni\u00e8res ann\u00e9es, nous avons accompagn\u00e9 quelque 10 000 bateaux dans toute la M\u00e9diterran\u00e9e, dans l\u2019Atlantique et dans la Manche. En M\u00e9diterran\u00e9e centrale, Alarm Phone a jou\u00e9 un r\u00f4le de plus en plus central dans la coordination des sauvetages, en particulier \u00e0 partir de 2019. Au fil du temps,\u00a0<strong>une v\u00e9ritable cha\u00eene de solidarit\u00e9 s\u2019est form\u00e9e<\/strong>\u00a0entre nous au t\u00e9l\u00e9phone, les sauveteurs en mer et les avions de reconnaissance civile qui survolent la M\u00e9diterran\u00e9e \u00e0 la recherche de bateaux en d\u00e9tresse. Des centaines de bateaux ont \u00e9t\u00e9 secourus ces derni\u00e8res ann\u00e9es gr\u00e2ce \u00e0 cette coop\u00e9ration entre flottes civiles, souvent dans une \u00ab course \u00bb contre les autorit\u00e9s nationales, qui tentent d\u2019intercepter les bateaux avant qu\u2019ils n\u2019atteignent l\u2019Europe et de les renvoyer en Libye ou en Tunisie. En collaboration avec les acteurs de la flotte civile, nous nous effor\u00e7ons de veiller \u00e0 ce que les bateaux en d\u00e9tresse ne soient pas simplement secourus en mer, mais qu\u2019ils soient conduits vers un port s\u00fbr en Europe.<\/p>\n\n\n\n<h2 class=\"wp-block-heading\">La mort en mer continue, alors qu\u2019une solution serait si facile\u2026<\/h2>\n\n\n\n<p>Le slogan \u00ab Ferries not Frontex \u00bb est apparu pour la premi\u00e8re fois dans les jours qui ont suivi le 18 avril 2015. Ce jour-l\u00e0, plus de 800 hommes, femmes et enfants se sont noy\u00e9s en M\u00e9diterran\u00e9e centrale. Une semaine plus t\u00f4t, environ 400 personnes avaient perdu la vie dans une \u00ab trag\u00e9die \u00bb similaire. qmDes trag\u00e9dies ? Non !\u00a0<strong>La mort en masse \u00e9tait et reste une cons\u00e9quence directe et pr\u00e9visible du r\u00e9gime frontalier de l\u2019UE<\/strong>. L\u2019assassinat de personnes en d\u00e9placement se poursuit jusqu\u2019\u00e0 aujourd\u2019hui. Et Frontex est l\u2019un des principaux symboles de cette politique.<\/p>\n\n\n\n<p>Alors que la non-assistance ainsi que les refoulements sont une pratique permanente \u00e0 l\u2019encontre des r\u00e9fugi\u00e9s et des migrants en mer, les touristes ou toute personne disposant des documents requis peuvent facilement emprunter les m\u00eames itin\u00e9raires sans aucun probl\u00e8me et \u00e0 des prix bon march\u00e9. Par exemple : Un billet de ferry d\u2019Ayvalik (Turquie) \u00e0 Mytiline (Lesbos\/Gr\u00e8ce) co\u00fbte environ 40 euros, un billet de Tanger (Maroc) \u00e0 Tarifa (Espagne) \u00e9galement environ 40 euros, et de Tunis (Tunisie) \u00e0 Palerme (Italie) seulement 30 euros. Encore une fois, personne n\u2019irait sur des bateaux qui ne sont pas en \u00e9tat de naviguer, personne ne paierait des passeurs s\u2019il pouvait acheter un billet et voyager dans un ferry ordinaire. C\u2019est le syst\u00e8me de visas raciste qui refuse l\u2019entr\u00e9e \u00e0 une \u00e9crasante majorit\u00e9 des demandeurs, qui oblige les personnes en d\u00e9placement \u00e0 voyager diff\u00e9remment et donc \u00e0 prendre ces risques mortels.<\/p>\n\n\n\n<h2 class=\"wp-block-heading\">Vers un espace m\u00e9diterran\u00e9en ouvert !<\/h2>\n\n\n\n<p>Nous savons que s\u2019il y avait une volont\u00e9 politique, la mer ne serait plus une barri\u00e8re mortelle mais un pont, reliant les deux rives de la M\u00e9diterran\u00e9e. Cette id\u00e9e semble lointaine, si l\u2019on consid\u00e8re les r\u00e9cents d\u00e9veloppements politiques marqu\u00e9s par une mont\u00e9e du racisme et l\u2019\u00e9mergence de gouvernements d\u2019extr\u00eame droite et autoritaires. En tant qu\u2019Alarm Phone, nous suivrons la t\u00e9nacit\u00e9 des personnes en d\u00e9placement en tant que point nodal transnational d\u2019un r\u00e9seau qui sape et surmonte un syst\u00e8me raciste et exploiteur de s\u00e9gr\u00e9gation mondiale. Nous continuerons \u00e0 faire preuve de solidarit\u00e9 sur les routes et \u00e0 construire et \u00e9tendre les infrastructures n\u00e9cessaires \u00e0 la libert\u00e9 de circulation.\u00a0<\/p>\n\n\n\n<figure class=\"wp-block-pullquote\"><blockquote><p><strong><strong>Aucune fronti\u00e8re n\u2019est \u00e9ternelle. La solidarit\u00e9 gagnera.<\/strong><\/strong><\/p><\/blockquote><\/figure>\n\n\n\n<div class=\"wp-block-columns is-layout-flex wp-container-core-columns-is-layout-9d6595d7 wp-block-columns-is-layout-flex\">\n<div class=\"wp-block-column is-layout-flow wp-block-column-is-layout-flow\" style=\"flex-basis:60%\">\n<p><\/p>\n\n\n\n<figure class=\"wp-block-image size-full\"><img loading=\"lazy\" decoding=\"async\" width=\"800\" height=\"1000\" src=\"https:\/\/flotta.noblogs.org\/files\/2025\/08\/fnf1080x1350.800x1000.png\" alt=\"\" class=\"wp-image-3250\" srcset=\"https:\/\/flotta.noblogs.org\/files\/2025\/08\/fnf1080x1350.800x1000.png 800w, https:\/\/flotta.noblogs.org\/files\/2025\/08\/fnf1080x1350.800x1000-240x300.png 240w, https:\/\/flotta.noblogs.org\/files\/2025\/08\/fnf1080x1350.800x1000-768x960.png 768w\" sizes=\"auto, (max-width: 767px) 89vw, (max-width: 1000px) 54vw, (max-width: 1071px) 543px, 580px\" \/><\/figure>\n<\/div>\n\n\n\n<div class=\"wp-block-column is-layout-flow wp-block-column-is-layout-flow\" style=\"flex-basis:40%\">\n<pre class=\"wp-block-preformatted has-medium-font-size\">Website: <a href=\"http:\/\/alarmphone.org\" target=\"_blank\" rel=\"noreferrer noopener\">Alarm Phone<\/a><br>Email: <a href=\"mailto:contact@alarmphone.org\">contact@alarmphone.org<\/a><\/pre>\n<\/div>\n<\/div>\n\n\n\n<div style=\"height:30px\" aria-hidden=\"true\" class=\"wp-block-spacer\"><\/div>\n\n\n\n<div class=\"wp-block-columns is-layout-flex wp-container-core-columns-is-layout-9d6595d7 wp-block-columns-is-layout-flex\">\n<div class=\"wp-block-column is-layout-flow wp-block-column-is-layout-flow\" style=\"flex-basis:15%\"><\/div>\n\n\n\n<div class=\"wp-block-column is-layout-flow wp-block-column-is-layout-flow\" style=\"flex-basis:15%\"><\/div>\n\n\n\n<div class=\"wp-block-column is-layout-flow wp-block-column-is-layout-flow\" style=\"flex-basis:70%\">\n<div class=\"wp-block-buttons is-content-justification-right is-layout-flex wp-container-core-buttons-is-layout-765c4724 wp-block-buttons-is-layout-flex\">\n<div class=\"wp-block-button is-style-outline is-style-outline--1\"><a class=\"wp-block-button__link has-text-align-center wp-element-button\" href=\"https:\/\/flotta.noblogs.org\/fr\/campaigns\/\">CAMPAGNES<\/a><\/div>\n\n\n\n<div class=\"wp-block-button is-style-outline is-style-outline--2\"><a class=\"wp-block-button__link has-text-align-center wp-element-button\" href=\"https:\/\/flotta.noblogs.org\/fr\">HOME<\/a><\/div>\n\n\n\n<div class=\"wp-block-button is-style-outline is-style-outline--3\"><a class=\"wp-block-button__link has-text-align-center wp-element-button\" href=\"#ferries\">HAUT<\/a><\/div>\n<\/div>\n<\/div>\n<\/div>\n","protected":false},"excerpt":{"rendered":"<p>Ferries not Frontex WatchTheMed Alarm Phone La mer M\u00e9diterran\u00e9e est l\u2019une des zones frontali\u00e8res les plus meurtri\u00e8res du monde. Demain, cette mort massive aux fronti\u00e8res sud de l\u2019UE pourrait litt\u00e9ralement entrer dans l\u2019histoire !\u00a0C\u2019est une simple d\u00e9cision politique que de donner \u00e0 tout le monde le droit d\u2019acc\u00e9der aux ferries commerciaux et de suspendre le &hellip; <\/p>\n<p class=\"link-more\"><a href=\"https:\/\/flotta.noblogs.org\/fr\/ferries-not-frontex\/\" class=\"more-link\">Continuer la lecture<span class=\"screen-reader-text\"> de &laquo;&nbsp;Ferries not Frontex&nbsp;&raquo;<\/span><\/a><\/p>\n","protected":false},"author":20714,"featured_media":0,"parent":0,"menu_order":0,"comment_status":"closed","ping_status":"closed","template":"","meta":{"_locale":"fr_FR","_original_post":"https:\/\/flotta.noblogs.org\/?page_id=963","footnotes":""},"class_list":["post-1002","page","type-page","status-publish","hentry","fr-FR"],"_links":{"self":[{"href":"https:\/\/flotta.noblogs.org\/wp-json\/wp\/v2\/pages\/1002","targetHints":{"allow":["GET"]}}],"collection":[{"href":"https:\/\/flotta.noblogs.org\/wp-json\/wp\/v2\/pages"}],"about":[{"href":"https:\/\/flotta.noblogs.org\/wp-json\/wp\/v2\/types\/page"}],"author":[{"embeddable":true,"href":"https:\/\/flotta.noblogs.org\/wp-json\/wp\/v2\/users\/20714"}],"replies":[{"embeddable":true,"href":"https:\/\/flotta.noblogs.org\/wp-json\/wp\/v2\/comments?post=1002"}],"version-history":[{"count":6,"href":"https:\/\/flotta.noblogs.org\/wp-json\/wp\/v2\/pages\/1002\/revisions"}],"predecessor-version":[{"id":3687,"href":"https:\/\/flotta.noblogs.org\/wp-json\/wp\/v2\/pages\/1002\/revisions\/3687"}],"wp:attachment":[{"href":"https:\/\/flotta.noblogs.org\/wp-json\/wp\/v2\/media?parent=1002"}],"curies":[{"name":"wp","href":"https:\/\/api.w.org\/{rel}","templated":true}]}}