{"id":1077,"date":"2025-07-07T12:10:22","date_gmt":"2025-07-07T10:10:22","guid":{"rendered":"https:\/\/flotta.noblogs.org\/?page_id=1077"},"modified":"2025-07-07T12:10:22","modified_gmt":"2025-07-07T10:10:22","slug":"f-a-q","status":"publish","type":"page","link":"https:\/\/flotta.noblogs.org\/de\/f-a-q\/","title":{"rendered":"F.A.Q."},"content":{"rendered":"\r\n<div class=\"wp-block-group is-vertical is-layout-flex wp-container-core-group-is-layout-8cf370e7 wp-block-group-is-layout-flex\"><details class=\"wp-block-details is-layout-flow wp-block-details-is-layout-flow\">\r\n<summary>Wie kann ich euch kontaktieren?<\/summary>\r\n\r\n<p>Schreib an: <a href=\"mailto:F_Lotta@inventati.org\">F_Lotta@inventati.org<\/a><\/p>\r\n<\/details>\r\n\r\n<details class=\"wp-block-details is-layout-flow wp-block-details-is-layout-flow\">\r\n<summary>Was ist mit dem Punkt bei &#8222;F.lotta&#8220;? Wie spreche ich das aus?<\/summary>\r\n\r\n<p>Im italienischen flotta bedeutet &#8222;Flotte&#8220; und lotta bedeutet &#8222;Kampf&#8220; <strong>Es pointiert den kompromisslosen und politischen Anspruch dieser Initiative.<\/strong> Manchma sind W\u00f6rter schon komisch, nicht? Sprich es aus wie du magst!<\/p>\r\n<\/details><\/div>\r\n\r\n\r\n<details class=\"wp-block-details is-layout-flow wp-block-details-is-layout-flow\">\r\n<summary>Ist F.lotta\u00b4s Ziel eine Such- und Rettungsoperation zu organisieren?<\/summary>\r\n\r\n<p>Nein! Wir bleiben dabei das Meer besetzen zu wollen und greifen damit dieses System an und fordern eine radikal andere Welt. <strong>F.lotta ist eine politische Aktion, keine Humanit\u00e4re.<\/strong> Gleichzeitig wird F.lotta nicht unvorbereitet in See stechen im Falle einer n\u00f6tigen Seenotrettung. F.lotta Teilnehmer:innen die in unmittelbarer N\u00e4he zu einander fahren werden gemeinsam besten Gewissens auf etwaige Notf\u00e4lle reagieren und selbstverst\u00e4ndlich Menschen auf See im Notfall unterst\u00fctzen wie es das Gesetz verlangt.<\/p>\r\n\r\n\r\n\r\n<p><img loading=\"lazy\" decoding=\"async\" class=\"alignleft size-full wp-image-689\" src=\"https:\/\/flotta.noblogs.org\/files\/2025\/06\/26-RD-e1749738556555.jpg\" alt=\"\" width=\"1000\" height=\"417\" srcset=\"https:\/\/flotta.noblogs.org\/files\/2025\/06\/26-RD-e1749738556555.jpg 1000w, https:\/\/flotta.noblogs.org\/files\/2025\/06\/26-RD-e1749738556555-300x125.jpg 300w, https:\/\/flotta.noblogs.org\/files\/2025\/06\/26-RD-e1749738556555-768x320.jpg 768w\" sizes=\"auto, (max-width: 767px) 89vw, (max-width: 1000px) 54vw, (max-width: 1071px) 543px, 580px\" \/><\/p>\r\n<\/details>\r\n\r\n<details class=\"wp-block-details is-layout-flow wp-block-details-is-layout-flow\" open=\"open\">\r\n<summary>Ich besitze ein Boot und m\u00f6chte euch unterst\u00fctzen. Wie kann ich f.lotta unterst\u00fctzen?<\/summary>\r\n\r\n<p>Mach einfach mit! <strong>Wir m\u00f6chten soviele Boote wie m\u00f6glich sein um soviel Aufmerksamkeit wie m\u00f6glich zu generieren.<\/strong> Schreib uns eine email und wir schauen gemeinsam wie wir unsere Ressourcen gemeinsam in die Dienste von f.lotta stellen k\u00f6nnen. Selbst wenn du nicht im Mittelmeer sein solltest, kontaktier uns!<\/p>\r\n\r\n\r\n<\/details>\r\n\r\n<details class=\"wp-block-details is-layout-flow wp-block-details-is-layout-flow\">\r\n<summary>Ich hab kein Boot aber m\u00f6chte euch trotzdem unterst\u00fctzen. Wie mache ich das?\u00a0<\/summary>\r\n\r\n<p>Du musst kein Boot besitzen um Teil von F.lotta zu sein. Du kannst bei den organisatorischen Strukturen mitwirken, du kannst selbt Initiative ergreifen, du kannst deine Netzwerke daf\u00fcr aktivieren! Wenn du Teil einer politischen Gruppe bist und eine eigenst\u00e4ndige Kampagne innerhalb der Plattform von F.lotta gr\u00fcnden willst, begr\u00fc\u00dfen wir das ausdr\u00fccklich. <strong>Es ist Platz f\u00fcr dich, kontaktier uns!<\/strong><\/p>\r\n<\/details><details class=\"wp-block-details\">\r\n<summary>How to stay updated?<\/summary>\r\n\r\n<p>You can follow us on our <a href=\"https:\/\/t.me\/f_lotta\">Telegram Channel<\/a> or on this website ! Some social will be soon used to relay our communications.<\/p>\r\n<\/details>\r\n\r\n\r\n<p>&nbsp;<\/p>\r\n","protected":false},"excerpt":{"rendered":"<p>&nbsp;<\/p>\n","protected":false},"author":20714,"featured_media":0,"parent":0,"menu_order":0,"comment_status":"closed","ping_status":"closed","template":"","meta":{"_locale":"de_DE","_original_post":"https:\/\/flotta.noblogs.org\/?page_id=49","footnotes":""},"class_list":["post-1077","page","type-page","status-publish","hentry","de-DE"],"_links":{"self":[{"href":"https:\/\/flotta.noblogs.org\/wp-json\/wp\/v2\/pages\/1077","targetHints":{"allow":["GET"]}}],"collection":[{"href":"https:\/\/flotta.noblogs.org\/wp-json\/wp\/v2\/pages"}],"about":[{"href":"https:\/\/flotta.noblogs.org\/wp-json\/wp\/v2\/types\/page"}],"author":[{"embeddable":true,"href":"https:\/\/flotta.noblogs.org\/wp-json\/wp\/v2\/users\/20714"}],"replies":[{"embeddable":true,"href":"https:\/\/flotta.noblogs.org\/wp-json\/wp\/v2\/comments?post=1077"}],"version-history":[{"count":2,"href":"https:\/\/flotta.noblogs.org\/wp-json\/wp\/v2\/pages\/1077\/revisions"}],"predecessor-version":[{"id":1079,"href":"https:\/\/flotta.noblogs.org\/wp-json\/wp\/v2\/pages\/1077\/revisions\/1079"}],"wp:attachment":[{"href":"https:\/\/flotta.noblogs.org\/wp-json\/wp\/v2\/media?parent=1077"}],"curies":[{"name":"wp","href":"https:\/\/api.w.org\/{rel}","templated":true}]}}