{"id":1075,"date":"2025-07-07T12:04:24","date_gmt":"2025-07-07T10:04:24","guid":{"rendered":"https:\/\/flotta.noblogs.org\/?page_id=1075"},"modified":"2025-07-07T12:04:24","modified_gmt":"2025-07-07T10:04:24","slug":"campaigns","status":"publish","type":"page","link":"https:\/\/flotta.noblogs.org\/de\/campaigns\/","title":{"rendered":"Kampagnen"},"content":{"rendered":"\r\n<h3 class=\"wp-block-heading\"><strong>Jedes Boot ist die Flaggentr\u00e4ger:in f\u00fcr eine spezifische mit anderen verkn\u00fcpfte politische Kampagne innerhalb der gr\u00f6\u00dferen gemeinsamen Forderung nach einer Bewegungsfreiheit f\u00fcr Alle.<\/strong><\/h3>\r\n\r\n\r\n\r\n<p>Die Kampagne ist strukturiert bei verschiedenen Gruppen an Land die F.lotta unterst\u00fctzen. Alle Kampagnen gemeinsam unterst\u00fctzen das F.LOTTA Manifest.<\/p>\r\n\r\n\r\n\r\n<h4 class=\"wp-block-heading\"><img loading=\"lazy\" decoding=\"async\" class=\"alignleft  wp-image-568\" src=\"https:\/\/flotta.noblogs.org\/files\/2025\/06\/manon_boat_empty-248x300.png\" alt=\"\" width=\"162\" height=\"196\" srcset=\"https:\/\/flotta.noblogs.org\/files\/2025\/06\/manon_boat_empty-248x300.png 248w, https:\/\/flotta.noblogs.org\/files\/2025\/06\/manon_boat_empty-846x1024.png 846w, https:\/\/flotta.noblogs.org\/files\/2025\/06\/manon_boat_empty-768x930.png 768w, https:\/\/flotta.noblogs.org\/files\/2025\/06\/manon_boat_empty-1269x1536.png 1269w, https:\/\/flotta.noblogs.org\/files\/2025\/06\/manon_boat_empty-1692x2048.png 1692w, https:\/\/flotta.noblogs.org\/files\/2025\/06\/manon_boat_empty.png 1859w\" sizes=\"auto, (max-width: 162px) 100vw, 162px\" \/><\/h4>\r\n\r\n\r\n\r\n\r\n\r\n<p style=\"text-align: right\"><a href=\"https:\/\/flotta.noblogs.org\/it\/italia-libia-memorandum-d-intesa\/\"><strong>Campagna contro il prolungamento del Memorandum <\/strong><strong>d\u2019intesa Italia-Libia<\/strong><\/a><\/p>\r\n<p style=\"text-align: right\">Organizzata da <a href=\"https:\/\/www.refugeesinlibya.org\/\">Refugees in Lybia<\/a><\/p>\r\n\r\n\r\n\r\n<p>&nbsp;<\/p>\r\n<p>&nbsp;<\/p>\r\n<p><img loading=\"lazy\" decoding=\"async\" class=\"wp-image-568 alignright\" src=\"https:\/\/flotta.noblogs.org\/files\/2025\/06\/manon_boat_empty-248x300.png\" alt=\"\" width=\"162\" height=\"196\" srcset=\"https:\/\/flotta.noblogs.org\/files\/2025\/06\/manon_boat_empty-248x300.png 248w, https:\/\/flotta.noblogs.org\/files\/2025\/06\/manon_boat_empty-846x1024.png 846w, https:\/\/flotta.noblogs.org\/files\/2025\/06\/manon_boat_empty-768x930.png 768w, https:\/\/flotta.noblogs.org\/files\/2025\/06\/manon_boat_empty-1269x1536.png 1269w, https:\/\/flotta.noblogs.org\/files\/2025\/06\/manon_boat_empty-1692x2048.png 1692w, https:\/\/flotta.noblogs.org\/files\/2025\/06\/manon_boat_empty.png 1859w\" sizes=\"auto, (max-width: 162px) 100vw, 162px\" \/><a href=\"https:\/\/flotta.noblogs.org\/it\/campagna-contro-l-estrema-destra\/\"><strong>Campagna contro l&#8217;ascesa dell&#8217;estrema destra<\/strong><\/a><br \/>Organizzata da <a href=\"https:\/\/ascm.noblogs.org\/\">Antifa Social Club Marseille<\/a><\/p>\r\n<h4 style=\"text-align: right\"><img loading=\"lazy\" decoding=\"async\" class=\"alignleft  wp-image-568\" src=\"https:\/\/flotta.noblogs.org\/files\/2025\/06\/manon_boat_empty-248x300.png\" alt=\"\" width=\"162\" height=\"196\" srcset=\"https:\/\/flotta.noblogs.org\/files\/2025\/06\/manon_boat_empty-248x300.png 248w, https:\/\/flotta.noblogs.org\/files\/2025\/06\/manon_boat_empty-846x1024.png 846w, https:\/\/flotta.noblogs.org\/files\/2025\/06\/manon_boat_empty-768x930.png 768w, https:\/\/flotta.noblogs.org\/files\/2025\/06\/manon_boat_empty-1269x1536.png 1269w, https:\/\/flotta.noblogs.org\/files\/2025\/06\/manon_boat_empty-1692x2048.png 1692w, https:\/\/flotta.noblogs.org\/files\/2025\/06\/manon_boat_empty.png 1859w\" sizes=\"auto, (max-width: 162px) 100vw, 162px\" \/><\/h4>\r\n<p style=\"text-align: right\"><a href=\"https:\/\/flotta.noblogs.org\/it\/io-capitan\/\"><strong>Io capitan@. Il vero crimine \u00e8 il confine<\/strong><\/a><br \/>Organizzata da <a href=\"https:\/\/www.seasters.it\/\">Seasters Coop<\/a><\/p>\r\n<p>&nbsp;<\/p>\r\n<p>&nbsp;<\/p>\r\n<p><img loading=\"lazy\" decoding=\"async\" class=\" wp-image-568 alignright\" src=\"https:\/\/flotta.noblogs.org\/files\/2025\/06\/manon_boat_empty-248x300.png\" alt=\"\" width=\"162\" height=\"196\" srcset=\"https:\/\/flotta.noblogs.org\/files\/2025\/06\/manon_boat_empty-248x300.png 248w, https:\/\/flotta.noblogs.org\/files\/2025\/06\/manon_boat_empty-846x1024.png 846w, https:\/\/flotta.noblogs.org\/files\/2025\/06\/manon_boat_empty-768x930.png 768w, https:\/\/flotta.noblogs.org\/files\/2025\/06\/manon_boat_empty-1269x1536.png 1269w, https:\/\/flotta.noblogs.org\/files\/2025\/06\/manon_boat_empty-1692x2048.png 1692w, https:\/\/flotta.noblogs.org\/files\/2025\/06\/manon_boat_empty.png 1859w\" sizes=\"auto, (max-width: 162px) 100vw, 162px\" \/><\/p>\r\n<p><a href=\"https:\/\/flotta.noblogs.org\/il-rifiuto-umanitario-volontario\"><strong>Il rifiuto umanitario volontario. Una scelta che non si pu\u00f2 rifiutare<\/strong><\/a><br \/>Organizzata da: ASGI, ActionAid, A Buon Diritto, Lucha y siesta, Differenza Donna, Spazi Circolari, Le Carbet<\/p>\r\n<p>&nbsp;<\/p>\r\n<p><img loading=\"lazy\" decoding=\"async\" class=\"wp-image-568 alignleft\" src=\"https:\/\/flotta.noblogs.org\/files\/2025\/06\/manon_boat_empty-248x300.png\" alt=\"\" width=\"162\" height=\"196\" srcset=\"https:\/\/flotta.noblogs.org\/files\/2025\/06\/manon_boat_empty-248x300.png 248w, https:\/\/flotta.noblogs.org\/files\/2025\/06\/manon_boat_empty-846x1024.png 846w, https:\/\/flotta.noblogs.org\/files\/2025\/06\/manon_boat_empty-768x930.png 768w, https:\/\/flotta.noblogs.org\/files\/2025\/06\/manon_boat_empty-1269x1536.png 1269w, https:\/\/flotta.noblogs.org\/files\/2025\/06\/manon_boat_empty-1692x2048.png 1692w, https:\/\/flotta.noblogs.org\/files\/2025\/06\/manon_boat_empty.png 1859w\" sizes=\"auto, (max-width: 162px) 100vw, 162px\" \/><\/p>\r\n<p>&nbsp;<\/p>\r\n<p style=\"text-align: right\"><a href=\"https:\/\/flotta.noblogs.org\/it\/ferries-not-frontex\/\"><strong>Ferries not Frontex<\/strong><\/a><br \/>Organized by\u00a0WatchTheMed Alarm Phone<\/p>\r\n","protected":false},"excerpt":{"rendered":"<p>Jedes Boot ist die Flaggentr\u00e4ger:in f\u00fcr eine spezifische mit anderen verkn\u00fcpfte politische Kampagne innerhalb der gr\u00f6\u00dferen gemeinsamen Forderung nach einer Bewegungsfreiheit f\u00fcr Alle. Die Kampagne ist strukturiert bei verschiedenen Gruppen an Land die F.lotta unterst\u00fctzen. Alle Kampagnen gemeinsam unterst\u00fctzen das F.LOTTA Manifest. Campagna contro il prolungamento del Memorandum d\u2019intesa Italia-Libia Organizzata da Refugees in Lybia &hellip; <\/p>\n<p class=\"link-more\"><a href=\"https:\/\/flotta.noblogs.org\/de\/campaigns\/\" class=\"more-link\"><span class=\"screen-reader-text\">\u201eKampagnen\u201c <\/span>weiterlesen<\/a><\/p>\n","protected":false},"author":20714,"featured_media":0,"parent":0,"menu_order":0,"comment_status":"closed","ping_status":"closed","template":"","meta":{"_locale":"de_DE","_original_post":"https:\/\/flotta.noblogs.org\/?page_id=446","footnotes":""},"class_list":["post-1075","page","type-page","status-publish","hentry","de-DE"],"_links":{"self":[{"href":"https:\/\/flotta.noblogs.org\/wp-json\/wp\/v2\/pages\/1075","targetHints":{"allow":["GET"]}}],"collection":[{"href":"https:\/\/flotta.noblogs.org\/wp-json\/wp\/v2\/pages"}],"about":[{"href":"https:\/\/flotta.noblogs.org\/wp-json\/wp\/v2\/types\/page"}],"author":[{"embeddable":true,"href":"https:\/\/flotta.noblogs.org\/wp-json\/wp\/v2\/users\/20714"}],"replies":[{"embeddable":true,"href":"https:\/\/flotta.noblogs.org\/wp-json\/wp\/v2\/comments?post=1075"}],"version-history":[{"count":1,"href":"https:\/\/flotta.noblogs.org\/wp-json\/wp\/v2\/pages\/1075\/revisions"}],"predecessor-version":[{"id":1076,"href":"https:\/\/flotta.noblogs.org\/wp-json\/wp\/v2\/pages\/1075\/revisions\/1076"}],"wp:attachment":[{"href":"https:\/\/flotta.noblogs.org\/wp-json\/wp\/v2\/media?parent=1075"}],"curies":[{"name":"wp","href":"https:\/\/api.w.org\/{rel}","templated":true}]}}