{"id":1073,"date":"2025-07-07T12:02:45","date_gmt":"2025-07-07T10:02:45","guid":{"rendered":"https:\/\/flotta.noblogs.org\/?page_id=1073"},"modified":"2025-07-07T12:02:45","modified_gmt":"2025-07-07T10:02:45","slug":"the-action","status":"publish","type":"page","link":"https:\/\/flotta.noblogs.org\/de\/the-action\/","title":{"rendered":"Die Aktion"},"content":{"rendered":"\r\n<h2 class=\"wp-block-heading\"><strong>Um was geht es bei F.LOTTA?<\/strong><\/h2>\r\n<p>Ein Protest, ein Marsch, eine Besetzung: Wir sind viele und jede:r einzelne Boot steht f\u00fcr etwas bestimmtes.<\/p>\r\n<p>Die zentrale Idee ist sich mit der <strong>gr\u00f6\u00dftm\u00f6glichen Anzahl an Booten zu treffen und die Grenzen im S\u00fcden der Festung Europa zu durchdringen.<\/strong><\/p>\r\n<p>Nach dem Treffen zu beginn im S\u00fcden von Lampedusa werden die F.LOTTA Boote am ersten Tag weiter Richtung S\u00fcden segeln. Die Boote werden dann Positionen beziehen, solidarische eine kette bilden und koordiniert nach einem Schema Ausschau nach Menschen in Seenot halten. Am Ende wird F.LOTTA wieder retour nach Norden segeln um sich nochmal gemeinsam zu treffen und zu gedenken.<\/p>\r\n<p>Das Ziel ist die gr\u00f6\u00dftm\u00f6gliche Anzahl an Booten zu versammeln um es eine Gro\u00dfveranstaltung werden zu lassen.\u00a0<\/p>\r\n<p>Es soll Antworten auf die praktische wie auch politischen Fragen liefern: Wir m\u00fcssen Viele sein um die enorme Gr\u00f6\u00dfe des Meeres zu besetzen und um Aufmerksamkeit zu erregen. Au\u00dferdem m\u00f6chten wir mit der Aktion durch die unterschiedlichen politischen Ausrichtungen der Boote verschiedene politische Visionen artikulieren und zum Ausdruck bringen.<\/p>\r\n<p>Die zentrale Forderung f\u00fcr die F.LOTTA steht ist jene der Bewegungsfreiheit f\u00fcr alle. Au\u00dferdem wird jedes Boot ein Fahnentr\u00e4ger sein um auf die verschiedenen aber mit einander verbundene politische Forderungen hinzuweisen.\u00a0<\/p>\r\n<p>Alle Kampagnen der einzelnen Boote gemeinsam sind die Basis f\u00fcr F.LOTTA. <strong>Diese Kampagne m\u00f6chte radikale und abwegige Ideen wieder zum Vorschein bringen.<\/strong> Diese Ideen werden von vielen Gruppen an Land repr\u00e4sentiert die F.LOTTA unterst\u00fctzen.<\/p>\r\n<p>F.LOTTA Boote kommen von verschiedenen H\u00e4fen aus Italien und Europa. Ein gemeinsamer Weg der Boote zu einem Sammelpunkt soll die M\u00f6glichkeit geben sich kennen zu lernen und F.LOTTA Ideen den lokalen Situationen und den solidarischen Netzwerken anzun\u00e4hern.\u00a0<\/p>\r\n<p>&nbsp;<\/p>\r\n<h2 class=\"wp-block-heading\"><strong>Es liegt nun an dir<\/strong><\/h2>\r\n<p>Wir sind eine bunte und heterogene Zusammenkunft von Menschen<\/p>\r\n<p>Manche von uns sind Seeleute: Besitzer:innen von Booten, Segler:innen, Segelklubs oder Segelvereine, Gruppen die ein Segelboot gemeinsam besitzen. Unsere Boote m\u00fcssen in der Lage sein mehrere Tage im offenen Meer unterwegs zu sein &#8211; au\u00dfer diesem Umstand gibt es keinerlei technische Anforderungen.<\/p>\r\n<p>Manche von uns haben nichts zu tun mit dem Meer, machen bei F.LOTTA aber mit um die Logistik zu organisieren und die einzelnen politischen Kampagnen der Boote zu koordinieren.<\/p>\r\n<p>Einige von uns sind Grafikdesigner, Fotograf:innen, \u00c4rzt:innen, Studierende, Logistiker:innen, Arbeitslose, Punks, Rebellen&#8230;<\/p>\r\n<p>Einige von uns sind Poet:innen (wie du vielleicht schon bemerkt hast), andere nehmen ihr Telefon in die Hand und rufen ihre Freund:innen an weil sie ein Boot haben oder anderswie F.LOTTA unterst\u00fctzen k\u00f6nnen, oder einfach nur \u00fcber die Aktion sprechen wollen.<\/p>\r\n<p>Wir sind horizontal, basisorganisiert und spontan.<\/p>\r\n<p>&nbsp;<\/p>\r\n<figure class=\"wp-block-image size-large\"><img loading=\"lazy\" decoding=\"async\" class=\"alignnone wp-image-339 size-full\" src=\"https:\/\/flotta.noblogs.org\/files\/2025\/06\/499852433_ActionBolloreBretagne.jpg\" alt=\"\" width=\"1600\" height=\"1070\" srcset=\"https:\/\/flotta.noblogs.org\/files\/2025\/06\/499852433_ActionBolloreBretagne.jpg 1600w, https:\/\/flotta.noblogs.org\/files\/2025\/06\/499852433_ActionBolloreBretagne-300x201.jpg 300w, https:\/\/flotta.noblogs.org\/files\/2025\/06\/499852433_ActionBolloreBretagne-1024x685.jpg 1024w, https:\/\/flotta.noblogs.org\/files\/2025\/06\/499852433_ActionBolloreBretagne-768x514.jpg 768w, https:\/\/flotta.noblogs.org\/files\/2025\/06\/499852433_ActionBolloreBretagne-1536x1027.jpg 1536w\" sizes=\"auto, (max-width: 767px) 89vw, (max-width: 1000px) 54vw, (max-width: 1071px) 543px, 580px\" \/><\/figure>\r\n<p>Falls du uns fragst wir &#8222;F.LOTTA&#8220; eigentlich ausgesprochen wird k\u00f6nnen wir es dir nicht sagen weil es an jedem Individuum liegt wie es das m\u00f6chte.\u00a0Wenn du mitmachen m\u00f6chtest wird es einen Platz f\u00fcr dich geben.<\/p>\r\n<p>Betrachte dies als eine Einladung, eine Herausforderung. Wir versuchen der Festung Europa zu wiederstehen und besetzen das Mittelmeer, umreissen eine andere politische Zukunft wobei unser Erfolg von der Anzahl der teilnehmenden Boot und Menschen gemessen wird. Du kannst uns via Email erreichen.<\/p>\r\n<h2><strong>Magst du bei uns mitmachen?<\/strong><\/h2>\r\n<p>&nbsp;<\/p>\r\n<figure class=\"wp-block-image size-large\"><\/figure>\r\n","protected":false},"excerpt":{"rendered":"<p>Um was geht es bei F.LOTTA? Ein Protest, ein Marsch, eine Besetzung: Wir sind viele und jede:r einzelne Boot steht f\u00fcr etwas bestimmtes. Die zentrale Idee ist sich mit der gr\u00f6\u00dftm\u00f6glichen Anzahl an Booten zu treffen und die Grenzen im S\u00fcden der Festung Europa zu durchdringen. Nach dem Treffen zu beginn im S\u00fcden von Lampedusa &hellip; <\/p>\n<p class=\"link-more\"><a href=\"https:\/\/flotta.noblogs.org\/de\/the-action\/\" class=\"more-link\"><span class=\"screen-reader-text\">\u201eDie Aktion\u201c <\/span>weiterlesen<\/a><\/p>\n","protected":false},"author":20714,"featured_media":0,"parent":0,"menu_order":0,"comment_status":"closed","ping_status":"closed","template":"","meta":{"_locale":"de_DE","_original_post":"https:\/\/flotta.noblogs.org\/?page_id=101","footnotes":""},"class_list":["post-1073","page","type-page","status-publish","hentry","de-DE"],"_links":{"self":[{"href":"https:\/\/flotta.noblogs.org\/wp-json\/wp\/v2\/pages\/1073","targetHints":{"allow":["GET"]}}],"collection":[{"href":"https:\/\/flotta.noblogs.org\/wp-json\/wp\/v2\/pages"}],"about":[{"href":"https:\/\/flotta.noblogs.org\/wp-json\/wp\/v2\/types\/page"}],"author":[{"embeddable":true,"href":"https:\/\/flotta.noblogs.org\/wp-json\/wp\/v2\/users\/20714"}],"replies":[{"embeddable":true,"href":"https:\/\/flotta.noblogs.org\/wp-json\/wp\/v2\/comments?post=1073"}],"version-history":[{"count":1,"href":"https:\/\/flotta.noblogs.org\/wp-json\/wp\/v2\/pages\/1073\/revisions"}],"predecessor-version":[{"id":1074,"href":"https:\/\/flotta.noblogs.org\/wp-json\/wp\/v2\/pages\/1073\/revisions\/1074"}],"wp:attachment":[{"href":"https:\/\/flotta.noblogs.org\/wp-json\/wp\/v2\/media?parent=1073"}],"curies":[{"name":"wp","href":"https:\/\/api.w.org\/{rel}","templated":true}]}}