{"id":1070,"date":"2025-07-07T12:00:26","date_gmt":"2025-07-07T10:00:26","guid":{"rendered":"https:\/\/flotta.noblogs.org\/?page_id=1070"},"modified":"2025-07-07T12:00:26","modified_gmt":"2025-07-07T10:00:26","slug":"who-we-are","status":"publish","type":"page","link":"https:\/\/flotta.noblogs.org\/de\/who-we-are\/","title":{"rendered":"Wer wir sind"},"content":{"rendered":"<h2><strong>Sie machen es als w\u00fcrde es normal aussehen<\/strong><\/h2>\r\n<p>Mauer um Mauer, Abschiebung um Abschiebung, die Festung Europa war noch nie so t\u00f6dlich f\u00fcr Menschen die nach Europa kommen wollen. Das Grenzregime ist verantwortlich f\u00fcr unglaublich viel Leid und Gewalt welches zum Tod von vielen Menschen f\u00fchrt.\u00a0<\/p>\r\n<p>Die Basis dieser verschwenderisch teuren Infrastruktur sind brutale \u00dcberwachungsma\u00dfnahmen an jeder Grenze: Von der EU gespendete Schnellboote in Lybien, Drohnen um Menschen besser durch W\u00e4lder jagen zu k\u00f6nnen, Scanner, Soundkanonen, Z\u00e4une, W\u00e4nde, eine Armee and Polizist:innen und anderes milit\u00e4risches Equipment. Das Grenzsystem geht allerdings dar\u00fcber hinaus. <strong>Es findet ihre Wege in unsere Gedanken, unsere K\u00f6pfe und unsere Herzen<\/strong> und wird somit unsichtbar: Reisep\u00e4sse, Papiere und Visa schaffen die Rahmenbedingungen f\u00fcr Abschiebungen, Pushbacks, Lager an den EU-Aussengrenzen und Grenzkontrollen innerhalb der EU. Die Liste die uns t\u00e4glich w\u00fctender macht wird l\u00e4nger und l\u00e4nger.<\/p>\r\n<p>Die Auswirkungen dieses Grenzregimes sind an den Staatsgrenzen sichtbar und im Mittelmeer dramatisch sp\u00fcrbar. Ein wichtiger Weg f\u00fcr die Migration ist schon seit langem zu einem Friedhof geworden. Der Einsatz Menschen in Seenot zu retten wird versucht zu blockieren und zu kriminalisieren. Das lybische Milit\u00e4r ist bewaffnet und nennt sich &#8222;K\u00fcstenwache&#8220; obwohl es sich in keinster Weise an Seenotrettungen beteiligt, ganz im Gegenteil. <strong>Die Normalisierung dieses Zustands hat dazu gef\u00fchrt das j\u00e4hrlich die Toten im Mittelmeer in die Tausende gehen und zu Nummern werden.<\/strong><\/p>\r\n<p>Sie wollen uns glauben machen dies sei der einzig m\u00f6gliche, einzig realistische und seri\u00f6se Weg und alles andere sei gef\u00e4hrlich und utopisch. Gef\u00e4hrlich f\u00fcr wen? K\u00f6nnten wir fragen. <strong>Wir<\/strong> weisen die Idee zur\u00fcck das die Welt in der wir derzeit leben &#8222;Normal&#8220; sei und <strong>wollen eine andere politische Zukunft umreissen um das Jetzt bereits zu \u00e4ndern.<\/strong><\/p>\r\n<p>&nbsp;<\/p>\r\n<h2><strong>Wir suchen nach Beispielen<\/strong><\/h2>\r\n<p>Wir kommen nicht umhin uns an September 2015 zu erinnern als die Menschen uns gezeigt haben wie Grenzen \u00fcberwunden werden und somit das theoretische Konzept von Bewegungsfreiheit zur Praxis wird. Ihr langer &#8222;March of Hope&#8220; von den geschlossenen Grenzen in Ungarn \u00fcber Autobahnen haben die strukturell rassistischen europ\u00e4ischen Staaten dazu gezwungen ihre Grenzen f\u00fcr sie zu \u00f6ffnen. Diese Menschen haben uns gezeigt das kollektive und koordinierte direkte Aktionen den Kreislauf der Gewalt durchbrechen k\u00f6nnen.<\/p>\r\n<p>Diese Ereignisse liegen nun 10 Jahre zur\u00fcck. <strong>Das Jubil\u00e4um soll nicht vor\u00fcbergehen ohne lautstark darauf aufmerksam zu machen.<\/strong><\/p>\r\n<p>&nbsp;<\/p>\r\n<p><img loading=\"lazy\" decoding=\"async\" class=\"alignleft wp-image-664\" src=\"https:\/\/flotta.noblogs.org\/files\/2025\/06\/LeMonde-marcheDeLespoir.jpg\" alt=\"\" width=\"850\" height=\"530\" srcset=\"https:\/\/flotta.noblogs.org\/files\/2025\/06\/LeMonde-marcheDeLespoir.jpg 1000w, https:\/\/flotta.noblogs.org\/files\/2025\/06\/LeMonde-marcheDeLespoir-300x187.jpg 300w, https:\/\/flotta.noblogs.org\/files\/2025\/06\/LeMonde-marcheDeLespoir-768x479.jpg 768w\" sizes=\"auto, (max-width: 767px) 89vw, (max-width: 1000px) 54vw, (max-width: 1071px) 543px, 580px\" \/><\/p>\r\n<p>Photo \u00a9LeMonde<\/p>\r\n<!-- \/wp:post-content -->\r\n\r\n<!-- wp:paragraph -->\r\n<h2><strong>Wof\u00fcr wir stehen<\/strong><\/h2>\r\n<p>F.LOTTA hat zwei zentrale Anliegen. Beim ersten geht es um da Mittelmeer, es geht darum das sich sofort etwas \u00e4ndern muss. Das zweite Anliegen von F.LOTTA ist es einen radikalen Gegenentwurf zum Bestehenden zu entwerfen um M\u00f6glichkeiten und Alternativen aufzuzeigen.<\/p>\r\n<p>Die Festung Europa hat es geschafft die Seenotrettungs-Initiativen im Mittelmeer derartig zu disziplinieren das sie in einem sehr schmalen m\u00f6glichen Bet\u00e4tigungsfeld gefangen sind und das obwohl noch t\u00e4glich Menschen ertrinken. Die Organisationen sind einer rigiden \u00dcberwachung der Obrigkeit ausgeliefert anstatt das sie von ihnen unterst\u00fctzt werden. Sie werden von Ihnen schikaniert durch die Zuweisung nach erfolgreichen Rettungen zu weit entfernten H\u00e4fen. Sie \u00fcberziehen die Seenotretter:innen mit Strafen, Haft und mehr. Die Bestrebungen der Festung Europa haben dazu gef\u00fchrt das im Mittelmeer die Seenotrettung mit dem lybischen Milit\u00e4r konkurrieren muss welche Menschen auf der Flucht jagen. <strong>F.LOTTA besetzt diesen Ort, re-politisiert das Mittelmeer und bek\u00e4mpft dadurch die Praxis der Festung Europa.<\/strong><\/p>\r\n<p>Es geht nicht nur ums Mittelmeer. Wir wissen das \u00fcberall Menschen unter dem Grenzregime leiden und sterben. Die Grenzen innerhalb der EU-Staaten wurden an die Au\u00dfengrenzen verschoben. <strong>Wir sehen das die W\u00e4nde der Festung Europa nochmals h\u00f6her gezogen wurden, ausgestattet mit Stacheldraht, Zement und einem kapitalistischen, patriarchalen, rassistischen und kolonialem System.<\/strong> Wir wissen das ein Kampf um Bewegungsfreiheit gemeinsam mit anderen K\u00e4mpfen gef\u00fchrt werden muss. Unser Ziel ist es diese W\u00e4nden zum Sturz zu bringen, Ziegelstein f\u00fcr Ziegelstein mit dem Blick auf eine radikal andere Zukunft. <strong>In einer Welt die uns die Kehlen zuschn\u00fcren wollen wir wieder frei Atmen k\u00f6nnen.<\/strong><\/p>\r\n<p>&nbsp;<\/p>","protected":false},"excerpt":{"rendered":"<p>Sie machen es als w\u00fcrde es normal aussehen Mauer um Mauer, Abschiebung um Abschiebung, die Festung Europa war noch nie so t\u00f6dlich f\u00fcr Menschen die nach Europa kommen wollen. Das Grenzregime ist verantwortlich f\u00fcr unglaublich viel Leid und Gewalt welches zum Tod von vielen Menschen f\u00fchrt.\u00a0 Die Basis dieser verschwenderisch teuren Infrastruktur sind brutale \u00dcberwachungsma\u00dfnahmen &hellip; <\/p>\n<p class=\"link-more\"><a href=\"https:\/\/flotta.noblogs.org\/de\/who-we-are\/\" class=\"more-link\"><span class=\"screen-reader-text\">\u201eWer wir sind\u201c <\/span>weiterlesen<\/a><\/p>\n","protected":false},"author":20714,"featured_media":0,"parent":0,"menu_order":0,"comment_status":"closed","ping_status":"closed","template":"","meta":{"_locale":"de_DE","_original_post":"https:\/\/flotta.noblogs.org\/?page_id=95","footnotes":""},"class_list":["post-1070","page","type-page","status-publish","hentry","de-DE"],"_links":{"self":[{"href":"https:\/\/flotta.noblogs.org\/wp-json\/wp\/v2\/pages\/1070","targetHints":{"allow":["GET"]}}],"collection":[{"href":"https:\/\/flotta.noblogs.org\/wp-json\/wp\/v2\/pages"}],"about":[{"href":"https:\/\/flotta.noblogs.org\/wp-json\/wp\/v2\/types\/page"}],"author":[{"embeddable":true,"href":"https:\/\/flotta.noblogs.org\/wp-json\/wp\/v2\/users\/20714"}],"replies":[{"embeddable":true,"href":"https:\/\/flotta.noblogs.org\/wp-json\/wp\/v2\/comments?post=1070"}],"version-history":[{"count":2,"href":"https:\/\/flotta.noblogs.org\/wp-json\/wp\/v2\/pages\/1070\/revisions"}],"predecessor-version":[{"id":1072,"href":"https:\/\/flotta.noblogs.org\/wp-json\/wp\/v2\/pages\/1070\/revisions\/1072"}],"wp:attachment":[{"href":"https:\/\/flotta.noblogs.org\/wp-json\/wp\/v2\/media?parent=1070"}],"curies":[{"name":"wp","href":"https:\/\/api.w.org\/{rel}","templated":true}]}}