{"id":1065,"date":"2025-07-07T11:53:50","date_gmt":"2025-07-07T09:53:50","guid":{"rendered":"https:\/\/flotta.noblogs.org\/?page_id=1065"},"modified":"2025-07-07T11:55:50","modified_gmt":"2025-07-07T09:55:50","slug":"11-2","status":"publish","type":"page","link":"https:\/\/flotta.noblogs.org\/","title":{"rendered":"F.LOTTA"},"content":{"rendered":"<h2><strong>Wir k\u00e4mpfen f\u00fcr die bedingungslose Bleibe- und Bewegungsfreiheit!<\/strong><\/h2>\n<h3>Das zentrale Mittelmeer ist eine Autobahn f\u00fcr Waffen &amp; Waren geworden, aber gleichzeitig ein Friedhof f\u00fcr Menschen. Der Grund ist <strong>die Festung Europa: ein rassistisches, kapitalistisches und neo-koloniales Projekt.<\/strong><\/h3>\n<h3>Wir sind gegen eine Politik des Hasses und der Ausgrenzung, wir sind gegen die Normalisierung dieses Zustands. <strong>Wir wissen das eine andere Welt m\u00f6glich ist.<\/strong><\/h3>\n<h2><strong>Mitte September 2025 planen wir eine massive Besetzung des Meeres s\u00fcdlich von Lampedusa.<\/strong><\/h2>\n<h3>Wir sind eine unabh\u00e4ngige, horizontal-organisierte Bewegung<\/h3>\n<h2><strong>Wir sind F.LOTTA<\/strong><\/h2>\n","protected":false},"excerpt":{"rendered":"<p>Wir k\u00e4mpfen f\u00fcr die bedingungslose Bleibe- und Bewegungsfreiheit! Das zentrale Mittelmeer ist eine Autobahn f\u00fcr Waffen &amp; Waren geworden, aber gleichzeitig ein Friedhof f\u00fcr Menschen. Der Grund ist die Festung Europa: ein rassistisches, kapitalistisches und neo-koloniales Projekt. Wir sind gegen eine Politik des Hasses und der Ausgrenzung, wir sind gegen die Normalisierung dieses Zustands. Wir &hellip; <\/p>\n<p class=\"link-more\"><a href=\"https:\/\/flotta.noblogs.org\/\" class=\"more-link\"><span class=\"screen-reader-text\">\u201eF.LOTTA\u201c <\/span>weiterlesen<\/a><\/p>\n","protected":false},"author":20714,"featured_media":0,"parent":0,"menu_order":0,"comment_status":"closed","ping_status":"closed","template":"","meta":{"_locale":"de_DE","_original_post":"https:\/\/flotta.noblogs.org\/?page_id=11","footnotes":""},"class_list":["post-1065","page","type-page","status-publish","hentry","de-DE"],"_links":{"self":[{"href":"https:\/\/flotta.noblogs.org\/wp-json\/wp\/v2\/pages\/1065","targetHints":{"allow":["GET"]}}],"collection":[{"href":"https:\/\/flotta.noblogs.org\/wp-json\/wp\/v2\/pages"}],"about":[{"href":"https:\/\/flotta.noblogs.org\/wp-json\/wp\/v2\/types\/page"}],"author":[{"embeddable":true,"href":"https:\/\/flotta.noblogs.org\/wp-json\/wp\/v2\/users\/20714"}],"replies":[{"embeddable":true,"href":"https:\/\/flotta.noblogs.org\/wp-json\/wp\/v2\/comments?post=1065"}],"version-history":[{"count":4,"href":"https:\/\/flotta.noblogs.org\/wp-json\/wp\/v2\/pages\/1065\/revisions"}],"predecessor-version":[{"id":1069,"href":"https:\/\/flotta.noblogs.org\/wp-json\/wp\/v2\/pages\/1065\/revisions\/1069"}],"wp:attachment":[{"href":"https:\/\/flotta.noblogs.org\/wp-json\/wp\/v2\/media?parent=1065"}],"curies":[{"name":"wp","href":"https:\/\/api.w.org\/{rel}","templated":true}]}}